{"id":10864,"date":"2025-10-01T12:44:52","date_gmt":"2025-10-01T10:44:52","guid":{"rendered":"https:\/\/ringstedmaskinfabrik.dk\/blechbearbeitung\/"},"modified":"2025-11-14T10:53:05","modified_gmt":"2025-11-14T09:53:05","slug":"blechbearbeitung","status":"publish","type":"page","link":"https:\/\/ringstedmaskinfabrik.dk\/de\/leistungsuebersicht\/blechbearbeitung\/","title":{"rendered":"Blechbearbeitung"},"content":{"rendered":"\t\t<div data-elementor-type=\"wp-page\" data-elementor-id=\"10864\" class=\"elementor elementor-10864 elementor-10094\" data-elementor-post-type=\"page\">\n\t\t\t\t<div class=\"elementor-element elementor-element-a6190f2 e-flex e-con-boxed e-con e-parent\" data-id=\"a6190f2\" data-element_type=\"container\" data-settings=\"{&quot;background_background&quot;:&quot;classic&quot;}\">\n\t\t\t\t\t<div class=\"e-con-inner\">\n\t\t\t\t\t<\/div>\n\t\t\t\t<\/div>\n\t\t<div class=\"elementor-element elementor-element-9544f17 e-flex e-con-boxed e-con e-parent\" data-id=\"9544f17\" data-element_type=\"container\">\n\t\t\t\t\t<div class=\"e-con-inner\">\n\t\t<div class=\"elementor-element elementor-element-81cf473 e-con-full e-flex e-con e-child\" data-id=\"81cf473\" data-element_type=\"container\" data-settings=\"{&quot;background_background&quot;:&quot;classic&quot;}\">\n\t\t<div class=\"elementor-element elementor-element-ead54ff e-con-full e-flex e-con e-child\" data-id=\"ead54ff\" data-element_type=\"container\">\n\t\t\t\t<div class=\"elementor-element elementor-element-e77fc71 elementor-widget elementor-widget-heading\" data-id=\"e77fc71\" data-element_type=\"widget\" data-widget_type=\"heading.default\">\n\t\t\t\t<div class=\"elementor-widget-container\">\n\t\t\t\t\t<h2 class=\"elementor-heading-title elementor-size-default\">Blechbearbeitung<\/h2>\t\t\t\t<\/div>\n\t\t\t\t<\/div>\n\t\t\t\t<div class=\"elementor-element elementor-element-53016a1 elementor-widget elementor-widget-text-editor\" data-id=\"53016a1\" data-element_type=\"widget\" data-widget_type=\"text-editor.default\">\n\t\t\t\t<div class=\"elementor-widget-container\">\n\t\t\t\t\t\t\t\t\t<ul>\n<li>\u200bWir k\u00f6nnen Kanten, Schneiden, Stanzen u. a. anbieten<\/li>\n<li>\u200bAlles in sowohl kleinen als auch gro\u00dfen Serien<\/li>\n<li>Au\u00dferdem Schwei\u00dfen im TIG-MIG-MAG-Verfahren von Eisen und Edelstahl<\/li>\n<li>Alles wird mit gro\u00dfer Kompetenz und Sorgfalt ausgef\u00fchrt\u200b<\/li>\n<\/ul>\n\t\t\t\t\t\t\t\t<\/div>\n\t\t\t\t<\/div>\n\t\t\t\t<div class=\"elementor-element elementor-element-2fb9bc2 elementor-widget elementor-widget-gallery\" data-id=\"2fb9bc2\" data-element_type=\"widget\" data-settings=\"{&quot;columns_laptop&quot;:4,&quot;columns_tablet&quot;:4,&quot;columns_mobile&quot;:2,&quot;lazyload&quot;:&quot;yes&quot;,&quot;gallery_layout&quot;:&quot;grid&quot;,&quot;columns&quot;:4,&quot;gap&quot;:{&quot;unit&quot;:&quot;px&quot;,&quot;size&quot;:10,&quot;sizes&quot;:[]},&quot;gap_laptop&quot;:{&quot;unit&quot;:&quot;px&quot;,&quot;size&quot;:10,&quot;sizes&quot;:[]},&quot;gap_tablet&quot;:{&quot;unit&quot;:&quot;px&quot;,&quot;size&quot;:10,&quot;sizes&quot;:[]},&quot;gap_mobile&quot;:{&quot;unit&quot;:&quot;px&quot;,&quot;size&quot;:10,&quot;sizes&quot;:[]},&quot;link_to&quot;:&quot;file&quot;,&quot;aspect_ratio&quot;:&quot;3:2&quot;,&quot;overlay_background&quot;:&quot;yes&quot;,&quot;content_hover_animation&quot;:&quot;fade-in&quot;}\" data-widget_type=\"gallery.default\">\n\t\t\t\t<div class=\"elementor-widget-container\">\n\t\t\t\t\t\t\t<div class=\"elementor-gallery__container\">\n\t\t\t\t\t\t\t<a class=\"e-gallery-item elementor-gallery-item elementor-animated-content\" href=\"https:\/\/ringstedmaskinfabrik.dk\/wp-content\/uploads\/2025\/10\/imgi_9_plade3_129.jpg\" data-elementor-open-lightbox=\"yes\" data-elementor-lightbox-slideshow=\"2fb9bc2\" data-e-action-hash=\"#elementor-action%3Aaction%3Dlightbox%26settings%3DeyJpZCI6MTA3MTYsInVybCI6Imh0dHBzOlwvXC9yaW5nc3RlZG1hc2tpbmZhYnJpay5ka1wvd3AtY29udGVudFwvdXBsb2Fkc1wvMjAyNVwvMTBcL2ltZ2lfOV9wbGFkZTNfMTI5LmpwZyIsInNsaWRlc2hvdyI6IjJmYjliYzIifQ%3D%3D\" data-rel=\"-image-0\" data-rl_title=\"\" data-rl_caption=\"\" title=\"\">\n\t\t\t\t\t<div class=\"e-gallery-image elementor-gallery-item__image\" data-thumbnail=\"https:\/\/ringstedmaskinfabrik.dk\/wp-content\/uploads\/2025\/10\/imgi_9_plade3_129.jpg\" data-width=\"180\" data-height=\"135\" aria-label=\"\" role=\"img\" ><\/div>\n\t\t\t\t\t\t\t\t\t\t\t<div class=\"elementor-gallery-item__overlay\"><\/div>\n\t\t\t\t\t\t\t\t\t\t\t\t\t\t<\/a>\n\t\t\t\t\t\t\t<a class=\"e-gallery-item elementor-gallery-item elementor-animated-content\" href=\"https:\/\/ringstedmaskinfabrik.dk\/wp-content\/uploads\/2025\/10\/imgi_10_plade4_132.jpg\" data-elementor-open-lightbox=\"yes\" data-elementor-lightbox-slideshow=\"2fb9bc2\" data-e-action-hash=\"#elementor-action%3Aaction%3Dlightbox%26settings%3DeyJpZCI6MTA3MTgsInVybCI6Imh0dHBzOlwvXC9yaW5nc3RlZG1hc2tpbmZhYnJpay5ka1wvd3AtY29udGVudFwvdXBsb2Fkc1wvMjAyNVwvMTBcL2ltZ2lfMTBfcGxhZGU0XzEzMi5qcGciLCJzbGlkZXNob3ciOiIyZmI5YmMyIn0%3D\" data-rel=\"-image-1\" data-rl_title=\"\" data-rl_caption=\"\" title=\"\">\n\t\t\t\t\t<div class=\"e-gallery-image elementor-gallery-item__image\" data-thumbnail=\"https:\/\/ringstedmaskinfabrik.dk\/wp-content\/uploads\/2025\/10\/imgi_10_plade4_132.jpg\" data-width=\"180\" data-height=\"135\" aria-label=\"\" role=\"img\" ><\/div>\n\t\t\t\t\t\t\t\t\t\t\t<div class=\"elementor-gallery-item__overlay\"><\/div>\n\t\t\t\t\t\t\t\t\t\t\t\t\t\t<\/a>\n\t\t\t\t\t\t\t<a class=\"e-gallery-item elementor-gallery-item elementor-animated-content\" href=\"https:\/\/ringstedmaskinfabrik.dk\/wp-content\/uploads\/2025\/10\/imgi_11_plade5_135.jpg\" data-elementor-open-lightbox=\"yes\" data-elementor-lightbox-slideshow=\"2fb9bc2\" data-e-action-hash=\"#elementor-action%3Aaction%3Dlightbox%26settings%3DeyJpZCI6MTA3MjAsInVybCI6Imh0dHBzOlwvXC9yaW5nc3RlZG1hc2tpbmZhYnJpay5ka1wvd3AtY29udGVudFwvdXBsb2Fkc1wvMjAyNVwvMTBcL2ltZ2lfMTFfcGxhZGU1XzEzNS5qcGciLCJzbGlkZXNob3ciOiIyZmI5YmMyIn0%3D\" data-rel=\"-image-2\" data-rl_title=\"\" data-rl_caption=\"\" title=\"\">\n\t\t\t\t\t<div class=\"e-gallery-image elementor-gallery-item__image\" data-thumbnail=\"https:\/\/ringstedmaskinfabrik.dk\/wp-content\/uploads\/2025\/10\/imgi_11_plade5_135.jpg\" data-width=\"180\" data-height=\"135\" aria-label=\"\" role=\"img\" ><\/div>\n\t\t\t\t\t\t\t\t\t\t\t<div class=\"elementor-gallery-item__overlay\"><\/div>\n\t\t\t\t\t\t\t\t\t\t\t\t\t\t<\/a>\n\t\t\t\t\t\t\t<a class=\"e-gallery-item elementor-gallery-item elementor-animated-content\" href=\"https:\/\/ringstedmaskinfabrik.dk\/wp-content\/uploads\/2025\/10\/imgi_12_plade6_138.jpg\" data-elementor-open-lightbox=\"yes\" data-elementor-lightbox-slideshow=\"2fb9bc2\" data-e-action-hash=\"#elementor-action%3Aaction%3Dlightbox%26settings%3DeyJpZCI6MTA3MjIsInVybCI6Imh0dHBzOlwvXC9yaW5nc3RlZG1hc2tpbmZhYnJpay5ka1wvd3AtY29udGVudFwvdXBsb2Fkc1wvMjAyNVwvMTBcL2ltZ2lfMTJfcGxhZGU2XzEzOC5qcGciLCJzbGlkZXNob3ciOiIyZmI5YmMyIn0%3D\" data-rel=\"-image-3\" data-rl_title=\"\" data-rl_caption=\"\" title=\"\">\n\t\t\t\t\t<div class=\"e-gallery-image elementor-gallery-item__image\" data-thumbnail=\"https:\/\/ringstedmaskinfabrik.dk\/wp-content\/uploads\/2025\/10\/imgi_12_plade6_138.jpg\" data-width=\"180\" data-height=\"135\" aria-label=\"\" role=\"img\" ><\/div>\n\t\t\t\t\t\t\t\t\t\t\t<div class=\"elementor-gallery-item__overlay\"><\/div>\n\t\t\t\t\t\t\t\t\t\t\t\t\t\t<\/a>\n\t\t\t\t\t\t\t<a class=\"e-gallery-item elementor-gallery-item elementor-animated-content\" href=\"https:\/\/ringstedmaskinfabrik.dk\/wp-content\/uploads\/2025\/10\/imgi_7_plade1_123.jpg\" data-elementor-open-lightbox=\"yes\" data-elementor-lightbox-slideshow=\"2fb9bc2\" data-e-action-hash=\"#elementor-action%3Aaction%3Dlightbox%26settings%3DeyJpZCI6MTA3MjQsInVybCI6Imh0dHBzOlwvXC9yaW5nc3RlZG1hc2tpbmZhYnJpay5ka1wvd3AtY29udGVudFwvdXBsb2Fkc1wvMjAyNVwvMTBcL2ltZ2lfN19wbGFkZTFfMTIzLmpwZyIsInNsaWRlc2hvdyI6IjJmYjliYzIifQ%3D%3D\" data-rel=\"-image-4\" data-rl_title=\"\" data-rl_caption=\"\" title=\"\">\n\t\t\t\t\t<div class=\"e-gallery-image elementor-gallery-item__image\" data-thumbnail=\"https:\/\/ringstedmaskinfabrik.dk\/wp-content\/uploads\/2025\/10\/imgi_7_plade1_123.jpg\" data-width=\"180\" data-height=\"135\" aria-label=\"\" role=\"img\" ><\/div>\n\t\t\t\t\t\t\t\t\t\t\t<div class=\"elementor-gallery-item__overlay\"><\/div>\n\t\t\t\t\t\t\t\t\t\t\t\t\t\t<\/a>\n\t\t\t\t\t\t\t<a class=\"e-gallery-item elementor-gallery-item elementor-animated-content\" href=\"https:\/\/ringstedmaskinfabrik.dk\/wp-content\/uploads\/2025\/10\/imgi_8_plade2_126.jpg\" data-elementor-open-lightbox=\"yes\" data-elementor-lightbox-slideshow=\"2fb9bc2\" data-e-action-hash=\"#elementor-action%3Aaction%3Dlightbox%26settings%3DeyJpZCI6MTA3MjYsInVybCI6Imh0dHBzOlwvXC9yaW5nc3RlZG1hc2tpbmZhYnJpay5ka1wvd3AtY29udGVudFwvdXBsb2Fkc1wvMjAyNVwvMTBcL2ltZ2lfOF9wbGFkZTJfMTI2LmpwZyIsInNsaWRlc2hvdyI6IjJmYjliYzIifQ%3D%3D\" data-rel=\"-image-5\" data-rl_title=\"\" data-rl_caption=\"\" title=\"\">\n\t\t\t\t\t<div class=\"e-gallery-image elementor-gallery-item__image\" data-thumbnail=\"https:\/\/ringstedmaskinfabrik.dk\/wp-content\/uploads\/2025\/10\/imgi_8_plade2_126.jpg\" data-width=\"180\" data-height=\"135\" aria-label=\"\" role=\"img\" ><\/div>\n\t\t\t\t\t\t\t\t\t\t\t<div class=\"elementor-gallery-item__overlay\"><\/div>\n\t\t\t\t\t\t\t\t\t\t\t\t\t\t<\/a>\n\t\t\t\t\t<\/div>\n\t\t\t\t\t<\/div>\n\t\t\t\t<\/div>\n\t\t\t\t<\/div>\n\t\t\t\t<\/div>\n\t\t\t\t\t<\/div>\n\t\t\t\t<\/div>\n\t\t<div class=\"elementor-element elementor-element-b164787 e-con-full e-flex e-con e-parent\" data-id=\"b164787\" data-element_type=\"container\">\n\t\t\t\t<div class=\"elementor-element elementor-element-d0f18f8 elementor-widget elementor-widget-shortcode\" data-id=\"d0f18f8\" data-element_type=\"widget\" data-widget_type=\"shortcode.default\">\n\t\t\t\t<div class=\"elementor-widget-container\">\n\t\t\t\t\t\t\t<div class=\"elementor-shortcode\">\t\t<div data-elementor-type=\"container\" data-elementor-id=\"10877\" class=\"elementor elementor-10877 elementor-10122\" data-elementor-post-type=\"elementor_library\">\n\t\t\t\t<div class=\"elementor-element elementor-element-732d4b1d e-flex e-con-boxed e-con e-parent\" data-id=\"732d4b1d\" data-element_type=\"container\" data-settings=\"{&quot;background_background&quot;:&quot;classic&quot;}\">\n\t\t\t\t\t<div class=\"e-con-inner\">\n\t\t<div class=\"elementor-element elementor-element-292de293 no-padding e-flex e-con-boxed e-con e-child\" data-id=\"292de293\" data-element_type=\"container\">\n\t\t\t\t\t<div class=\"e-con-inner\">\n\t\t<div class=\"elementor-element elementor-element-4932828c e-con-full e-flex e-con e-child\" data-id=\"4932828c\" data-element_type=\"container\" data-settings=\"{&quot;background_background&quot;:&quot;classic&quot;}\">\n\t\t<div class=\"elementor-element elementor-element-12e11e89 e-con-full e-flex e-con e-child\" data-id=\"12e11e89\" data-element_type=\"container\">\n\t\t\t\t<div class=\"elementor-element elementor-element-4099fc42 elementor-widget elementor-widget-heading\" data-id=\"4099fc42\" data-element_type=\"widget\" data-widget_type=\"heading.default\">\n\t\t\t\t<div class=\"elementor-widget-container\">\n\t\t\t\t\t<h2 class=\"elementor-heading-title elementor-size-default\">W\u00fcnschen Sie ein Angebot?<\/h2>\t\t\t\t<\/div>\n\t\t\t\t<\/div>\n\t\t\t\t<div class=\"elementor-element elementor-element-41afdb35 elementor-widget elementor-widget-text-editor\" data-id=\"41afdb35\" data-element_type=\"widget\" data-widget_type=\"text-editor.default\">\n\t\t\t\t<div class=\"elementor-widget-container\">\n\t\t\t\t\t\t\t\t\t<p>Wir arbeiten haupts\u00e4chlich gem\u00e4\u00df kundenspezifischen Zeichnungen vom jeweiligen Kunden.<\/p>\n<p>\u200b<\/p>\n<p>Unsere Produktion reicht von einem St\u00fcck bis zu gro\u00dfen Serien.<\/p>\n<p>\u200b<\/p>\n<p>Gern sorgen wir auch f\u00fcr die Oberfl\u00e4chenbehandlung fertiger Teile.<\/p>\n<p>\u200b<\/p>\n<p>\u200b<\/p>\n<p>Sie liefern die Daten, St\u00fcckzahlen und Zeichnungen zu CNC Fr\u00e4sen oder CNC Drehen, schnellstens erhalten Sie unser zuverl\u00e4ssiges Angebot.<\/p>\n\t\t\t\t\t\t\t\t<\/div>\n\t\t\t\t<\/div>\n\t\t\t\t<\/div>\n\t\t\t\t<\/div>\n\t\t<div class=\"elementor-element elementor-element-3e930b6a e-con-full e-flex e-con e-child\" data-id=\"3e930b6a\" data-element_type=\"container\">\n\t\t<div class=\"elementor-element elementor-element-37cf2d3 e-con-full dark e-flex e-con e-child\" data-id=\"37cf2d3\" data-element_type=\"container\" data-settings=\"{&quot;background_background&quot;:&quot;classic&quot;}\">\n\t\t<div class=\"elementor-element elementor-element-3fc9b7a9 e-con-full e-flex e-con e-child\" data-id=\"3fc9b7a9\" data-element_type=\"container\">\n\t\t\t\t<div class=\"elementor-element elementor-element-7ecb9cfa elementor-widget elementor-widget-heading\" data-id=\"7ecb9cfa\" data-element_type=\"widget\" data-widget_type=\"heading.default\">\n\t\t\t\t<div class=\"elementor-widget-container\">\n\t\t\t\t\t<h2 class=\"elementor-heading-title elementor-size-default\">Formular ausf\u00fcllen<\/h2>\t\t\t\t<\/div>\n\t\t\t\t<\/div>\n\t\t\t\t<div class=\"elementor-element elementor-element-4d774175 elementor-widget elementor-widget-text-editor\" data-id=\"4d774175\" data-element_type=\"widget\" data-widget_type=\"text-editor.default\">\n\t\t\t\t<div class=\"elementor-widget-container\">\n\t\t\t\t\t\t\t\t\t<div class=\"column step-12-12\">\n<div id=\"site-container-22226\" class=\"Container ModuleElement ContentField con-81 \" data-snap=\"1\" data-containertype=\"ContentField\" data-moduleelement=\"12450\" data-name=\"Form Box\">\n<div class=\"row\">\n<div class=\"column step-12-12\">\n<div id=\"site-container-22225\" class=\"Container ModuleElement Textarea con-58 \" data-snap=\"1\" data-containertype=\"Textarea\" data-moduleelement=\"12523\">\n<div class=\"Module-12523 Textarea\">\n<p>Wir beantworten Anfragen innerhalb von 48 Stunden. Mit * markierte Felder sind erforderlich.<\/p>\n<\/div>\n<p><\/div>\n<p><\/div>\n<p><\/div>\n<p><\/div>\n<p><\/div>\n\t\t\t\t\t\t\t\t<\/div>\n\t\t\t\t<\/div>\n\t\t\t\t<\/div>\n\t\t\t\t<div class=\"elementor-element elementor-element-68e0b01a elementor-widget elementor-widget-shortcode\" data-id=\"68e0b01a\" data-element_type=\"widget\" data-widget_type=\"shortcode.default\">\n\t\t\t\t<div class=\"elementor-widget-container\">\n\t\t\t\t\t\t\t<div class=\"elementor-shortcode\"><form id=\"forminator-module-10876\" class=\"forminator-custom-form forminator-custom-form-10876\" method=\"post\" data-forminator-render=\"0\" data-uid=\"69efde6a6a0ad\"><div role=\"alert\" aria-live=\"polite\" class=\"forminator-response-message forminator-error\" aria-hidden=\"true\"><\/div><\/form><\/div>\n\t\t\t\t\t\t<\/div>\n\t\t\t\t<\/div>\n\t\t\t\t<\/div>\n\t\t\t\t<\/div>\n\t\t\t\t\t<\/div>\n\t\t\t\t<\/div>\n\t\t\t\t\t<\/div>\n\t\t\t\t<\/div>\n\t\t\t\t<\/div>\n\t\t<\/div>\n\t\t\t\t\t\t<\/div>\n\t\t\t\t<\/div>\n\t\t\t\t<\/div>\n\t\t\t\t<\/div>\n\t\t","protected":false},"excerpt":{"rendered":"<p>Blechbearbeitung \u200bWir k\u00f6nnen Kanten, Schneiden, Stanzen u. a. anbieten \u200bAlles in sowohl kleinen als auch gro\u00dfen Serien Au\u00dferdem Schwei\u00dfen im TIG-MIG-MAG-Verfahren von Eisen und Edelstahl Alles wird mit gro\u00dfer Kompetenz und Sorgfalt ausgef\u00fchrt\u200b<\/p>\n","protected":false},"author":5,"featured_media":0,"parent":10925,"menu_order":1008,"comment_status":"closed","ping_status":"closed","template":"","meta":{"_acf_changed":false,"footnotes":""},"categories":[],"class_list":["post-10864","page","type-page","status-publish"],"acf":[],"yoast_head":"<!-- This site is optimized with the Yoast SEO plugin v27.4 - https:\/\/yoast.com\/product\/yoast-seo-wordpress\/ -->\n<title>Pladebearbejdning i Ringsted | Kantbukning, klipning &amp; standsning<\/title>\n<meta name=\"description\" content=\"Vi kan tilbyde kantbukning, klipning, Standsning. Alt i b\u00e5de sm\u00e5 og store serier. Derudover svejsning i tig-mig-mag i jern og rustfri. Alt udf\u00f8res med stor kompetence og omhyggelighed. \u200bVi drager ogs\u00e5 regelm\u00e6ssigt nytte af et stort udvalg af vores s\u00e6rdele\" \/>\n<meta name=\"robots\" content=\"index, follow, max-snippet:-1, max-image-preview:large, max-video-preview:-1\" \/>\n<link rel=\"canonical\" href=\"https:\/\/ringstedmaskinfabrik.dk\/de\/leistungsuebersicht\/blechbearbeitung\/\" \/>\n<meta property=\"og:locale\" content=\"de_DE\" \/>\n<meta property=\"og:type\" content=\"article\" \/>\n<meta property=\"og:title\" content=\"Pladebearbejdning i Ringsted | Kantbukning, klipning &amp; standsning\" \/>\n<meta property=\"og:description\" content=\"Vi kan tilbyde kantbukning, klipning, Standsning. Alt i b\u00e5de sm\u00e5 og store serier. Derudover svejsning i tig-mig-mag i jern og rustfri. Alt udf\u00f8res med stor kompetence og omhyggelighed. \u200bVi drager ogs\u00e5 regelm\u00e6ssigt nytte af et stort udvalg af vores s\u00e6rdele\" \/>\n<meta property=\"og:url\" content=\"https:\/\/ringstedmaskinfabrik.dk\/de\/leistungsuebersicht\/blechbearbeitung\/\" \/>\n<meta property=\"og:site_name\" content=\"Ringsted Maskinfabrik ApS\" \/>\n<meta property=\"article:modified_time\" content=\"2025-11-14T09:53:05+00:00\" \/>\n<meta name=\"twitter:card\" content=\"summary_large_image\" \/>\n<script type=\"application\/ld+json\" class=\"yoast-schema-graph\">{\"@context\":\"https:\\\/\\\/schema.org\",\"@graph\":[{\"@type\":\"WebPage\",\"@id\":\"https:\\\/\\\/ringstedmaskinfabrik.dk\\\/de\\\/leistungsuebersicht\\\/blechbearbeitung\\\/\",\"url\":\"https:\\\/\\\/ringstedmaskinfabrik.dk\\\/de\\\/leistungsuebersicht\\\/blechbearbeitung\\\/\",\"name\":\"Pladebearbejdning i Ringsted | Kantbukning, klipning & standsning\",\"isPartOf\":{\"@id\":\"https:\\\/\\\/ringstedmaskinfabrik.dk\\\/de\\\/#website\"},\"datePublished\":\"2025-10-01T10:44:52+00:00\",\"dateModified\":\"2025-11-14T09:53:05+00:00\",\"description\":\"Vi kan tilbyde kantbukning, klipning, Standsning. Alt i b\u00e5de sm\u00e5 og store serier. Derudover svejsning i tig-mig-mag i jern og rustfri. Alt udf\u00f8res med stor kompetence og omhyggelighed. \u200bVi drager ogs\u00e5 regelm\u00e6ssigt nytte af et stort udvalg af vores s\u00e6rdele\",\"breadcrumb\":{\"@id\":\"https:\\\/\\\/ringstedmaskinfabrik.dk\\\/de\\\/leistungsuebersicht\\\/blechbearbeitung\\\/#breadcrumb\"},\"inLanguage\":\"de\",\"potentialAction\":[{\"@type\":\"ReadAction\",\"target\":[\"https:\\\/\\\/ringstedmaskinfabrik.dk\\\/de\\\/leistungsuebersicht\\\/blechbearbeitung\\\/\"]}]},{\"@type\":\"BreadcrumbList\",\"@id\":\"https:\\\/\\\/ringstedmaskinfabrik.dk\\\/de\\\/leistungsuebersicht\\\/blechbearbeitung\\\/#breadcrumb\",\"itemListElement\":[{\"@type\":\"ListItem\",\"position\":1,\"name\":\"Forside\",\"item\":\"https:\\\/\\\/ringstedmaskinfabrik.dk\\\/de\\\/\"},{\"@type\":\"ListItem\",\"position\":2,\"name\":\"Leistungs\u00fcbersicht\",\"item\":\"https:\\\/\\\/ringstedmaskinfabrik.dk\\\/de\\\/vi-tilbyder-aspx\\\/\"},{\"@type\":\"ListItem\",\"position\":3,\"name\":\"Blechbearbeitung\"}]},{\"@type\":\"WebSite\",\"@id\":\"https:\\\/\\\/ringstedmaskinfabrik.dk\\\/de\\\/#website\",\"url\":\"https:\\\/\\\/ringstedmaskinfabrik.dk\\\/de\\\/\",\"name\":\"Ringsted Maskinfabrik ApS\",\"description\":\"CNC-fr\u00e6sning, CNC-drejning, pladebearbejdning, svejsning, mekanisk montage m.m.\",\"publisher\":{\"@id\":\"https:\\\/\\\/ringstedmaskinfabrik.dk\\\/de\\\/#organization\"},\"potentialAction\":[{\"@type\":\"SearchAction\",\"target\":{\"@type\":\"EntryPoint\",\"urlTemplate\":\"https:\\\/\\\/ringstedmaskinfabrik.dk\\\/de\\\/?s={search_term_string}\"},\"query-input\":{\"@type\":\"PropertyValueSpecification\",\"valueRequired\":true,\"valueName\":\"search_term_string\"}}],\"inLanguage\":\"de\"},{\"@type\":\"Organization\",\"@id\":\"https:\\\/\\\/ringstedmaskinfabrik.dk\\\/de\\\/#organization\",\"name\":\"Ringsted Maskinfabrik ApS\",\"url\":\"https:\\\/\\\/ringstedmaskinfabrik.dk\\\/de\\\/\",\"logo\":{\"@type\":\"ImageObject\",\"inLanguage\":\"de\",\"@id\":\"https:\\\/\\\/ringstedmaskinfabrik.dk\\\/de\\\/#\\\/schema\\\/logo\\\/image\\\/\",\"url\":\"https:\\\/\\\/ringstedmaskinfabrik.dk\\\/wp-content\\\/uploads\\\/2025\\\/10\\\/imgi_3_logo-ringstedmaskinfabrik_708.png\",\"contentUrl\":\"https:\\\/\\\/ringstedmaskinfabrik.dk\\\/wp-content\\\/uploads\\\/2025\\\/10\\\/imgi_3_logo-ringstedmaskinfabrik_708.png\",\"width\":230,\"height\":94,\"caption\":\"Ringsted Maskinfabrik ApS\"},\"image\":{\"@id\":\"https:\\\/\\\/ringstedmaskinfabrik.dk\\\/de\\\/#\\\/schema\\\/logo\\\/image\\\/\"}}]}<\/script>\n<!-- \/ Yoast SEO plugin. -->","yoast_head_json":{"title":"Pladebearbejdning i Ringsted | Kantbukning, klipning & standsning","description":"Vi kan tilbyde kantbukning, klipning, Standsning. Alt i b\u00e5de sm\u00e5 og store serier. Derudover svejsning i tig-mig-mag i jern og rustfri. Alt udf\u00f8res med stor kompetence og omhyggelighed. \u200bVi drager ogs\u00e5 regelm\u00e6ssigt nytte af et stort udvalg af vores s\u00e6rdele","robots":{"index":"index","follow":"follow","max-snippet":"max-snippet:-1","max-image-preview":"max-image-preview:large","max-video-preview":"max-video-preview:-1"},"canonical":"https:\/\/ringstedmaskinfabrik.dk\/de\/leistungsuebersicht\/blechbearbeitung\/","og_locale":"de_DE","og_type":"article","og_title":"Pladebearbejdning i Ringsted | Kantbukning, klipning & standsning","og_description":"Vi kan tilbyde kantbukning, klipning, Standsning. Alt i b\u00e5de sm\u00e5 og store serier. Derudover svejsning i tig-mig-mag i jern og rustfri. Alt udf\u00f8res med stor kompetence og omhyggelighed. \u200bVi drager ogs\u00e5 regelm\u00e6ssigt nytte af et stort udvalg af vores s\u00e6rdele","og_url":"https:\/\/ringstedmaskinfabrik.dk\/de\/leistungsuebersicht\/blechbearbeitung\/","og_site_name":"Ringsted Maskinfabrik ApS","article_modified_time":"2025-11-14T09:53:05+00:00","twitter_card":"summary_large_image","schema":{"@context":"https:\/\/schema.org","@graph":[{"@type":"WebPage","@id":"https:\/\/ringstedmaskinfabrik.dk\/de\/leistungsuebersicht\/blechbearbeitung\/","url":"https:\/\/ringstedmaskinfabrik.dk\/de\/leistungsuebersicht\/blechbearbeitung\/","name":"Pladebearbejdning i Ringsted | Kantbukning, klipning & standsning","isPartOf":{"@id":"https:\/\/ringstedmaskinfabrik.dk\/de\/#website"},"datePublished":"2025-10-01T10:44:52+00:00","dateModified":"2025-11-14T09:53:05+00:00","description":"Vi kan tilbyde kantbukning, klipning, Standsning. Alt i b\u00e5de sm\u00e5 og store serier. Derudover svejsning i tig-mig-mag i jern og rustfri. Alt udf\u00f8res med stor kompetence og omhyggelighed. \u200bVi drager ogs\u00e5 regelm\u00e6ssigt nytte af et stort udvalg af vores s\u00e6rdele","breadcrumb":{"@id":"https:\/\/ringstedmaskinfabrik.dk\/de\/leistungsuebersicht\/blechbearbeitung\/#breadcrumb"},"inLanguage":"de","potentialAction":[{"@type":"ReadAction","target":["https:\/\/ringstedmaskinfabrik.dk\/de\/leistungsuebersicht\/blechbearbeitung\/"]}]},{"@type":"BreadcrumbList","@id":"https:\/\/ringstedmaskinfabrik.dk\/de\/leistungsuebersicht\/blechbearbeitung\/#breadcrumb","itemListElement":[{"@type":"ListItem","position":1,"name":"Forside","item":"https:\/\/ringstedmaskinfabrik.dk\/de\/"},{"@type":"ListItem","position":2,"name":"Leistungs\u00fcbersicht","item":"https:\/\/ringstedmaskinfabrik.dk\/de\/vi-tilbyder-aspx\/"},{"@type":"ListItem","position":3,"name":"Blechbearbeitung"}]},{"@type":"WebSite","@id":"https:\/\/ringstedmaskinfabrik.dk\/de\/#website","url":"https:\/\/ringstedmaskinfabrik.dk\/de\/","name":"Ringsted Maskinfabrik ApS","description":"CNC-fr\u00e6sning, CNC-drejning, pladebearbejdning, svejsning, mekanisk montage m.m.","publisher":{"@id":"https:\/\/ringstedmaskinfabrik.dk\/de\/#organization"},"potentialAction":[{"@type":"SearchAction","target":{"@type":"EntryPoint","urlTemplate":"https:\/\/ringstedmaskinfabrik.dk\/de\/?s={search_term_string}"},"query-input":{"@type":"PropertyValueSpecification","valueRequired":true,"valueName":"search_term_string"}}],"inLanguage":"de"},{"@type":"Organization","@id":"https:\/\/ringstedmaskinfabrik.dk\/de\/#organization","name":"Ringsted Maskinfabrik ApS","url":"https:\/\/ringstedmaskinfabrik.dk\/de\/","logo":{"@type":"ImageObject","inLanguage":"de","@id":"https:\/\/ringstedmaskinfabrik.dk\/de\/#\/schema\/logo\/image\/","url":"https:\/\/ringstedmaskinfabrik.dk\/wp-content\/uploads\/2025\/10\/imgi_3_logo-ringstedmaskinfabrik_708.png","contentUrl":"https:\/\/ringstedmaskinfabrik.dk\/wp-content\/uploads\/2025\/10\/imgi_3_logo-ringstedmaskinfabrik_708.png","width":230,"height":94,"caption":"Ringsted Maskinfabrik ApS"},"image":{"@id":"https:\/\/ringstedmaskinfabrik.dk\/de\/#\/schema\/logo\/image\/"}}]}},"_links":{"self":[{"href":"https:\/\/ringstedmaskinfabrik.dk\/de\/wp-json\/wp\/v2\/pages\/10864","targetHints":{"allow":["GET"]}}],"collection":[{"href":"https:\/\/ringstedmaskinfabrik.dk\/de\/wp-json\/wp\/v2\/pages"}],"about":[{"href":"https:\/\/ringstedmaskinfabrik.dk\/de\/wp-json\/wp\/v2\/types\/page"}],"author":[{"embeddable":true,"href":"https:\/\/ringstedmaskinfabrik.dk\/de\/wp-json\/wp\/v2\/users\/5"}],"replies":[{"embeddable":true,"href":"https:\/\/ringstedmaskinfabrik.dk\/de\/wp-json\/wp\/v2\/comments?post=10864"}],"version-history":[{"count":1,"href":"https:\/\/ringstedmaskinfabrik.dk\/de\/wp-json\/wp\/v2\/pages\/10864\/revisions"}],"predecessor-version":[{"id":10865,"href":"https:\/\/ringstedmaskinfabrik.dk\/de\/wp-json\/wp\/v2\/pages\/10864\/revisions\/10865"}],"up":[{"embeddable":true,"href":"https:\/\/ringstedmaskinfabrik.dk\/de\/wp-json\/wp\/v2\/pages\/10925"}],"wp:attachment":[{"href":"https:\/\/ringstedmaskinfabrik.dk\/de\/wp-json\/wp\/v2\/media?parent=10864"}],"wp:term":[{"taxonomy":"category","embeddable":true,"href":"https:\/\/ringstedmaskinfabrik.dk\/de\/wp-json\/wp\/v2\/categories?post=10864"}],"curies":[{"name":"wp","href":"https:\/\/api.w.org\/{rel}","templated":true}]}}