{"id":10872,"date":"2025-10-01T12:44:52","date_gmt":"2025-10-01T10:44:52","guid":{"rendered":"https:\/\/ringstedmaskinfabrik.dk\/produktentwicklung\/"},"modified":"2025-11-14T10:53:06","modified_gmt":"2025-11-14T09:53:06","slug":"produktentwicklung","status":"publish","type":"page","link":"https:\/\/ringstedmaskinfabrik.dk\/de\/leistungsuebersicht\/produktentwicklung\/","title":{"rendered":"Produktentwicklung"},"content":{"rendered":"\t\t<div data-elementor-type=\"wp-page\" data-elementor-id=\"10872\" class=\"elementor elementor-10872 elementor-10098\" data-elementor-post-type=\"page\">\n\t\t\t\t<div class=\"elementor-element elementor-element-6283e23 e-flex e-con-boxed e-con e-parent\" data-id=\"6283e23\" data-element_type=\"container\" data-settings=\"{&quot;background_background&quot;:&quot;classic&quot;}\">\n\t\t\t\t\t<div class=\"e-con-inner\">\n\t\t\t\t\t<\/div>\n\t\t\t\t<\/div>\n\t\t<div class=\"elementor-element elementor-element-7c97e9c e-flex e-con-boxed e-con e-parent\" data-id=\"7c97e9c\" data-element_type=\"container\">\n\t\t\t\t\t<div class=\"e-con-inner\">\n\t\t<div class=\"elementor-element elementor-element-9b2c083 e-con-full e-flex e-con e-child\" data-id=\"9b2c083\" data-element_type=\"container\" data-settings=\"{&quot;background_background&quot;:&quot;classic&quot;}\">\n\t\t<div class=\"elementor-element elementor-element-f9a0f43 e-con-full e-flex e-con e-child\" data-id=\"f9a0f43\" data-element_type=\"container\">\n\t\t\t\t<div class=\"elementor-element elementor-element-84ce9bc elementor-widget elementor-widget-heading\" data-id=\"84ce9bc\" data-element_type=\"widget\" data-widget_type=\"heading.default\">\n\t\t\t\t<div class=\"elementor-widget-container\">\n\t\t\t\t\t<h2 class=\"elementor-heading-title elementor-size-default\">Produktentwicklung<\/h2>\t\t\t\t<\/div>\n\t\t\t\t<\/div>\n\t\t\t\t<div class=\"elementor-element elementor-element-e2c1ab3 elementor-widget elementor-widget-text-editor\" data-id=\"e2c1ab3\" data-element_type=\"widget\" data-widget_type=\"text-editor.default\">\n\t\t\t\t<div class=\"elementor-widget-container\">\n\t\t\t\t\t\t\t\t\t<p>Wir stellen Ihnen unsere langj\u00e4hrige Erfahrung sowie unser Know-how im Hinblick auf die Materialauswahl sowie Verarbeitungsmethode zur Verf\u00fcgung, um ein gutes Ergebnis zu erreichen.<\/p>\n<p>\u200b<\/p>\n<p>Unsere engagierten Mitarbeiter verf\u00fcgen durch eine gute Ausbildung und langj\u00e4hrige Erfahrung \u00fcber umfangreiche Kompetenz im Bereich Programmierung unserer fortschrittlichen CAD\/CAM-Systeme.<\/p>\n<p>\u200b<\/p>\n<p>Mithilfe unseres Produktionsmanagementsystems behalten wir die verschiedenen Zeichnungsversionen im Blick und pflegen ein elektronisches Zeichnungsarchiv mit den Zeichnungen, die wir auf Wunsch des Kunden speichern sollen.<\/p>\n<p>\u200b<\/p>\n<p>Zeichnungsunterlagen, Auftr\u00e4ge und andere Informationen erhalten wir per E-Mail, wodurch eine schnelle und sichere Kommunikation sichergestellt wird.<\/p>\n<p>\u200b<\/p>\n<p>An den Werktagen wird ein Back-up aller unserer Systeme durchgef\u00fchrt, damit alle Daten gesichert sind.<\/p>\n\t\t\t\t\t\t\t\t<\/div>\n\t\t\t\t<\/div>\n\t\t<div class=\"elementor-element elementor-element-dd06697 e-con-full e-flex e-con e-child\" data-id=\"dd06697\" data-element_type=\"container\" data-settings=\"{&quot;background_background&quot;:&quot;classic&quot;}\">\n\t\t\t\t<\/div>\n\t\t\t\t<\/div>\n\t\t\t\t<\/div>\n\t\t\t\t\t<\/div>\n\t\t\t\t<\/div>\n\t\t\t\t<\/div>\n\t\t","protected":false},"excerpt":{"rendered":"<p>Produktentwicklung Wir stellen Ihnen unsere langj\u00e4hrige Erfahrung sowie unser Know-how im Hinblick auf die Materialauswahl sowie Verarbeitungsmethode zur Verf\u00fcgung, um ein gutes Ergebnis zu erreichen. \u200b Unsere engagierten Mitarbeiter verf\u00fcgen durch eine gute Ausbildung und langj\u00e4hrige Erfahrung \u00fcber umfangreiche Kompetenz im Bereich Programmierung unserer fortschrittlichen CAD\/CAM-Systeme. \u200b Mithilfe unseres Produktionsmanagementsystems behalten wir die verschiedenen Zeichnungsversionen &#8230; <a title=\"Produktentwicklung\" class=\"read-more\" href=\"https:\/\/ringstedmaskinfabrik.dk\/de\/leistungsuebersicht\/produktentwicklung\/\" aria-label=\"Mehr Informationen \u00fcber Produktentwicklung\">Weiterlesen &#8230;<\/a><\/p>\n","protected":false},"author":5,"featured_media":0,"parent":10925,"menu_order":1012,"comment_status":"closed","ping_status":"closed","template":"","meta":{"_acf_changed":false,"footnotes":""},"categories":[],"class_list":["post-10872","page","type-page","status-publish"],"acf":[],"yoast_head":"<!-- This site is optimized with the Yoast SEO plugin v27.3 - https:\/\/yoast.com\/product\/yoast-seo-wordpress\/ -->\n<title>Produktudvikling p\u00e5 maskinfabrik i Ringsted | CAD\/ CAM-systemer<\/title>\n<meta name=\"description\" content=\"Vi stiller os til r\u00e5dighed med vores mange \u00e5rs erfaring samt expertice med hensyn til materialevalg samt forarbejdningsmetode for at opn\u00e5 et godt resultat.\u200bVores dygtige medarbejdere har med en god uddannelse samt en \u00e5relang erfaring en betydelig komp\" \/>\n<meta name=\"robots\" content=\"index, follow, max-snippet:-1, max-image-preview:large, max-video-preview:-1\" \/>\n<link rel=\"canonical\" href=\"https:\/\/ringstedmaskinfabrik.dk\/de\/leistungsuebersicht\/produktentwicklung\/\" \/>\n<meta property=\"og:locale\" content=\"de_DE\" \/>\n<meta property=\"og:type\" content=\"article\" \/>\n<meta property=\"og:title\" content=\"Produktudvikling p\u00e5 maskinfabrik i Ringsted | CAD\/ CAM-systemer\" \/>\n<meta property=\"og:description\" content=\"Vi stiller os til r\u00e5dighed med vores mange \u00e5rs erfaring samt expertice med hensyn til materialevalg samt forarbejdningsmetode for at opn\u00e5 et godt resultat.\u200bVores dygtige medarbejdere har med en god uddannelse samt en \u00e5relang erfaring en betydelig komp\" \/>\n<meta property=\"og:url\" content=\"https:\/\/ringstedmaskinfabrik.dk\/de\/leistungsuebersicht\/produktentwicklung\/\" \/>\n<meta property=\"og:site_name\" content=\"Ringsted Maskinfabrik ApS\" \/>\n<meta property=\"article:modified_time\" content=\"2025-11-14T09:53:06+00:00\" \/>\n<meta name=\"twitter:card\" content=\"summary_large_image\" \/>\n<meta name=\"twitter:label1\" content=\"Gesch\u00e4tzte Lesezeit\" \/>\n\t<meta name=\"twitter:data1\" content=\"1\u00a0Minute\" \/>\n<script type=\"application\/ld+json\" class=\"yoast-schema-graph\">{\"@context\":\"https:\\\/\\\/schema.org\",\"@graph\":[{\"@type\":\"WebPage\",\"@id\":\"https:\\\/\\\/ringstedmaskinfabrik.dk\\\/de\\\/leistungsuebersicht\\\/produktentwicklung\\\/\",\"url\":\"https:\\\/\\\/ringstedmaskinfabrik.dk\\\/de\\\/leistungsuebersicht\\\/produktentwicklung\\\/\",\"name\":\"Produktudvikling p\u00e5 maskinfabrik i Ringsted | CAD\\\/ CAM-systemer\",\"isPartOf\":{\"@id\":\"https:\\\/\\\/ringstedmaskinfabrik.dk\\\/de\\\/#website\"},\"datePublished\":\"2025-10-01T10:44:52+00:00\",\"dateModified\":\"2025-11-14T09:53:06+00:00\",\"description\":\"Vi stiller os til r\u00e5dighed med vores mange \u00e5rs erfaring samt expertice med hensyn til materialevalg samt forarbejdningsmetode for at opn\u00e5 et godt resultat.\u200bVores dygtige medarbejdere har med en god uddannelse samt en \u00e5relang erfaring en betydelig komp\",\"breadcrumb\":{\"@id\":\"https:\\\/\\\/ringstedmaskinfabrik.dk\\\/de\\\/leistungsuebersicht\\\/produktentwicklung\\\/#breadcrumb\"},\"inLanguage\":\"de\",\"potentialAction\":[{\"@type\":\"ReadAction\",\"target\":[\"https:\\\/\\\/ringstedmaskinfabrik.dk\\\/de\\\/leistungsuebersicht\\\/produktentwicklung\\\/\"]}]},{\"@type\":\"BreadcrumbList\",\"@id\":\"https:\\\/\\\/ringstedmaskinfabrik.dk\\\/de\\\/leistungsuebersicht\\\/produktentwicklung\\\/#breadcrumb\",\"itemListElement\":[{\"@type\":\"ListItem\",\"position\":1,\"name\":\"Forside\",\"item\":\"https:\\\/\\\/ringstedmaskinfabrik.dk\\\/de\\\/\"},{\"@type\":\"ListItem\",\"position\":2,\"name\":\"Leistungs\u00fcbersicht\",\"item\":\"https:\\\/\\\/ringstedmaskinfabrik.dk\\\/de\\\/vi-tilbyder-aspx\\\/\"},{\"@type\":\"ListItem\",\"position\":3,\"name\":\"Produktentwicklung\"}]},{\"@type\":\"WebSite\",\"@id\":\"https:\\\/\\\/ringstedmaskinfabrik.dk\\\/de\\\/#website\",\"url\":\"https:\\\/\\\/ringstedmaskinfabrik.dk\\\/de\\\/\",\"name\":\"Ringsted Maskinfabrik ApS\",\"description\":\"CNC-fr\u00e6sning, CNC-drejning, pladebearbejdning, svejsning, mekanisk montage m.m.\",\"publisher\":{\"@id\":\"https:\\\/\\\/ringstedmaskinfabrik.dk\\\/de\\\/#organization\"},\"potentialAction\":[{\"@type\":\"SearchAction\",\"target\":{\"@type\":\"EntryPoint\",\"urlTemplate\":\"https:\\\/\\\/ringstedmaskinfabrik.dk\\\/de\\\/?s={search_term_string}\"},\"query-input\":{\"@type\":\"PropertyValueSpecification\",\"valueRequired\":true,\"valueName\":\"search_term_string\"}}],\"inLanguage\":\"de\"},{\"@type\":\"Organization\",\"@id\":\"https:\\\/\\\/ringstedmaskinfabrik.dk\\\/de\\\/#organization\",\"name\":\"Ringsted Maskinfabrik ApS\",\"url\":\"https:\\\/\\\/ringstedmaskinfabrik.dk\\\/de\\\/\",\"logo\":{\"@type\":\"ImageObject\",\"inLanguage\":\"de\",\"@id\":\"https:\\\/\\\/ringstedmaskinfabrik.dk\\\/de\\\/#\\\/schema\\\/logo\\\/image\\\/\",\"url\":\"https:\\\/\\\/ringstedmaskinfabrik.dk\\\/wp-content\\\/uploads\\\/2025\\\/10\\\/imgi_3_logo-ringstedmaskinfabrik_708.png\",\"contentUrl\":\"https:\\\/\\\/ringstedmaskinfabrik.dk\\\/wp-content\\\/uploads\\\/2025\\\/10\\\/imgi_3_logo-ringstedmaskinfabrik_708.png\",\"width\":230,\"height\":94,\"caption\":\"Ringsted Maskinfabrik ApS\"},\"image\":{\"@id\":\"https:\\\/\\\/ringstedmaskinfabrik.dk\\\/de\\\/#\\\/schema\\\/logo\\\/image\\\/\"}}]}<\/script>\n<!-- \/ Yoast SEO plugin. -->","yoast_head_json":{"title":"Produktudvikling p\u00e5 maskinfabrik i Ringsted | CAD\/ CAM-systemer","description":"Vi stiller os til r\u00e5dighed med vores mange \u00e5rs erfaring samt expertice med hensyn til materialevalg samt forarbejdningsmetode for at opn\u00e5 et godt resultat.\u200bVores dygtige medarbejdere har med en god uddannelse samt en \u00e5relang erfaring en betydelig komp","robots":{"index":"index","follow":"follow","max-snippet":"max-snippet:-1","max-image-preview":"max-image-preview:large","max-video-preview":"max-video-preview:-1"},"canonical":"https:\/\/ringstedmaskinfabrik.dk\/de\/leistungsuebersicht\/produktentwicklung\/","og_locale":"de_DE","og_type":"article","og_title":"Produktudvikling p\u00e5 maskinfabrik i Ringsted | CAD\/ CAM-systemer","og_description":"Vi stiller os til r\u00e5dighed med vores mange \u00e5rs erfaring samt expertice med hensyn til materialevalg samt forarbejdningsmetode for at opn\u00e5 et godt resultat.\u200bVores dygtige medarbejdere har med en god uddannelse samt en \u00e5relang erfaring en betydelig komp","og_url":"https:\/\/ringstedmaskinfabrik.dk\/de\/leistungsuebersicht\/produktentwicklung\/","og_site_name":"Ringsted Maskinfabrik ApS","article_modified_time":"2025-11-14T09:53:06+00:00","twitter_card":"summary_large_image","twitter_misc":{"Gesch\u00e4tzte Lesezeit":"1\u00a0Minute"},"schema":{"@context":"https:\/\/schema.org","@graph":[{"@type":"WebPage","@id":"https:\/\/ringstedmaskinfabrik.dk\/de\/leistungsuebersicht\/produktentwicklung\/","url":"https:\/\/ringstedmaskinfabrik.dk\/de\/leistungsuebersicht\/produktentwicklung\/","name":"Produktudvikling p\u00e5 maskinfabrik i Ringsted | CAD\/ CAM-systemer","isPartOf":{"@id":"https:\/\/ringstedmaskinfabrik.dk\/de\/#website"},"datePublished":"2025-10-01T10:44:52+00:00","dateModified":"2025-11-14T09:53:06+00:00","description":"Vi stiller os til r\u00e5dighed med vores mange \u00e5rs erfaring samt expertice med hensyn til materialevalg samt forarbejdningsmetode for at opn\u00e5 et godt resultat.\u200bVores dygtige medarbejdere har med en god uddannelse samt en \u00e5relang erfaring en betydelig komp","breadcrumb":{"@id":"https:\/\/ringstedmaskinfabrik.dk\/de\/leistungsuebersicht\/produktentwicklung\/#breadcrumb"},"inLanguage":"de","potentialAction":[{"@type":"ReadAction","target":["https:\/\/ringstedmaskinfabrik.dk\/de\/leistungsuebersicht\/produktentwicklung\/"]}]},{"@type":"BreadcrumbList","@id":"https:\/\/ringstedmaskinfabrik.dk\/de\/leistungsuebersicht\/produktentwicklung\/#breadcrumb","itemListElement":[{"@type":"ListItem","position":1,"name":"Forside","item":"https:\/\/ringstedmaskinfabrik.dk\/de\/"},{"@type":"ListItem","position":2,"name":"Leistungs\u00fcbersicht","item":"https:\/\/ringstedmaskinfabrik.dk\/de\/vi-tilbyder-aspx\/"},{"@type":"ListItem","position":3,"name":"Produktentwicklung"}]},{"@type":"WebSite","@id":"https:\/\/ringstedmaskinfabrik.dk\/de\/#website","url":"https:\/\/ringstedmaskinfabrik.dk\/de\/","name":"Ringsted Maskinfabrik ApS","description":"CNC-fr\u00e6sning, CNC-drejning, pladebearbejdning, svejsning, mekanisk montage m.m.","publisher":{"@id":"https:\/\/ringstedmaskinfabrik.dk\/de\/#organization"},"potentialAction":[{"@type":"SearchAction","target":{"@type":"EntryPoint","urlTemplate":"https:\/\/ringstedmaskinfabrik.dk\/de\/?s={search_term_string}"},"query-input":{"@type":"PropertyValueSpecification","valueRequired":true,"valueName":"search_term_string"}}],"inLanguage":"de"},{"@type":"Organization","@id":"https:\/\/ringstedmaskinfabrik.dk\/de\/#organization","name":"Ringsted Maskinfabrik ApS","url":"https:\/\/ringstedmaskinfabrik.dk\/de\/","logo":{"@type":"ImageObject","inLanguage":"de","@id":"https:\/\/ringstedmaskinfabrik.dk\/de\/#\/schema\/logo\/image\/","url":"https:\/\/ringstedmaskinfabrik.dk\/wp-content\/uploads\/2025\/10\/imgi_3_logo-ringstedmaskinfabrik_708.png","contentUrl":"https:\/\/ringstedmaskinfabrik.dk\/wp-content\/uploads\/2025\/10\/imgi_3_logo-ringstedmaskinfabrik_708.png","width":230,"height":94,"caption":"Ringsted Maskinfabrik ApS"},"image":{"@id":"https:\/\/ringstedmaskinfabrik.dk\/de\/#\/schema\/logo\/image\/"}}]}},"_links":{"self":[{"href":"https:\/\/ringstedmaskinfabrik.dk\/de\/wp-json\/wp\/v2\/pages\/10872","targetHints":{"allow":["GET"]}}],"collection":[{"href":"https:\/\/ringstedmaskinfabrik.dk\/de\/wp-json\/wp\/v2\/pages"}],"about":[{"href":"https:\/\/ringstedmaskinfabrik.dk\/de\/wp-json\/wp\/v2\/types\/page"}],"author":[{"embeddable":true,"href":"https:\/\/ringstedmaskinfabrik.dk\/de\/wp-json\/wp\/v2\/users\/5"}],"replies":[{"embeddable":true,"href":"https:\/\/ringstedmaskinfabrik.dk\/de\/wp-json\/wp\/v2\/comments?post=10872"}],"version-history":[{"count":1,"href":"https:\/\/ringstedmaskinfabrik.dk\/de\/wp-json\/wp\/v2\/pages\/10872\/revisions"}],"predecessor-version":[{"id":10873,"href":"https:\/\/ringstedmaskinfabrik.dk\/de\/wp-json\/wp\/v2\/pages\/10872\/revisions\/10873"}],"up":[{"embeddable":true,"href":"https:\/\/ringstedmaskinfabrik.dk\/de\/wp-json\/wp\/v2\/pages\/10925"}],"wp:attachment":[{"href":"https:\/\/ringstedmaskinfabrik.dk\/de\/wp-json\/wp\/v2\/media?parent=10872"}],"wp:term":[{"taxonomy":"category","embeddable":true,"href":"https:\/\/ringstedmaskinfabrik.dk\/de\/wp-json\/wp\/v2\/categories?post=10872"}],"curies":[{"name":"wp","href":"https:\/\/api.w.org\/{rel}","templated":true}]}}