{"id":10874,"date":"2025-10-01T12:44:52","date_gmt":"2025-10-01T10:44:52","guid":{"rendered":"https:\/\/ringstedmaskinfabrik.dk\/logistik\/"},"modified":"2025-11-14T11:17:19","modified_gmt":"2025-11-14T10:17:19","slug":"logistik","status":"publish","type":"page","link":"https:\/\/ringstedmaskinfabrik.dk\/de\/leistungsuebersicht\/logistik\/","title":{"rendered":"Logistik"},"content":{"rendered":"\t\t<div data-elementor-type=\"wp-page\" data-elementor-id=\"10874\" class=\"elementor elementor-10874 elementor-10099\" data-elementor-post-type=\"page\">\n\t\t\t\t<div class=\"elementor-element elementor-element-0cff516 e-flex e-con-boxed e-con e-parent\" data-id=\"0cff516\" data-element_type=\"container\" data-settings=\"{&quot;background_background&quot;:&quot;classic&quot;}\">\n\t\t\t\t\t<div class=\"e-con-inner\">\n\t\t\t\t\t<\/div>\n\t\t\t\t<\/div>\n\t\t<div class=\"elementor-element elementor-element-5bd7014 e-flex e-con-boxed e-con e-parent\" data-id=\"5bd7014\" data-element_type=\"container\">\n\t\t\t\t\t<div class=\"e-con-inner\">\n\t\t<div class=\"elementor-element elementor-element-79327fa e-con-full e-flex e-con e-child\" data-id=\"79327fa\" data-element_type=\"container\" data-settings=\"{&quot;background_background&quot;:&quot;classic&quot;}\">\n\t\t<div class=\"elementor-element elementor-element-4c60c4d e-con-full e-flex e-con e-child\" data-id=\"4c60c4d\" data-element_type=\"container\">\n\t\t\t\t<div class=\"elementor-element elementor-element-3cf0441 elementor-widget elementor-widget-heading\" data-id=\"3cf0441\" data-element_type=\"widget\" data-widget_type=\"heading.default\">\n\t\t\t\t<div class=\"elementor-widget-container\">\n\t\t\t\t\t<h2 class=\"elementor-heading-title elementor-size-default\">Logistik<\/h2>\t\t\t\t<\/div>\n\t\t\t\t<\/div>\n\t\t\t\t<div class=\"elementor-element elementor-element-16fe9cc elementor-widget elementor-widget-text-editor\" data-id=\"16fe9cc\" data-element_type=\"widget\" data-widget_type=\"text-editor.default\">\n\t\t\t\t<div class=\"elementor-widget-container\">\n\t\t\t\t\t\t\t\t\t<ul>\n<li>\u200bWir nutzen ein Strichcodesystem f\u00fcr Arbeitsbeginn\/-ende zur Berechnung der Arbeitszeiten u. a.<\/li>\n<li>Dasselbe Strichcodesystem wird zur Registrierung der jeweiligen Auftr\u00e4ge f\u00fcr die Nachkalkulation genutzt<\/li>\n<li>\u200bIn unserem Lager nutzen wir Standortangaben<\/li>\n<li>Nach Vereinbarung k\u00f6nnen wir f\u00fcr das Lager produzieren, um bei Bedarf auszuliefern<\/li>\n<li>Wir hantieren und lagern die Produkte mit gro\u00dfer Sorgfalt<\/li>\n<li>Bei Verpackung und Versand verpacken wir die Produkte so, dass sie sicher versendet werden k\u00f6nnen<\/li>\n<li>Kleinere Partien k\u00f6nnen wir selbst transportieren<\/li>\n<\/ul>\n\t\t\t\t\t\t\t\t<\/div>\n\t\t\t\t<\/div>\n\t\t<div class=\"elementor-element elementor-element-69a2688 e-con-full e-flex e-con e-child\" data-id=\"69a2688\" data-element_type=\"container\" data-settings=\"{&quot;background_background&quot;:&quot;classic&quot;}\">\n\t\t\t\t<\/div>\n\t\t\t\t<\/div>\n\t\t\t\t<\/div>\n\t\t\t\t\t<\/div>\n\t\t\t\t<\/div>\n\t\t<div class=\"elementor-element elementor-element-ac02175 e-con-full e-flex e-con e-parent\" data-id=\"ac02175\" data-element_type=\"container\">\n\t\t\t\t<div class=\"elementor-element elementor-element-0e10901 elementor-widget elementor-widget-shortcode\" data-id=\"0e10901\" data-element_type=\"widget\" data-widget_type=\"shortcode.default\">\n\t\t\t\t<div class=\"elementor-widget-container\">\n\t\t\t\t\t\t\t<div class=\"elementor-shortcode\">\t\t<div data-elementor-type=\"container\" data-elementor-id=\"10877\" class=\"elementor elementor-10877 elementor-10122\" data-elementor-post-type=\"elementor_library\">\n\t\t\t\t<div class=\"elementor-element elementor-element-732d4b1d e-flex e-con-boxed e-con e-parent\" data-id=\"732d4b1d\" data-element_type=\"container\" data-settings=\"{&quot;background_background&quot;:&quot;classic&quot;}\">\n\t\t\t\t\t<div class=\"e-con-inner\">\n\t\t<div class=\"elementor-element elementor-element-292de293 no-padding e-flex e-con-boxed e-con e-child\" data-id=\"292de293\" data-element_type=\"container\">\n\t\t\t\t\t<div class=\"e-con-inner\">\n\t\t<div class=\"elementor-element elementor-element-4932828c e-con-full e-flex e-con e-child\" data-id=\"4932828c\" data-element_type=\"container\" data-settings=\"{&quot;background_background&quot;:&quot;classic&quot;}\">\n\t\t<div class=\"elementor-element elementor-element-12e11e89 e-con-full e-flex e-con e-child\" data-id=\"12e11e89\" data-element_type=\"container\">\n\t\t\t\t<div class=\"elementor-element elementor-element-4099fc42 elementor-widget elementor-widget-heading\" data-id=\"4099fc42\" data-element_type=\"widget\" data-widget_type=\"heading.default\">\n\t\t\t\t<div class=\"elementor-widget-container\">\n\t\t\t\t\t<h2 class=\"elementor-heading-title elementor-size-default\">W\u00fcnschen Sie ein Angebot?<\/h2>\t\t\t\t<\/div>\n\t\t\t\t<\/div>\n\t\t\t\t<div class=\"elementor-element elementor-element-41afdb35 elementor-widget elementor-widget-text-editor\" data-id=\"41afdb35\" data-element_type=\"widget\" data-widget_type=\"text-editor.default\">\n\t\t\t\t<div class=\"elementor-widget-container\">\n\t\t\t\t\t\t\t\t\t<p>Wir arbeiten haupts\u00e4chlich gem\u00e4\u00df kundenspezifischen Zeichnungen vom jeweiligen Kunden.<\/p>\n<p>\u200b<\/p>\n<p>Unsere Produktion reicht von einem St\u00fcck bis zu gro\u00dfen Serien.<\/p>\n<p>\u200b<\/p>\n<p>Gern sorgen wir auch f\u00fcr die Oberfl\u00e4chenbehandlung fertiger Teile.<\/p>\n<p>\u200b<\/p>\n<p>\u200b<\/p>\n<p>Sie liefern die Daten, St\u00fcckzahlen und Zeichnungen zu CNC Fr\u00e4sen oder CNC Drehen, schnellstens erhalten Sie unser zuverl\u00e4ssiges Angebot.<\/p>\n\t\t\t\t\t\t\t\t<\/div>\n\t\t\t\t<\/div>\n\t\t\t\t<\/div>\n\t\t\t\t<\/div>\n\t\t<div class=\"elementor-element elementor-element-3e930b6a e-con-full e-flex e-con e-child\" data-id=\"3e930b6a\" data-element_type=\"container\">\n\t\t<div class=\"elementor-element elementor-element-37cf2d3 e-con-full dark e-flex e-con e-child\" data-id=\"37cf2d3\" data-element_type=\"container\" data-settings=\"{&quot;background_background&quot;:&quot;classic&quot;}\">\n\t\t<div class=\"elementor-element elementor-element-3fc9b7a9 e-con-full e-flex e-con e-child\" data-id=\"3fc9b7a9\" data-element_type=\"container\">\n\t\t\t\t<div class=\"elementor-element elementor-element-7ecb9cfa elementor-widget elementor-widget-heading\" data-id=\"7ecb9cfa\" data-element_type=\"widget\" data-widget_type=\"heading.default\">\n\t\t\t\t<div class=\"elementor-widget-container\">\n\t\t\t\t\t<h2 class=\"elementor-heading-title elementor-size-default\">Formular ausf\u00fcllen<\/h2>\t\t\t\t<\/div>\n\t\t\t\t<\/div>\n\t\t\t\t<div class=\"elementor-element elementor-element-4d774175 elementor-widget elementor-widget-text-editor\" data-id=\"4d774175\" data-element_type=\"widget\" data-widget_type=\"text-editor.default\">\n\t\t\t\t<div class=\"elementor-widget-container\">\n\t\t\t\t\t\t\t\t\t<div class=\"column step-12-12\">\n<div id=\"site-container-22226\" class=\"Container ModuleElement ContentField con-81 \" data-snap=\"1\" data-containertype=\"ContentField\" data-moduleelement=\"12450\" data-name=\"Form Box\">\n<div class=\"row\">\n<div class=\"column step-12-12\">\n<div id=\"site-container-22225\" class=\"Container ModuleElement Textarea con-58 \" data-snap=\"1\" data-containertype=\"Textarea\" data-moduleelement=\"12523\">\n<div class=\"Module-12523 Textarea\">\n<p>Wir beantworten Anfragen innerhalb von 48 Stunden. Mit * markierte Felder sind erforderlich.<\/p>\n<\/div>\n<p><\/div>\n<p><\/div>\n<p><\/div>\n<p><\/div>\n<p><\/div>\n\t\t\t\t\t\t\t\t<\/div>\n\t\t\t\t<\/div>\n\t\t\t\t<\/div>\n\t\t\t\t<div class=\"elementor-element elementor-element-68e0b01a elementor-widget elementor-widget-shortcode\" data-id=\"68e0b01a\" data-element_type=\"widget\" data-widget_type=\"shortcode.default\">\n\t\t\t\t<div class=\"elementor-widget-container\">\n\t\t\t\t\t\t\t<div class=\"elementor-shortcode\"><form id=\"forminator-module-10876\" class=\"forminator-custom-form forminator-custom-form-10876\" method=\"post\" data-forminator-render=\"0\" data-uid=\"69d2b34e907f0\"><div role=\"alert\" aria-live=\"polite\" class=\"forminator-response-message forminator-error\" aria-hidden=\"true\"><\/div><\/form><\/div>\n\t\t\t\t\t\t<\/div>\n\t\t\t\t<\/div>\n\t\t\t\t<\/div>\n\t\t\t\t<\/div>\n\t\t\t\t\t<\/div>\n\t\t\t\t<\/div>\n\t\t\t\t\t<\/div>\n\t\t\t\t<\/div>\n\t\t\t\t<\/div>\n\t\t<\/div>\n\t\t\t\t\t\t<\/div>\n\t\t\t\t<\/div>\n\t\t\t\t<\/div>\n\t\t\t\t<\/div>\n\t\t","protected":false},"excerpt":{"rendered":"<p>Logistik \u200bWir nutzen ein Strichcodesystem f\u00fcr Arbeitsbeginn\/-ende zur Berechnung der Arbeitszeiten u. a. Dasselbe Strichcodesystem wird zur Registrierung der jeweiligen Auftr\u00e4ge f\u00fcr die Nachkalkulation genutzt \u200bIn unserem Lager nutzen wir Standortangaben Nach Vereinbarung k\u00f6nnen wir f\u00fcr das Lager produzieren, um bei Bedarf auszuliefern Wir hantieren und lagern die Produkte mit gro\u00dfer Sorgfalt Bei Verpackung und &#8230; <a title=\"Logistik\" class=\"read-more\" href=\"https:\/\/ringstedmaskinfabrik.dk\/de\/leistungsuebersicht\/logistik\/\" aria-label=\"Mehr Informationen \u00fcber Logistik\">Weiterlesen &#8230;<\/a><\/p>\n","protected":false},"author":5,"featured_media":0,"parent":10925,"menu_order":1013,"comment_status":"closed","ping_status":"closed","template":"","meta":{"_acf_changed":false,"footnotes":""},"categories":[],"class_list":["post-10874","page","type-page","status-publish"],"acf":[],"yoast_head":"<!-- This site is optimized with the Yoast SEO plugin v27.3 - https:\/\/yoast.com\/product\/yoast-seo-wordpress\/ -->\n<title>L\u00e6s mere om vores Logistik her | Ringsted Maskinfabrik ApS<\/title>\n<meta name=\"description\" content=\"Vi benytter stregkodesystem til komme\/g\u00e5 tider til beregning af arbejdstider m.m.Samme stregkodesystem benyttes til registrering af de enkelte opgaver til efterkalkulationer.Vi benytter lokationangivelser p\u00e5 vores lager.\" \/>\n<meta name=\"robots\" content=\"index, follow, max-snippet:-1, max-image-preview:large, max-video-preview:-1\" \/>\n<link rel=\"canonical\" href=\"https:\/\/ringstedmaskinfabrik.dk\/de\/leistungsuebersicht\/logistik\/\" \/>\n<meta property=\"og:locale\" content=\"de_DE\" \/>\n<meta property=\"og:type\" content=\"article\" \/>\n<meta property=\"og:title\" content=\"L\u00e6s mere om vores Logistik her | Ringsted Maskinfabrik ApS\" \/>\n<meta property=\"og:description\" content=\"Vi benytter stregkodesystem til komme\/g\u00e5 tider til beregning af arbejdstider m.m.Samme stregkodesystem benyttes til registrering af de enkelte opgaver til efterkalkulationer.Vi benytter lokationangivelser p\u00e5 vores lager.\" \/>\n<meta property=\"og:url\" content=\"https:\/\/ringstedmaskinfabrik.dk\/de\/leistungsuebersicht\/logistik\/\" \/>\n<meta property=\"og:site_name\" content=\"Ringsted Maskinfabrik ApS\" \/>\n<meta property=\"article:modified_time\" content=\"2025-11-14T10:17:19+00:00\" \/>\n<meta name=\"twitter:card\" content=\"summary_large_image\" \/>\n<script type=\"application\/ld+json\" class=\"yoast-schema-graph\">{\"@context\":\"https:\\\/\\\/schema.org\",\"@graph\":[{\"@type\":\"WebPage\",\"@id\":\"https:\\\/\\\/ringstedmaskinfabrik.dk\\\/de\\\/leistungsuebersicht\\\/logistik\\\/\",\"url\":\"https:\\\/\\\/ringstedmaskinfabrik.dk\\\/de\\\/leistungsuebersicht\\\/logistik\\\/\",\"name\":\"L\u00e6s mere om vores Logistik her | Ringsted Maskinfabrik ApS\",\"isPartOf\":{\"@id\":\"https:\\\/\\\/ringstedmaskinfabrik.dk\\\/de\\\/#website\"},\"datePublished\":\"2025-10-01T10:44:52+00:00\",\"dateModified\":\"2025-11-14T10:17:19+00:00\",\"description\":\"Vi benytter stregkodesystem til komme\\\/g\u00e5 tider til beregning af arbejdstider m.m.Samme stregkodesystem benyttes til registrering af de enkelte opgaver til efterkalkulationer.Vi benytter lokationangivelser p\u00e5 vores lager.\",\"breadcrumb\":{\"@id\":\"https:\\\/\\\/ringstedmaskinfabrik.dk\\\/de\\\/leistungsuebersicht\\\/logistik\\\/#breadcrumb\"},\"inLanguage\":\"de\",\"potentialAction\":[{\"@type\":\"ReadAction\",\"target\":[\"https:\\\/\\\/ringstedmaskinfabrik.dk\\\/de\\\/leistungsuebersicht\\\/logistik\\\/\"]}]},{\"@type\":\"BreadcrumbList\",\"@id\":\"https:\\\/\\\/ringstedmaskinfabrik.dk\\\/de\\\/leistungsuebersicht\\\/logistik\\\/#breadcrumb\",\"itemListElement\":[{\"@type\":\"ListItem\",\"position\":1,\"name\":\"Forside\",\"item\":\"https:\\\/\\\/ringstedmaskinfabrik.dk\\\/de\\\/\"},{\"@type\":\"ListItem\",\"position\":2,\"name\":\"Leistungs\u00fcbersicht\",\"item\":\"https:\\\/\\\/ringstedmaskinfabrik.dk\\\/de\\\/vi-tilbyder-aspx\\\/\"},{\"@type\":\"ListItem\",\"position\":3,\"name\":\"Logistik\"}]},{\"@type\":\"WebSite\",\"@id\":\"https:\\\/\\\/ringstedmaskinfabrik.dk\\\/de\\\/#website\",\"url\":\"https:\\\/\\\/ringstedmaskinfabrik.dk\\\/de\\\/\",\"name\":\"Ringsted Maskinfabrik ApS\",\"description\":\"CNC-fr\u00e6sning, CNC-drejning, pladebearbejdning, svejsning, mekanisk montage m.m.\",\"publisher\":{\"@id\":\"https:\\\/\\\/ringstedmaskinfabrik.dk\\\/de\\\/#organization\"},\"potentialAction\":[{\"@type\":\"SearchAction\",\"target\":{\"@type\":\"EntryPoint\",\"urlTemplate\":\"https:\\\/\\\/ringstedmaskinfabrik.dk\\\/de\\\/?s={search_term_string}\"},\"query-input\":{\"@type\":\"PropertyValueSpecification\",\"valueRequired\":true,\"valueName\":\"search_term_string\"}}],\"inLanguage\":\"de\"},{\"@type\":\"Organization\",\"@id\":\"https:\\\/\\\/ringstedmaskinfabrik.dk\\\/de\\\/#organization\",\"name\":\"Ringsted Maskinfabrik ApS\",\"url\":\"https:\\\/\\\/ringstedmaskinfabrik.dk\\\/de\\\/\",\"logo\":{\"@type\":\"ImageObject\",\"inLanguage\":\"de\",\"@id\":\"https:\\\/\\\/ringstedmaskinfabrik.dk\\\/de\\\/#\\\/schema\\\/logo\\\/image\\\/\",\"url\":\"https:\\\/\\\/ringstedmaskinfabrik.dk\\\/wp-content\\\/uploads\\\/2025\\\/10\\\/imgi_3_logo-ringstedmaskinfabrik_708.png\",\"contentUrl\":\"https:\\\/\\\/ringstedmaskinfabrik.dk\\\/wp-content\\\/uploads\\\/2025\\\/10\\\/imgi_3_logo-ringstedmaskinfabrik_708.png\",\"width\":230,\"height\":94,\"caption\":\"Ringsted Maskinfabrik ApS\"},\"image\":{\"@id\":\"https:\\\/\\\/ringstedmaskinfabrik.dk\\\/de\\\/#\\\/schema\\\/logo\\\/image\\\/\"}}]}<\/script>\n<!-- \/ Yoast SEO plugin. -->","yoast_head_json":{"title":"L\u00e6s mere om vores Logistik her | Ringsted Maskinfabrik ApS","description":"Vi benytter stregkodesystem til komme\/g\u00e5 tider til beregning af arbejdstider m.m.Samme stregkodesystem benyttes til registrering af de enkelte opgaver til efterkalkulationer.Vi benytter lokationangivelser p\u00e5 vores lager.","robots":{"index":"index","follow":"follow","max-snippet":"max-snippet:-1","max-image-preview":"max-image-preview:large","max-video-preview":"max-video-preview:-1"},"canonical":"https:\/\/ringstedmaskinfabrik.dk\/de\/leistungsuebersicht\/logistik\/","og_locale":"de_DE","og_type":"article","og_title":"L\u00e6s mere om vores Logistik her | Ringsted Maskinfabrik ApS","og_description":"Vi benytter stregkodesystem til komme\/g\u00e5 tider til beregning af arbejdstider m.m.Samme stregkodesystem benyttes til registrering af de enkelte opgaver til efterkalkulationer.Vi benytter lokationangivelser p\u00e5 vores lager.","og_url":"https:\/\/ringstedmaskinfabrik.dk\/de\/leistungsuebersicht\/logistik\/","og_site_name":"Ringsted Maskinfabrik ApS","article_modified_time":"2025-11-14T10:17:19+00:00","twitter_card":"summary_large_image","schema":{"@context":"https:\/\/schema.org","@graph":[{"@type":"WebPage","@id":"https:\/\/ringstedmaskinfabrik.dk\/de\/leistungsuebersicht\/logistik\/","url":"https:\/\/ringstedmaskinfabrik.dk\/de\/leistungsuebersicht\/logistik\/","name":"L\u00e6s mere om vores Logistik her | Ringsted Maskinfabrik ApS","isPartOf":{"@id":"https:\/\/ringstedmaskinfabrik.dk\/de\/#website"},"datePublished":"2025-10-01T10:44:52+00:00","dateModified":"2025-11-14T10:17:19+00:00","description":"Vi benytter stregkodesystem til komme\/g\u00e5 tider til beregning af arbejdstider m.m.Samme stregkodesystem benyttes til registrering af de enkelte opgaver til efterkalkulationer.Vi benytter lokationangivelser p\u00e5 vores lager.","breadcrumb":{"@id":"https:\/\/ringstedmaskinfabrik.dk\/de\/leistungsuebersicht\/logistik\/#breadcrumb"},"inLanguage":"de","potentialAction":[{"@type":"ReadAction","target":["https:\/\/ringstedmaskinfabrik.dk\/de\/leistungsuebersicht\/logistik\/"]}]},{"@type":"BreadcrumbList","@id":"https:\/\/ringstedmaskinfabrik.dk\/de\/leistungsuebersicht\/logistik\/#breadcrumb","itemListElement":[{"@type":"ListItem","position":1,"name":"Forside","item":"https:\/\/ringstedmaskinfabrik.dk\/de\/"},{"@type":"ListItem","position":2,"name":"Leistungs\u00fcbersicht","item":"https:\/\/ringstedmaskinfabrik.dk\/de\/vi-tilbyder-aspx\/"},{"@type":"ListItem","position":3,"name":"Logistik"}]},{"@type":"WebSite","@id":"https:\/\/ringstedmaskinfabrik.dk\/de\/#website","url":"https:\/\/ringstedmaskinfabrik.dk\/de\/","name":"Ringsted Maskinfabrik ApS","description":"CNC-fr\u00e6sning, CNC-drejning, pladebearbejdning, svejsning, mekanisk montage m.m.","publisher":{"@id":"https:\/\/ringstedmaskinfabrik.dk\/de\/#organization"},"potentialAction":[{"@type":"SearchAction","target":{"@type":"EntryPoint","urlTemplate":"https:\/\/ringstedmaskinfabrik.dk\/de\/?s={search_term_string}"},"query-input":{"@type":"PropertyValueSpecification","valueRequired":true,"valueName":"search_term_string"}}],"inLanguage":"de"},{"@type":"Organization","@id":"https:\/\/ringstedmaskinfabrik.dk\/de\/#organization","name":"Ringsted Maskinfabrik ApS","url":"https:\/\/ringstedmaskinfabrik.dk\/de\/","logo":{"@type":"ImageObject","inLanguage":"de","@id":"https:\/\/ringstedmaskinfabrik.dk\/de\/#\/schema\/logo\/image\/","url":"https:\/\/ringstedmaskinfabrik.dk\/wp-content\/uploads\/2025\/10\/imgi_3_logo-ringstedmaskinfabrik_708.png","contentUrl":"https:\/\/ringstedmaskinfabrik.dk\/wp-content\/uploads\/2025\/10\/imgi_3_logo-ringstedmaskinfabrik_708.png","width":230,"height":94,"caption":"Ringsted Maskinfabrik ApS"},"image":{"@id":"https:\/\/ringstedmaskinfabrik.dk\/de\/#\/schema\/logo\/image\/"}}]}},"_links":{"self":[{"href":"https:\/\/ringstedmaskinfabrik.dk\/de\/wp-json\/wp\/v2\/pages\/10874","targetHints":{"allow":["GET"]}}],"collection":[{"href":"https:\/\/ringstedmaskinfabrik.dk\/de\/wp-json\/wp\/v2\/pages"}],"about":[{"href":"https:\/\/ringstedmaskinfabrik.dk\/de\/wp-json\/wp\/v2\/types\/page"}],"author":[{"embeddable":true,"href":"https:\/\/ringstedmaskinfabrik.dk\/de\/wp-json\/wp\/v2\/users\/5"}],"replies":[{"embeddable":true,"href":"https:\/\/ringstedmaskinfabrik.dk\/de\/wp-json\/wp\/v2\/comments?post=10874"}],"version-history":[{"count":1,"href":"https:\/\/ringstedmaskinfabrik.dk\/de\/wp-json\/wp\/v2\/pages\/10874\/revisions"}],"predecessor-version":[{"id":10875,"href":"https:\/\/ringstedmaskinfabrik.dk\/de\/wp-json\/wp\/v2\/pages\/10874\/revisions\/10875"}],"up":[{"embeddable":true,"href":"https:\/\/ringstedmaskinfabrik.dk\/de\/wp-json\/wp\/v2\/pages\/10925"}],"wp:attachment":[{"href":"https:\/\/ringstedmaskinfabrik.dk\/de\/wp-json\/wp\/v2\/media?parent=10874"}],"wp:term":[{"taxonomy":"category","embeddable":true,"href":"https:\/\/ringstedmaskinfabrik.dk\/de\/wp-json\/wp\/v2\/categories?post=10874"}],"curies":[{"name":"wp","href":"https:\/\/api.w.org\/{rel}","templated":true}]}}