{"id":10882,"date":"2025-10-01T12:44:52","date_gmt":"2025-10-01T10:44:52","guid":{"rendered":"https:\/\/ringstedmaskinfabrik.dk\/ueber-uns\/"},"modified":"2025-11-07T11:38:46","modified_gmt":"2025-11-07T10:38:46","slug":"ueber-uns","status":"publish","type":"page","link":"https:\/\/ringstedmaskinfabrik.dk\/de\/ueber-uns\/","title":{"rendered":"\u00dcber uns\u200b"},"content":{"rendered":"\t\t<div data-elementor-type=\"wp-page\" data-elementor-id=\"10882\" class=\"elementor elementor-10882 elementor-10088\" data-elementor-post-type=\"page\">\n\t\t\t\t<div class=\"elementor-element elementor-element-1370539 e-flex e-con-boxed e-con e-parent\" data-id=\"1370539\" data-element_type=\"container\" data-settings=\"{&quot;background_background&quot;:&quot;classic&quot;}\">\n\t\t\t\t\t<div class=\"e-con-inner\">\n\t\t\t\t\t<\/div>\n\t\t\t\t<\/div>\n\t\t<div class=\"elementor-element elementor-element-26c88d6 e-flex e-con-boxed e-con e-parent\" data-id=\"26c88d6\" data-element_type=\"container\">\n\t\t\t\t\t<div class=\"e-con-inner\">\n\t\t<div class=\"elementor-element elementor-element-28d9dd2 e-con-full e-flex e-con e-child\" data-id=\"28d9dd2\" data-element_type=\"container\" data-settings=\"{&quot;background_background&quot;:&quot;classic&quot;}\">\n\t\t<div class=\"elementor-element elementor-element-49fcd48 e-con-full e-flex e-con e-child\" data-id=\"49fcd48\" data-element_type=\"container\">\n\t\t\t\t<div class=\"elementor-element elementor-element-9d43bdf elementor-widget elementor-widget-heading\" data-id=\"9d43bdf\" data-element_type=\"widget\" data-widget_type=\"heading.default\">\n\t\t\t\t<div class=\"elementor-widget-container\">\n\t\t\t\t\t<h2 class=\"elementor-heading-title elementor-size-default\">\u00dcber uns\u200b<\/h2>\t\t\t\t<\/div>\n\t\t\t\t<\/div>\n\t\t\t\t<div class=\"elementor-element elementor-element-01c9a0c elementor-widget elementor-widget-text-editor\" data-id=\"01c9a0c\" data-element_type=\"widget\" data-widget_type=\"text-editor.default\">\n\t\t\t\t<div class=\"elementor-widget-container\">\n\t\t\t\t\t\t\t\t\t<p>Ringsted Maskinfabrik ApS ist heute ein modernes Unternehmen mit Kunden in vielen verschiedenen Branchen und Firmen.<\/p>\n<p>\u200b<\/p>\n<p>Wir \u00fcbernehmen alle Arten von Zuliefererarbeiten, u. a. die zerspanende Bearbeitung von Stahl \u2013 Edelstahl \u2013 Metallen \u2013 Nylon \u2013 Kunststoff usw., prim\u00e4r an hochtechnologischen CNC-Maschinen mit umfangreicher Werkzeugausstattung, aber auch an konventionellen Maschinen.<\/p>\n<p>\u200b<\/p>\n<p>Au\u00dferdem auch die Blechbearbeitung, Schneide-, Biege- und Stanzaufgaben, Federn, B\u00fcgel, Beschl\u00e4ge sowie Schwei\u00dfarbeiten: MIG-, TIG- und Bolzenschwei\u00dfen.<\/p>\n<p>\u200b<\/p>\n<p>\u00b7\u200bNach Vereinbarung k\u00f6nnen wir einige Produkte auch am Lager f\u00fchren<\/p>\n<p>\u00b7\u200bWir arbeiten haupts\u00e4chlich gem\u00e4\u00df kundenspezifischen Zeichnungen vom jeweiligen Kunden<\/p>\n<p>\u00b7\u200bUnsere Produktion reicht von einem St\u00fcck bis zu gro\u00dfen Serien<\/p>\n<p>\u00b7\u200bGern sorgen wir auch f\u00fcr die Oberfl\u00e4chenbehandlung fertiger Teile<\/p>\n<p>Wir arbeiten mit Navision Financials, wo wir das Augenmerk vor allem auf St\u00fccklistenunterteilungen richten.\u200b F\u00fcr die Erfassung der Auftr\u00e4ge\/Mitarbeiter nutzen wir ein Strichcodesystem.<\/p>\n<p>\u200b<\/p>\n<p>\u200bProduktionstechnisch arbeiten wir mit Mastercam sowie DNC-Max f\u00fcr unsere CNC-Maschinen + Cimatron 3D.<\/p>\n<p>Momentan z\u00e4hlen wir 8 Besch\u00e4ftigte, u. a. Gesch\u00e4ftsf\u00fchrer Hans Larsen und Projektmitarbeiter Henrik Christensen.<\/p>\n\t\t\t\t\t\t\t\t<\/div>\n\t\t\t\t<\/div>\n\t\t<div class=\"elementor-element elementor-element-ca32986 e-con-full e-flex e-con e-child\" data-id=\"ca32986\" data-element_type=\"container\" data-settings=\"{&quot;background_background&quot;:&quot;classic&quot;}\">\n\t\t\t\t<\/div>\n\t\t\t\t<\/div>\n\t\t\t\t<\/div>\n\t\t\t\t\t<\/div>\n\t\t\t\t<\/div>\n\t\t\t\t<\/div>\n\t\t","protected":false},"excerpt":{"rendered":"<p>\u00dcber uns\u200b Ringsted Maskinfabrik ApS ist heute ein modernes Unternehmen mit Kunden in vielen verschiedenen Branchen und Firmen. \u200b Wir \u00fcbernehmen alle Arten von Zuliefererarbeiten, u. a. die zerspanende Bearbeitung von Stahl \u2013 Edelstahl \u2013 Metallen \u2013 Nylon \u2013 Kunststoff usw., prim\u00e4r an hochtechnologischen CNC-Maschinen mit umfangreicher Werkzeugausstattung, aber auch an konventionellen Maschinen. \u200b Au\u00dferdem &#8230; <a title=\"\u00dcber uns\u200b\" class=\"read-more\" href=\"https:\/\/ringstedmaskinfabrik.dk\/de\/ueber-uns\/\" aria-label=\"Mehr Informationen \u00fcber \u00dcber uns\u200b\">Weiterlesen &#8230;<\/a><\/p>\n","protected":false},"author":5,"featured_media":0,"parent":0,"menu_order":1002,"comment_status":"closed","ping_status":"closed","template":"","meta":{"_acf_changed":false,"footnotes":""},"categories":[],"class_list":["post-10882","page","type-page","status-publish"],"acf":[],"yoast_head":"<!-- This site is optimized with the Yoast SEO plugin v27.4 - https:\/\/yoast.com\/product\/yoast-seo-wordpress\/ -->\n<title>Ringsted Maskinfabrik | Mere end 25 \u00e5rs erfaring | CNC-maskiner<\/title>\n<meta name=\"description\" content=\"Produktionsm\u00e6ssigt k\u00f8rer vi Mastercam samt DNC-Max til vores CNC-maskiner+ Cimatron 3D. Vi benytter os af stregkodesystem til vores job\/medarbejderregistreringer. Vi bearbejder udover st\u00e5l ogs\u00e5 i rustfri, aluminium og plast samt st\u00f8bte emner.\" \/>\n<meta name=\"robots\" content=\"index, follow, max-snippet:-1, max-image-preview:large, max-video-preview:-1\" \/>\n<link rel=\"canonical\" href=\"https:\/\/ringstedmaskinfabrik.dk\/de\/ueber-uns\/\" \/>\n<meta property=\"og:locale\" content=\"de_DE\" \/>\n<meta property=\"og:type\" content=\"article\" \/>\n<meta property=\"og:title\" content=\"Ringsted Maskinfabrik | Mere end 25 \u00e5rs erfaring | CNC-maskiner\" \/>\n<meta property=\"og:description\" content=\"Produktionsm\u00e6ssigt k\u00f8rer vi Mastercam samt DNC-Max til vores CNC-maskiner+ Cimatron 3D. Vi benytter os af stregkodesystem til vores job\/medarbejderregistreringer. Vi bearbejder udover st\u00e5l ogs\u00e5 i rustfri, aluminium og plast samt st\u00f8bte emner.\" \/>\n<meta property=\"og:url\" content=\"https:\/\/ringstedmaskinfabrik.dk\/de\/ueber-uns\/\" \/>\n<meta property=\"og:site_name\" content=\"Ringsted Maskinfabrik ApS\" \/>\n<meta property=\"article:modified_time\" content=\"2025-11-07T10:38:46+00:00\" \/>\n<meta name=\"twitter:card\" content=\"summary_large_image\" \/>\n<meta name=\"twitter:label1\" content=\"Gesch\u00e4tzte Lesezeit\" \/>\n\t<meta name=\"twitter:data1\" content=\"1\u00a0Minute\" \/>\n<script type=\"application\/ld+json\" class=\"yoast-schema-graph\">{\"@context\":\"https:\\\/\\\/schema.org\",\"@graph\":[{\"@type\":\"WebPage\",\"@id\":\"https:\\\/\\\/ringstedmaskinfabrik.dk\\\/de\\\/ueber-uns\\\/\",\"url\":\"https:\\\/\\\/ringstedmaskinfabrik.dk\\\/de\\\/ueber-uns\\\/\",\"name\":\"Ringsted Maskinfabrik | Mere end 25 \u00e5rs erfaring | CNC-maskiner\",\"isPartOf\":{\"@id\":\"https:\\\/\\\/ringstedmaskinfabrik.dk\\\/de\\\/#website\"},\"datePublished\":\"2025-10-01T10:44:52+00:00\",\"dateModified\":\"2025-11-07T10:38:46+00:00\",\"description\":\"Produktionsm\u00e6ssigt k\u00f8rer vi Mastercam samt DNC-Max til vores CNC-maskiner+ Cimatron 3D. Vi benytter os af stregkodesystem til vores job\\\/medarbejderregistreringer. Vi bearbejder udover st\u00e5l ogs\u00e5 i rustfri, aluminium og plast samt st\u00f8bte emner.\",\"breadcrumb\":{\"@id\":\"https:\\\/\\\/ringstedmaskinfabrik.dk\\\/de\\\/ueber-uns\\\/#breadcrumb\"},\"inLanguage\":\"de\",\"potentialAction\":[{\"@type\":\"ReadAction\",\"target\":[\"https:\\\/\\\/ringstedmaskinfabrik.dk\\\/de\\\/ueber-uns\\\/\"]}]},{\"@type\":\"BreadcrumbList\",\"@id\":\"https:\\\/\\\/ringstedmaskinfabrik.dk\\\/de\\\/ueber-uns\\\/#breadcrumb\",\"itemListElement\":[{\"@type\":\"ListItem\",\"position\":1,\"name\":\"Forside\",\"item\":\"https:\\\/\\\/ringstedmaskinfabrik.dk\\\/de\\\/\"},{\"@type\":\"ListItem\",\"position\":2,\"name\":\"\u00dcber uns\u200b\"}]},{\"@type\":\"WebSite\",\"@id\":\"https:\\\/\\\/ringstedmaskinfabrik.dk\\\/de\\\/#website\",\"url\":\"https:\\\/\\\/ringstedmaskinfabrik.dk\\\/de\\\/\",\"name\":\"Ringsted Maskinfabrik ApS\",\"description\":\"CNC-fr\u00e6sning, CNC-drejning, pladebearbejdning, svejsning, mekanisk montage m.m.\",\"publisher\":{\"@id\":\"https:\\\/\\\/ringstedmaskinfabrik.dk\\\/de\\\/#organization\"},\"potentialAction\":[{\"@type\":\"SearchAction\",\"target\":{\"@type\":\"EntryPoint\",\"urlTemplate\":\"https:\\\/\\\/ringstedmaskinfabrik.dk\\\/de\\\/?s={search_term_string}\"},\"query-input\":{\"@type\":\"PropertyValueSpecification\",\"valueRequired\":true,\"valueName\":\"search_term_string\"}}],\"inLanguage\":\"de\"},{\"@type\":\"Organization\",\"@id\":\"https:\\\/\\\/ringstedmaskinfabrik.dk\\\/de\\\/#organization\",\"name\":\"Ringsted Maskinfabrik ApS\",\"url\":\"https:\\\/\\\/ringstedmaskinfabrik.dk\\\/de\\\/\",\"logo\":{\"@type\":\"ImageObject\",\"inLanguage\":\"de\",\"@id\":\"https:\\\/\\\/ringstedmaskinfabrik.dk\\\/de\\\/#\\\/schema\\\/logo\\\/image\\\/\",\"url\":\"https:\\\/\\\/ringstedmaskinfabrik.dk\\\/wp-content\\\/uploads\\\/2025\\\/10\\\/imgi_3_logo-ringstedmaskinfabrik_708.png\",\"contentUrl\":\"https:\\\/\\\/ringstedmaskinfabrik.dk\\\/wp-content\\\/uploads\\\/2025\\\/10\\\/imgi_3_logo-ringstedmaskinfabrik_708.png\",\"width\":230,\"height\":94,\"caption\":\"Ringsted Maskinfabrik ApS\"},\"image\":{\"@id\":\"https:\\\/\\\/ringstedmaskinfabrik.dk\\\/de\\\/#\\\/schema\\\/logo\\\/image\\\/\"}}]}<\/script>\n<!-- \/ Yoast SEO plugin. -->","yoast_head_json":{"title":"Ringsted Maskinfabrik | Mere end 25 \u00e5rs erfaring | CNC-maskiner","description":"Produktionsm\u00e6ssigt k\u00f8rer vi Mastercam samt DNC-Max til vores CNC-maskiner+ Cimatron 3D. Vi benytter os af stregkodesystem til vores job\/medarbejderregistreringer. Vi bearbejder udover st\u00e5l ogs\u00e5 i rustfri, aluminium og plast samt st\u00f8bte emner.","robots":{"index":"index","follow":"follow","max-snippet":"max-snippet:-1","max-image-preview":"max-image-preview:large","max-video-preview":"max-video-preview:-1"},"canonical":"https:\/\/ringstedmaskinfabrik.dk\/de\/ueber-uns\/","og_locale":"de_DE","og_type":"article","og_title":"Ringsted Maskinfabrik | Mere end 25 \u00e5rs erfaring | CNC-maskiner","og_description":"Produktionsm\u00e6ssigt k\u00f8rer vi Mastercam samt DNC-Max til vores CNC-maskiner+ Cimatron 3D. Vi benytter os af stregkodesystem til vores job\/medarbejderregistreringer. Vi bearbejder udover st\u00e5l ogs\u00e5 i rustfri, aluminium og plast samt st\u00f8bte emner.","og_url":"https:\/\/ringstedmaskinfabrik.dk\/de\/ueber-uns\/","og_site_name":"Ringsted Maskinfabrik ApS","article_modified_time":"2025-11-07T10:38:46+00:00","twitter_card":"summary_large_image","twitter_misc":{"Gesch\u00e4tzte Lesezeit":"1\u00a0Minute"},"schema":{"@context":"https:\/\/schema.org","@graph":[{"@type":"WebPage","@id":"https:\/\/ringstedmaskinfabrik.dk\/de\/ueber-uns\/","url":"https:\/\/ringstedmaskinfabrik.dk\/de\/ueber-uns\/","name":"Ringsted Maskinfabrik | Mere end 25 \u00e5rs erfaring | CNC-maskiner","isPartOf":{"@id":"https:\/\/ringstedmaskinfabrik.dk\/de\/#website"},"datePublished":"2025-10-01T10:44:52+00:00","dateModified":"2025-11-07T10:38:46+00:00","description":"Produktionsm\u00e6ssigt k\u00f8rer vi Mastercam samt DNC-Max til vores CNC-maskiner+ Cimatron 3D. Vi benytter os af stregkodesystem til vores job\/medarbejderregistreringer. Vi bearbejder udover st\u00e5l ogs\u00e5 i rustfri, aluminium og plast samt st\u00f8bte emner.","breadcrumb":{"@id":"https:\/\/ringstedmaskinfabrik.dk\/de\/ueber-uns\/#breadcrumb"},"inLanguage":"de","potentialAction":[{"@type":"ReadAction","target":["https:\/\/ringstedmaskinfabrik.dk\/de\/ueber-uns\/"]}]},{"@type":"BreadcrumbList","@id":"https:\/\/ringstedmaskinfabrik.dk\/de\/ueber-uns\/#breadcrumb","itemListElement":[{"@type":"ListItem","position":1,"name":"Forside","item":"https:\/\/ringstedmaskinfabrik.dk\/de\/"},{"@type":"ListItem","position":2,"name":"\u00dcber uns\u200b"}]},{"@type":"WebSite","@id":"https:\/\/ringstedmaskinfabrik.dk\/de\/#website","url":"https:\/\/ringstedmaskinfabrik.dk\/de\/","name":"Ringsted Maskinfabrik ApS","description":"CNC-fr\u00e6sning, CNC-drejning, pladebearbejdning, svejsning, mekanisk montage m.m.","publisher":{"@id":"https:\/\/ringstedmaskinfabrik.dk\/de\/#organization"},"potentialAction":[{"@type":"SearchAction","target":{"@type":"EntryPoint","urlTemplate":"https:\/\/ringstedmaskinfabrik.dk\/de\/?s={search_term_string}"},"query-input":{"@type":"PropertyValueSpecification","valueRequired":true,"valueName":"search_term_string"}}],"inLanguage":"de"},{"@type":"Organization","@id":"https:\/\/ringstedmaskinfabrik.dk\/de\/#organization","name":"Ringsted Maskinfabrik ApS","url":"https:\/\/ringstedmaskinfabrik.dk\/de\/","logo":{"@type":"ImageObject","inLanguage":"de","@id":"https:\/\/ringstedmaskinfabrik.dk\/de\/#\/schema\/logo\/image\/","url":"https:\/\/ringstedmaskinfabrik.dk\/wp-content\/uploads\/2025\/10\/imgi_3_logo-ringstedmaskinfabrik_708.png","contentUrl":"https:\/\/ringstedmaskinfabrik.dk\/wp-content\/uploads\/2025\/10\/imgi_3_logo-ringstedmaskinfabrik_708.png","width":230,"height":94,"caption":"Ringsted Maskinfabrik ApS"},"image":{"@id":"https:\/\/ringstedmaskinfabrik.dk\/de\/#\/schema\/logo\/image\/"}}]}},"_links":{"self":[{"href":"https:\/\/ringstedmaskinfabrik.dk\/de\/wp-json\/wp\/v2\/pages\/10882","targetHints":{"allow":["GET"]}}],"collection":[{"href":"https:\/\/ringstedmaskinfabrik.dk\/de\/wp-json\/wp\/v2\/pages"}],"about":[{"href":"https:\/\/ringstedmaskinfabrik.dk\/de\/wp-json\/wp\/v2\/types\/page"}],"author":[{"embeddable":true,"href":"https:\/\/ringstedmaskinfabrik.dk\/de\/wp-json\/wp\/v2\/users\/5"}],"replies":[{"embeddable":true,"href":"https:\/\/ringstedmaskinfabrik.dk\/de\/wp-json\/wp\/v2\/comments?post=10882"}],"version-history":[{"count":1,"href":"https:\/\/ringstedmaskinfabrik.dk\/de\/wp-json\/wp\/v2\/pages\/10882\/revisions"}],"predecessor-version":[{"id":10883,"href":"https:\/\/ringstedmaskinfabrik.dk\/de\/wp-json\/wp\/v2\/pages\/10882\/revisions\/10883"}],"wp:attachment":[{"href":"https:\/\/ringstedmaskinfabrik.dk\/de\/wp-json\/wp\/v2\/media?parent=10882"}],"wp:term":[{"taxonomy":"category","embeddable":true,"href":"https:\/\/ringstedmaskinfabrik.dk\/de\/wp-json\/wp\/v2\/categories?post=10882"}],"curies":[{"name":"wp","href":"https:\/\/api.w.org\/{rel}","templated":true}]}}