{"id":10884,"date":"2025-10-01T12:44:52","date_gmt":"2025-10-01T10:44:52","guid":{"rendered":"https:\/\/ringstedmaskinfabrik.dk\/referenzen\/"},"modified":"2025-11-14T11:39:50","modified_gmt":"2025-11-14T10:39:50","slug":"referenzen","status":"publish","type":"page","link":"https:\/\/ringstedmaskinfabrik.dk\/de\/referenzen\/","title":{"rendered":"Referenzen"},"content":{"rendered":"\t\t<div data-elementor-type=\"wp-page\" data-elementor-id=\"10884\" class=\"elementor elementor-10884 elementor-10090\" data-elementor-post-type=\"page\">\n\t\t\t\t<div class=\"elementor-element elementor-element-3a6aafb e-flex e-con-boxed e-con e-parent\" data-id=\"3a6aafb\" data-element_type=\"container\" data-settings=\"{&quot;background_background&quot;:&quot;classic&quot;}\">\n\t\t\t\t\t<div class=\"e-con-inner\">\n\t\t\t\t\t<\/div>\n\t\t\t\t<\/div>\n\t\t<div class=\"elementor-element elementor-element-562134d e-flex e-con-boxed e-con e-parent\" data-id=\"562134d\" data-element_type=\"container\">\n\t\t\t\t\t<div class=\"e-con-inner\">\n\t\t<div class=\"elementor-element elementor-element-cd00e53 e-con-full e-flex e-con e-child\" data-id=\"cd00e53\" data-element_type=\"container\" data-settings=\"{&quot;background_background&quot;:&quot;classic&quot;}\">\n\t\t<div class=\"elementor-element elementor-element-199e2f0 e-con-full e-flex e-con e-child\" data-id=\"199e2f0\" data-element_type=\"container\">\n\t\t\t\t<div class=\"elementor-element elementor-element-c21d902 elementor-widget elementor-widget-heading\" data-id=\"c21d902\" data-element_type=\"widget\" data-widget_type=\"heading.default\">\n\t\t\t\t<div class=\"elementor-widget-container\">\n\t\t\t\t\t<h2 class=\"elementor-heading-title elementor-size-default\">Referenzen<\/h2>\t\t\t\t<\/div>\n\t\t\t\t<\/div>\n\t\t\t\t<div class=\"elementor-element elementor-element-d0872f6 elementor-widget elementor-widget-gallery\" data-id=\"d0872f6\" data-element_type=\"widget\" data-settings=\"{&quot;columns&quot;:3,&quot;aspect_ratio&quot;:&quot;1:1&quot;,&quot;lazyload&quot;:&quot;yes&quot;,&quot;gallery_layout&quot;:&quot;grid&quot;,&quot;columns_tablet&quot;:2,&quot;columns_mobile&quot;:1,&quot;gap&quot;:{&quot;unit&quot;:&quot;px&quot;,&quot;size&quot;:10,&quot;sizes&quot;:[]},&quot;gap_laptop&quot;:{&quot;unit&quot;:&quot;px&quot;,&quot;size&quot;:10,&quot;sizes&quot;:[]},&quot;gap_tablet&quot;:{&quot;unit&quot;:&quot;px&quot;,&quot;size&quot;:10,&quot;sizes&quot;:[]},&quot;gap_mobile&quot;:{&quot;unit&quot;:&quot;px&quot;,&quot;size&quot;:10,&quot;sizes&quot;:[]},&quot;link_to&quot;:&quot;file&quot;,&quot;overlay_background&quot;:&quot;yes&quot;,&quot;content_hover_animation&quot;:&quot;fade-in&quot;}\" data-widget_type=\"gallery.default\">\n\t\t\t\t<div class=\"elementor-widget-container\">\n\t\t\t\t\t\t\t<div class=\"elementor-gallery__container\">\n\t\t\t\t\t\t\t<a class=\"e-gallery-item elementor-gallery-item elementor-animated-content\" href=\"https:\/\/ringstedmaskinfabrik.dk\/wp-content\/uploads\/2025\/11\/imgi_7_defence-industry_2073-1.png\" data-elementor-open-lightbox=\"yes\" data-elementor-lightbox-slideshow=\"d0872f6\" data-e-action-hash=\"#elementor-action%3Aaction%3Dlightbox%26settings%3DeyJpZCI6MTA3NjgsInVybCI6Imh0dHBzOlwvXC9yaW5nc3RlZG1hc2tpbmZhYnJpay5ka1wvd3AtY29udGVudFwvdXBsb2Fkc1wvMjAyNVwvMTFcL2ltZ2lfN19kZWZlbmNlLWluZHVzdHJ5XzIwNzMtMS5wbmciLCJzbGlkZXNob3ciOiJkMDg3MmY2In0%3D\" data-rel=\"-image-0\" data-rl_title=\"\" data-rl_caption=\"\" title=\"\">\n\t\t\t\t\t<div class=\"e-gallery-image elementor-gallery-item__image\" data-thumbnail=\"https:\/\/ringstedmaskinfabrik.dk\/wp-content\/uploads\/2025\/11\/imgi_7_defence-industry_2073-1.png\" data-width=\"250\" data-height=\"250\" aria-label=\"\" role=\"img\" ><\/div>\n\t\t\t\t\t\t\t\t\t\t\t<div class=\"elementor-gallery-item__overlay\"><\/div>\n\t\t\t\t\t\t\t\t\t\t\t\t\t\t<\/a>\n\t\t\t\t\t\t\t<a class=\"e-gallery-item elementor-gallery-item elementor-animated-content\" href=\"https:\/\/ringstedmaskinfabrik.dk\/wp-content\/uploads\/2025\/11\/imgi_8_robotics_1253-1.png\" data-elementor-open-lightbox=\"yes\" data-elementor-lightbox-slideshow=\"d0872f6\" data-e-action-hash=\"#elementor-action%3Aaction%3Dlightbox%26settings%3DeyJpZCI6MTA3NzYsInVybCI6Imh0dHBzOlwvXC9yaW5nc3RlZG1hc2tpbmZhYnJpay5ka1wvd3AtY29udGVudFwvdXBsb2Fkc1wvMjAyNVwvMTFcL2ltZ2lfOF9yb2JvdGljc18xMjUzLTEucG5nIiwic2xpZGVzaG93IjoiZDA4NzJmNiJ9\" data-rel=\"-image-1\" data-rl_title=\"\" data-rl_caption=\"\" title=\"\">\n\t\t\t\t\t<div class=\"e-gallery-image elementor-gallery-item__image\" data-thumbnail=\"https:\/\/ringstedmaskinfabrik.dk\/wp-content\/uploads\/2025\/11\/imgi_8_robotics_1253-1.png\" data-width=\"250\" data-height=\"250\" aria-label=\"\" role=\"img\" ><\/div>\n\t\t\t\t\t\t\t\t\t\t\t<div class=\"elementor-gallery-item__overlay\"><\/div>\n\t\t\t\t\t\t\t\t\t\t\t\t\t\t<\/a>\n\t\t\t\t\t\t\t<a class=\"e-gallery-item elementor-gallery-item elementor-animated-content\" href=\"https:\/\/ringstedmaskinfabrik.dk\/wp-content\/uploads\/2025\/11\/imgi_9_medical_1244-1.png\" data-elementor-open-lightbox=\"yes\" data-elementor-lightbox-slideshow=\"d0872f6\" data-e-action-hash=\"#elementor-action%3Aaction%3Dlightbox%26settings%3DeyJpZCI6MTA3NzAsInVybCI6Imh0dHBzOlwvXC9yaW5nc3RlZG1hc2tpbmZhYnJpay5ka1wvd3AtY29udGVudFwvdXBsb2Fkc1wvMjAyNVwvMTFcL2ltZ2lfOV9tZWRpY2FsXzEyNDQtMS5wbmciLCJzbGlkZXNob3ciOiJkMDg3MmY2In0%3D\" data-rel=\"-image-2\" data-rl_title=\"\" data-rl_caption=\"\" title=\"\">\n\t\t\t\t\t<div class=\"e-gallery-image elementor-gallery-item__image\" data-thumbnail=\"https:\/\/ringstedmaskinfabrik.dk\/wp-content\/uploads\/2025\/11\/imgi_9_medical_1244-1.png\" data-width=\"250\" data-height=\"250\" aria-label=\"\" role=\"img\" ><\/div>\n\t\t\t\t\t\t\t\t\t\t\t<div class=\"elementor-gallery-item__overlay\"><\/div>\n\t\t\t\t\t\t\t\t\t\t\t\t\t\t<\/a>\n\t\t\t\t\t\t\t<a class=\"e-gallery-item elementor-gallery-item elementor-animated-content\" href=\"https:\/\/ringstedmaskinfabrik.dk\/wp-content\/uploads\/2025\/11\/imgi_10_electronics_1235-2.png\" data-elementor-open-lightbox=\"yes\" data-elementor-lightbox-slideshow=\"d0872f6\" data-e-action-hash=\"#elementor-action%3Aaction%3Dlightbox%26settings%3DeyJpZCI6MTA3NzIsInVybCI6Imh0dHBzOlwvXC9yaW5nc3RlZG1hc2tpbmZhYnJpay5ka1wvd3AtY29udGVudFwvdXBsb2Fkc1wvMjAyNVwvMTFcL2ltZ2lfMTBfZWxlY3Ryb25pY3NfMTIzNS0yLnBuZyIsInNsaWRlc2hvdyI6ImQwODcyZjYifQ%3D%3D\" data-rel=\"-image-3\" data-rl_title=\"\" data-rl_caption=\"\" title=\"\">\n\t\t\t\t\t<div class=\"e-gallery-image elementor-gallery-item__image\" data-thumbnail=\"https:\/\/ringstedmaskinfabrik.dk\/wp-content\/uploads\/2025\/11\/imgi_10_electronics_1235-2.png\" data-width=\"250\" data-height=\"250\" aria-label=\"\" role=\"img\" ><\/div>\n\t\t\t\t\t\t\t\t\t\t\t<div class=\"elementor-gallery-item__overlay\"><\/div>\n\t\t\t\t\t\t\t\t\t\t\t\t\t\t<\/a>\n\t\t\t\t\t\t\t<a class=\"e-gallery-item elementor-gallery-item elementor-animated-content\" href=\"https:\/\/ringstedmaskinfabrik.dk\/wp-content\/uploads\/2025\/11\/imgi_11_graphic_1241-1.png\" data-elementor-open-lightbox=\"yes\" data-elementor-lightbox-slideshow=\"d0872f6\" data-e-action-hash=\"#elementor-action%3Aaction%3Dlightbox%26settings%3DeyJpZCI6MTA3NzQsInVybCI6Imh0dHBzOlwvXC9yaW5nc3RlZG1hc2tpbmZhYnJpay5ka1wvd3AtY29udGVudFwvdXBsb2Fkc1wvMjAyNVwvMTFcL2ltZ2lfMTFfZ3JhcGhpY18xMjQxLTEucG5nIiwic2xpZGVzaG93IjoiZDA4NzJmNiJ9\" data-rel=\"-image-4\" data-rl_title=\"\" data-rl_caption=\"\" title=\"\">\n\t\t\t\t\t<div class=\"e-gallery-image elementor-gallery-item__image\" data-thumbnail=\"https:\/\/ringstedmaskinfabrik.dk\/wp-content\/uploads\/2025\/11\/imgi_11_graphic_1241-1.png\" data-width=\"250\" data-height=\"250\" aria-label=\"\" role=\"img\" ><\/div>\n\t\t\t\t\t\t\t\t\t\t\t<div class=\"elementor-gallery-item__overlay\"><\/div>\n\t\t\t\t\t\t\t\t\t\t\t\t\t\t<\/a>\n\t\t\t\t\t\t\t<a class=\"e-gallery-item elementor-gallery-item elementor-animated-content\" href=\"https:\/\/ringstedmaskinfabrik.dk\/wp-content\/uploads\/2025\/11\/imgi_12_process_1250-1.png\" data-elementor-open-lightbox=\"yes\" data-elementor-lightbox-slideshow=\"d0872f6\" data-e-action-hash=\"#elementor-action%3Aaction%3Dlightbox%26settings%3DeyJpZCI6MTA3NzgsInVybCI6Imh0dHBzOlwvXC9yaW5nc3RlZG1hc2tpbmZhYnJpay5ka1wvd3AtY29udGVudFwvdXBsb2Fkc1wvMjAyNVwvMTFcL2ltZ2lfMTJfcHJvY2Vzc18xMjUwLTEucG5nIiwic2xpZGVzaG93IjoiZDA4NzJmNiJ9\" data-rel=\"-image-5\" data-rl_title=\"\" data-rl_caption=\"\" title=\"\">\n\t\t\t\t\t<div class=\"e-gallery-image elementor-gallery-item__image\" data-thumbnail=\"https:\/\/ringstedmaskinfabrik.dk\/wp-content\/uploads\/2025\/11\/imgi_12_process_1250-1.png\" data-width=\"250\" data-height=\"250\" aria-label=\"\" role=\"img\" ><\/div>\n\t\t\t\t\t\t\t\t\t\t\t<div class=\"elementor-gallery-item__overlay\"><\/div>\n\t\t\t\t\t\t\t\t\t\t\t\t\t\t<\/a>\n\t\t\t\t\t\t\t<a class=\"e-gallery-item elementor-gallery-item elementor-animated-content\" href=\"https:\/\/ringstedmaskinfabrik.dk\/wp-content\/uploads\/2025\/11\/imgi_13_building_1229-1.png\" data-elementor-open-lightbox=\"yes\" data-elementor-lightbox-slideshow=\"d0872f6\" data-e-action-hash=\"#elementor-action%3Aaction%3Dlightbox%26settings%3DeyJpZCI6MTA3ODAsInVybCI6Imh0dHBzOlwvXC9yaW5nc3RlZG1hc2tpbmZhYnJpay5ka1wvd3AtY29udGVudFwvdXBsb2Fkc1wvMjAyNVwvMTFcL2ltZ2lfMTNfYnVpbGRpbmdfMTIyOS0xLnBuZyIsInNsaWRlc2hvdyI6ImQwODcyZjYifQ%3D%3D\" data-rel=\"-image-6\" data-rl_title=\"\" data-rl_caption=\"\" title=\"\">\n\t\t\t\t\t<div class=\"e-gallery-image elementor-gallery-item__image\" data-thumbnail=\"https:\/\/ringstedmaskinfabrik.dk\/wp-content\/uploads\/2025\/11\/imgi_13_building_1229-1.png\" data-width=\"250\" data-height=\"250\" aria-label=\"\" role=\"img\" ><\/div>\n\t\t\t\t\t\t\t\t\t\t\t<div class=\"elementor-gallery-item__overlay\"><\/div>\n\t\t\t\t\t\t\t\t\t\t\t\t\t\t<\/a>\n\t\t\t\t\t\t\t<a class=\"e-gallery-item elementor-gallery-item elementor-animated-content\" href=\"https:\/\/ringstedmaskinfabrik.dk\/wp-content\/uploads\/2025\/11\/imgi_14_energy_1238-1.png\" data-elementor-open-lightbox=\"yes\" data-elementor-lightbox-slideshow=\"d0872f6\" data-e-action-hash=\"#elementor-action%3Aaction%3Dlightbox%26settings%3DeyJpZCI6MTA3ODIsInVybCI6Imh0dHBzOlwvXC9yaW5nc3RlZG1hc2tpbmZhYnJpay5ka1wvd3AtY29udGVudFwvdXBsb2Fkc1wvMjAyNVwvMTFcL2ltZ2lfMTRfZW5lcmd5XzEyMzgtMS5wbmciLCJzbGlkZXNob3ciOiJkMDg3MmY2In0%3D\" data-rel=\"-image-7\" data-rl_title=\"\" data-rl_caption=\"\" title=\"\">\n\t\t\t\t\t<div class=\"e-gallery-image elementor-gallery-item__image\" data-thumbnail=\"https:\/\/ringstedmaskinfabrik.dk\/wp-content\/uploads\/2025\/11\/imgi_14_energy_1238-1.png\" data-width=\"250\" data-height=\"250\" aria-label=\"\" role=\"img\" ><\/div>\n\t\t\t\t\t\t\t\t\t\t\t<div class=\"elementor-gallery-item__overlay\"><\/div>\n\t\t\t\t\t\t\t\t\t\t\t\t\t\t<\/a>\n\t\t\t\t\t\t\t<a class=\"e-gallery-item elementor-gallery-item elementor-animated-content\" href=\"https:\/\/ringstedmaskinfabrik.dk\/wp-content\/uploads\/2025\/11\/imgi_15_design_1232-1.png\" data-elementor-open-lightbox=\"yes\" data-elementor-lightbox-slideshow=\"d0872f6\" data-e-action-hash=\"#elementor-action%3Aaction%3Dlightbox%26settings%3DeyJpZCI6MTA3ODQsInVybCI6Imh0dHBzOlwvXC9yaW5nc3RlZG1hc2tpbmZhYnJpay5ka1wvd3AtY29udGVudFwvdXBsb2Fkc1wvMjAyNVwvMTFcL2ltZ2lfMTVfZGVzaWduXzEyMzItMS5wbmciLCJzbGlkZXNob3ciOiJkMDg3MmY2In0%3D\" data-rel=\"-image-8\" data-rl_title=\"\" data-rl_caption=\"\" title=\"\">\n\t\t\t\t\t<div class=\"e-gallery-image elementor-gallery-item__image\" data-thumbnail=\"https:\/\/ringstedmaskinfabrik.dk\/wp-content\/uploads\/2025\/11\/imgi_15_design_1232-1.png\" data-width=\"250\" data-height=\"250\" aria-label=\"\" role=\"img\" ><\/div>\n\t\t\t\t\t\t\t\t\t\t\t<div class=\"elementor-gallery-item__overlay\"><\/div>\n\t\t\t\t\t\t\t\t\t\t\t\t\t\t<\/a>\n\t\t\t\t\t<\/div>\n\t\t\t\t\t<\/div>\n\t\t\t\t<\/div>\n\t\t\t\t<\/div>\n\t\t\t\t<\/div>\n\t\t\t\t\t<\/div>\n\t\t\t\t<\/div>\n\t\t\t\t<\/div>\n\t\t","protected":false},"excerpt":{"rendered":"<p>Referenzen<\/p>\n","protected":false},"author":5,"featured_media":0,"parent":0,"menu_order":1004,"comment_status":"closed","ping_status":"closed","template":"","meta":{"_acf_changed":false,"footnotes":""},"categories":[],"class_list":["post-10884","page","type-page","status-publish"],"acf":[],"yoast_head":"<!-- This site is optimized with the Yoast SEO plugin v27.3 - https:\/\/yoast.com\/product\/yoast-seo-wordpress\/ -->\n<title>Referencer fra Ringsted Maskinfabrik | CNC-fr\u00e6sning &amp; CNC-drejning<\/title>\n<meta name=\"description\" content=\"Vi kan tilbyde en god l\u00f8sning der passer til jeres projekt, vi kan h\u00e5ndtere hele processen, hvilket betyder at i kun skal forholde jer til en underleverand\u00f8r.\" \/>\n<meta name=\"robots\" content=\"index, follow, max-snippet:-1, max-image-preview:large, max-video-preview:-1\" \/>\n<link rel=\"canonical\" href=\"https:\/\/ringstedmaskinfabrik.dk\/de\/referenzen\/\" \/>\n<meta property=\"og:locale\" content=\"de_DE\" \/>\n<meta property=\"og:type\" content=\"article\" \/>\n<meta property=\"og:title\" content=\"Referencer fra Ringsted Maskinfabrik | CNC-fr\u00e6sning &amp; CNC-drejning\" \/>\n<meta property=\"og:description\" content=\"Vi kan tilbyde en god l\u00f8sning der passer til jeres projekt, vi kan h\u00e5ndtere hele processen, hvilket betyder at i kun skal forholde jer til en underleverand\u00f8r.\" \/>\n<meta property=\"og:url\" content=\"https:\/\/ringstedmaskinfabrik.dk\/de\/referenzen\/\" \/>\n<meta property=\"og:site_name\" content=\"Ringsted Maskinfabrik ApS\" \/>\n<meta property=\"article:modified_time\" content=\"2025-11-14T10:39:50+00:00\" \/>\n<meta name=\"twitter:card\" content=\"summary_large_image\" \/>\n<script type=\"application\/ld+json\" class=\"yoast-schema-graph\">{\"@context\":\"https:\\\/\\\/schema.org\",\"@graph\":[{\"@type\":\"WebPage\",\"@id\":\"https:\\\/\\\/ringstedmaskinfabrik.dk\\\/de\\\/referenzen\\\/\",\"url\":\"https:\\\/\\\/ringstedmaskinfabrik.dk\\\/de\\\/referenzen\\\/\",\"name\":\"Referencer fra Ringsted Maskinfabrik | CNC-fr\u00e6sning & CNC-drejning\",\"isPartOf\":{\"@id\":\"https:\\\/\\\/ringstedmaskinfabrik.dk\\\/de\\\/#website\"},\"datePublished\":\"2025-10-01T10:44:52+00:00\",\"dateModified\":\"2025-11-14T10:39:50+00:00\",\"description\":\"Vi kan tilbyde en god l\u00f8sning der passer til jeres projekt, vi kan h\u00e5ndtere hele processen, hvilket betyder at i kun skal forholde jer til en underleverand\u00f8r.\",\"breadcrumb\":{\"@id\":\"https:\\\/\\\/ringstedmaskinfabrik.dk\\\/de\\\/referenzen\\\/#breadcrumb\"},\"inLanguage\":\"de\",\"potentialAction\":[{\"@type\":\"ReadAction\",\"target\":[\"https:\\\/\\\/ringstedmaskinfabrik.dk\\\/de\\\/referenzen\\\/\"]}]},{\"@type\":\"BreadcrumbList\",\"@id\":\"https:\\\/\\\/ringstedmaskinfabrik.dk\\\/de\\\/referenzen\\\/#breadcrumb\",\"itemListElement\":[{\"@type\":\"ListItem\",\"position\":1,\"name\":\"Forside\",\"item\":\"https:\\\/\\\/ringstedmaskinfabrik.dk\\\/de\\\/\"},{\"@type\":\"ListItem\",\"position\":2,\"name\":\"Referenzen\"}]},{\"@type\":\"WebSite\",\"@id\":\"https:\\\/\\\/ringstedmaskinfabrik.dk\\\/de\\\/#website\",\"url\":\"https:\\\/\\\/ringstedmaskinfabrik.dk\\\/de\\\/\",\"name\":\"Ringsted Maskinfabrik ApS\",\"description\":\"CNC-fr\u00e6sning, CNC-drejning, pladebearbejdning, svejsning, mekanisk montage m.m.\",\"publisher\":{\"@id\":\"https:\\\/\\\/ringstedmaskinfabrik.dk\\\/de\\\/#organization\"},\"potentialAction\":[{\"@type\":\"SearchAction\",\"target\":{\"@type\":\"EntryPoint\",\"urlTemplate\":\"https:\\\/\\\/ringstedmaskinfabrik.dk\\\/de\\\/?s={search_term_string}\"},\"query-input\":{\"@type\":\"PropertyValueSpecification\",\"valueRequired\":true,\"valueName\":\"search_term_string\"}}],\"inLanguage\":\"de\"},{\"@type\":\"Organization\",\"@id\":\"https:\\\/\\\/ringstedmaskinfabrik.dk\\\/de\\\/#organization\",\"name\":\"Ringsted Maskinfabrik ApS\",\"url\":\"https:\\\/\\\/ringstedmaskinfabrik.dk\\\/de\\\/\",\"logo\":{\"@type\":\"ImageObject\",\"inLanguage\":\"de\",\"@id\":\"https:\\\/\\\/ringstedmaskinfabrik.dk\\\/de\\\/#\\\/schema\\\/logo\\\/image\\\/\",\"url\":\"https:\\\/\\\/ringstedmaskinfabrik.dk\\\/wp-content\\\/uploads\\\/2025\\\/10\\\/imgi_3_logo-ringstedmaskinfabrik_708.png\",\"contentUrl\":\"https:\\\/\\\/ringstedmaskinfabrik.dk\\\/wp-content\\\/uploads\\\/2025\\\/10\\\/imgi_3_logo-ringstedmaskinfabrik_708.png\",\"width\":230,\"height\":94,\"caption\":\"Ringsted Maskinfabrik ApS\"},\"image\":{\"@id\":\"https:\\\/\\\/ringstedmaskinfabrik.dk\\\/de\\\/#\\\/schema\\\/logo\\\/image\\\/\"}}]}<\/script>\n<!-- \/ Yoast SEO plugin. -->","yoast_head_json":{"title":"Referencer fra Ringsted Maskinfabrik | CNC-fr\u00e6sning & CNC-drejning","description":"Vi kan tilbyde en god l\u00f8sning der passer til jeres projekt, vi kan h\u00e5ndtere hele processen, hvilket betyder at i kun skal forholde jer til en underleverand\u00f8r.","robots":{"index":"index","follow":"follow","max-snippet":"max-snippet:-1","max-image-preview":"max-image-preview:large","max-video-preview":"max-video-preview:-1"},"canonical":"https:\/\/ringstedmaskinfabrik.dk\/de\/referenzen\/","og_locale":"de_DE","og_type":"article","og_title":"Referencer fra Ringsted Maskinfabrik | CNC-fr\u00e6sning & CNC-drejning","og_description":"Vi kan tilbyde en god l\u00f8sning der passer til jeres projekt, vi kan h\u00e5ndtere hele processen, hvilket betyder at i kun skal forholde jer til en underleverand\u00f8r.","og_url":"https:\/\/ringstedmaskinfabrik.dk\/de\/referenzen\/","og_site_name":"Ringsted Maskinfabrik ApS","article_modified_time":"2025-11-14T10:39:50+00:00","twitter_card":"summary_large_image","schema":{"@context":"https:\/\/schema.org","@graph":[{"@type":"WebPage","@id":"https:\/\/ringstedmaskinfabrik.dk\/de\/referenzen\/","url":"https:\/\/ringstedmaskinfabrik.dk\/de\/referenzen\/","name":"Referencer fra Ringsted Maskinfabrik | CNC-fr\u00e6sning & CNC-drejning","isPartOf":{"@id":"https:\/\/ringstedmaskinfabrik.dk\/de\/#website"},"datePublished":"2025-10-01T10:44:52+00:00","dateModified":"2025-11-14T10:39:50+00:00","description":"Vi kan tilbyde en god l\u00f8sning der passer til jeres projekt, vi kan h\u00e5ndtere hele processen, hvilket betyder at i kun skal forholde jer til en underleverand\u00f8r.","breadcrumb":{"@id":"https:\/\/ringstedmaskinfabrik.dk\/de\/referenzen\/#breadcrumb"},"inLanguage":"de","potentialAction":[{"@type":"ReadAction","target":["https:\/\/ringstedmaskinfabrik.dk\/de\/referenzen\/"]}]},{"@type":"BreadcrumbList","@id":"https:\/\/ringstedmaskinfabrik.dk\/de\/referenzen\/#breadcrumb","itemListElement":[{"@type":"ListItem","position":1,"name":"Forside","item":"https:\/\/ringstedmaskinfabrik.dk\/de\/"},{"@type":"ListItem","position":2,"name":"Referenzen"}]},{"@type":"WebSite","@id":"https:\/\/ringstedmaskinfabrik.dk\/de\/#website","url":"https:\/\/ringstedmaskinfabrik.dk\/de\/","name":"Ringsted Maskinfabrik ApS","description":"CNC-fr\u00e6sning, CNC-drejning, pladebearbejdning, svejsning, mekanisk montage m.m.","publisher":{"@id":"https:\/\/ringstedmaskinfabrik.dk\/de\/#organization"},"potentialAction":[{"@type":"SearchAction","target":{"@type":"EntryPoint","urlTemplate":"https:\/\/ringstedmaskinfabrik.dk\/de\/?s={search_term_string}"},"query-input":{"@type":"PropertyValueSpecification","valueRequired":true,"valueName":"search_term_string"}}],"inLanguage":"de"},{"@type":"Organization","@id":"https:\/\/ringstedmaskinfabrik.dk\/de\/#organization","name":"Ringsted Maskinfabrik ApS","url":"https:\/\/ringstedmaskinfabrik.dk\/de\/","logo":{"@type":"ImageObject","inLanguage":"de","@id":"https:\/\/ringstedmaskinfabrik.dk\/de\/#\/schema\/logo\/image\/","url":"https:\/\/ringstedmaskinfabrik.dk\/wp-content\/uploads\/2025\/10\/imgi_3_logo-ringstedmaskinfabrik_708.png","contentUrl":"https:\/\/ringstedmaskinfabrik.dk\/wp-content\/uploads\/2025\/10\/imgi_3_logo-ringstedmaskinfabrik_708.png","width":230,"height":94,"caption":"Ringsted Maskinfabrik ApS"},"image":{"@id":"https:\/\/ringstedmaskinfabrik.dk\/de\/#\/schema\/logo\/image\/"}}]}},"_links":{"self":[{"href":"https:\/\/ringstedmaskinfabrik.dk\/de\/wp-json\/wp\/v2\/pages\/10884","targetHints":{"allow":["GET"]}}],"collection":[{"href":"https:\/\/ringstedmaskinfabrik.dk\/de\/wp-json\/wp\/v2\/pages"}],"about":[{"href":"https:\/\/ringstedmaskinfabrik.dk\/de\/wp-json\/wp\/v2\/types\/page"}],"author":[{"embeddable":true,"href":"https:\/\/ringstedmaskinfabrik.dk\/de\/wp-json\/wp\/v2\/users\/5"}],"replies":[{"embeddable":true,"href":"https:\/\/ringstedmaskinfabrik.dk\/de\/wp-json\/wp\/v2\/comments?post=10884"}],"version-history":[{"count":1,"href":"https:\/\/ringstedmaskinfabrik.dk\/de\/wp-json\/wp\/v2\/pages\/10884\/revisions"}],"predecessor-version":[{"id":10885,"href":"https:\/\/ringstedmaskinfabrik.dk\/de\/wp-json\/wp\/v2\/pages\/10884\/revisions\/10885"}],"wp:attachment":[{"href":"https:\/\/ringstedmaskinfabrik.dk\/de\/wp-json\/wp\/v2\/media?parent=10884"}],"wp:term":[{"taxonomy":"category","embeddable":true,"href":"https:\/\/ringstedmaskinfabrik.dk\/de\/wp-json\/wp\/v2\/categories?post=10884"}],"curies":[{"name":"wp","href":"https:\/\/api.w.org\/{rel}","templated":true}]}}