{"id":10886,"date":"2025-10-01T12:44:52","date_gmt":"2025-10-01T10:44:52","guid":{"rendered":"https:\/\/ringstedmaskinfabrik.dk\/kontakt\/"},"modified":"2025-11-07T11:43:36","modified_gmt":"2025-11-07T10:43:36","slug":"kontakt","status":"publish","type":"page","link":"https:\/\/ringstedmaskinfabrik.dk\/de\/kontakt\/","title":{"rendered":"Kontakt"},"content":{"rendered":"\t\t<div data-elementor-type=\"wp-page\" data-elementor-id=\"10886\" class=\"elementor elementor-10886 elementor-10091\" data-elementor-post-type=\"page\">\n\t\t\t\t<div class=\"elementor-element elementor-element-f2963fe e-flex e-con-boxed e-con e-parent\" data-id=\"f2963fe\" data-element_type=\"container\" data-settings=\"{&quot;background_background&quot;:&quot;classic&quot;}\">\n\t\t\t\t\t<div class=\"e-con-inner\">\n\t\t\t\t\t<\/div>\n\t\t\t\t<\/div>\n\t\t<div class=\"elementor-element elementor-element-c2e1fee e-flex e-con-boxed e-con e-parent\" data-id=\"c2e1fee\" data-element_type=\"container\">\n\t\t\t\t\t<div class=\"e-con-inner\">\n\t\t<div class=\"elementor-element elementor-element-4f753ee e-con-full e-flex e-con e-child\" data-id=\"4f753ee\" data-element_type=\"container\" data-settings=\"{&quot;background_background&quot;:&quot;classic&quot;}\">\n\t\t<div class=\"elementor-element elementor-element-c41ccc9 e-con-full e-flex e-con e-child\" data-id=\"c41ccc9\" data-element_type=\"container\">\n\t\t\t\t<div class=\"elementor-element elementor-element-7b823fe elementor-widget elementor-widget-heading\" data-id=\"7b823fe\" data-element_type=\"widget\" data-widget_type=\"heading.default\">\n\t\t\t\t<div class=\"elementor-widget-container\">\n\t\t\t\t\t<h2 class=\"elementor-heading-title elementor-size-default\">Kontakt und angebot erhalten<\/h2>\t\t\t\t<\/div>\n\t\t\t\t<\/div>\n\t\t<div class=\"elementor-element elementor-element-c9f0476 e-con-full e-flex e-con e-child\" data-id=\"c9f0476\" data-element_type=\"container\">\n\t\t\t\t<div class=\"elementor-element elementor-element-7659e7f elementor-widget-tablet__width-initial elementor-widget elementor-widget-text-editor\" data-id=\"7659e7f\" data-element_type=\"widget\" data-widget_type=\"text-editor.default\">\n\t\t\t\t<div class=\"elementor-widget-container\">\n\t\t\t\t\t\t\t\t\t<p><strong>Hans Larsen<br \/>\n<\/strong>Gesch\u00e4ftsf\u00fchrer<br \/>Produktion \u2013 Vertrieb<\/p>\n<p>Tel: <a class=\"custom68\" href=\"tel:+4557610510\">+45 57 61 05 10<\/a><br \/>Handy: <a class=\"custom68\" href=\"tel:+4540786510\">+45 40 78 65 10<\/a><br \/><a class=\"custom68\" href=\"mailto:hl@ringstedmaskinfabrik.dk\">E-mail senden \u00bb<\/a><\/p>\n\t\t\t\t\t\t\t\t<\/div>\n\t\t\t\t<\/div>\n\t\t\t\t<div class=\"elementor-element elementor-element-047ef44 elementor-widget-tablet__width-initial elementor-widget elementor-widget-text-editor\" data-id=\"047ef44\" data-element_type=\"widget\" data-widget_type=\"text-editor.default\">\n\t\t\t\t<div class=\"elementor-widget-container\">\n\t\t\t\t\t\t\t\t\t<p><strong>Henrik Lund Christensen<br \/>\n<\/strong>Projektmitarbeiter<\/p>\n<p>Tel: <a class=\"custom68\" href=\"tel:+4557610510\">+45 57 61 05 10<\/a><br \/><a class=\"custom68\" href=\"mailto:projekt@ringstedmaskinfabrik.dk\">E-mail senden \u00bb<\/a><\/p>\n\t\t\t\t\t\t\t\t<\/div>\n\t\t\t\t<\/div>\n\t\t\t\t<div class=\"elementor-element elementor-element-22b78fe elementor-widget elementor-widget-text-editor\" data-id=\"22b78fe\" data-element_type=\"widget\" data-widget_type=\"text-editor.default\">\n\t\t\t\t<div class=\"elementor-widget-container\">\n\t\t\t\t\t\t\t\t\t<p><strong>Roni J\u00f8rgensen<br \/>\n<\/strong>Verkaufsberater<br \/>(spricht Deutsch, Niederl\u00e4ndisch und English)<\/p>\n<p>Tel: <a class=\"custom68\" href=\"tel:+4557610510\">+45 57 61 05 10<\/a><br \/>\u200b\u200b<a class=\"custom68\" href=\"mailto:sales@ringstedmaskinfabrik.dk?subject=Henvendelse%20fra%20webside\">E-mail senden \u00bb<\/a><\/p>\n\t\t\t\t\t\t\t\t<\/div>\n\t\t\t\t<\/div>\n\t\t\t\t<\/div>\n\t\t\t\t<div class=\"elementor-element elementor-element-714dd8e elementor-widget-divider--view-line elementor-widget elementor-widget-divider\" data-id=\"714dd8e\" data-element_type=\"widget\" data-widget_type=\"divider.default\">\n\t\t\t\t<div class=\"elementor-widget-container\">\n\t\t\t\t\t\t\t<div class=\"elementor-divider\">\n\t\t\t<span class=\"elementor-divider-separator\">\n\t\t\t\t\t\t<\/span>\n\t\t<\/div>\n\t\t\t\t\t\t<\/div>\n\t\t\t\t<\/div>\n\t\t<div class=\"elementor-element elementor-element-323d04f e-con-full e-flex e-con e-child\" data-id=\"323d04f\" data-element_type=\"container\">\n\t\t\t\t<div class=\"elementor-element elementor-element-b4f2bbe elementor-widget elementor-widget-text-editor\" data-id=\"b4f2bbe\" data-element_type=\"widget\" data-widget_type=\"text-editor.default\">\n\t\t\t\t<div class=\"elementor-widget-container\">\n\t\t\t\t\t\t\t\t\t<p><strong>\u200b<\/strong><strong>Buchhaltung<br \/>\n<\/strong>Buchhaltung \u2013 Sekretariat<\/p>\n<p>Tel: <a class=\"custom68\" href=\"tel:+4557610510\">+45 57 61 05 10<\/a><br \/><a class=\"custom68\" href=\"mailto:kontakt@ringstedmaskinfabrik.dk\">E-mail senden \u00bb<\/a><\/p>\n\t\t\t\t\t\t\t\t<\/div>\n\t\t\t\t<\/div>\n\t\t\t\t<div class=\"elementor-element elementor-element-3a78337 elementor-widget elementor-widget-text-editor\" data-id=\"3a78337\" data-element_type=\"widget\" data-widget_type=\"text-editor.default\">\n\t\t\t\t<div class=\"elementor-widget-container\">\n\t\t\t\t\t\t\t\t\t<p><strong>\u200b<\/strong><strong>Bzgl. Auftr\u00e4gen<br \/>\n<\/strong>Nutzen Sie bitte diese E-Mail-Adresse.<\/p>\n<p>\u200b<a class=\"custom68\" href=\"mailto:ordre@ringstedmaskinfabrik.dk\">E-mail senden \u00bb<\/a><\/p>\n\t\t\t\t\t\t\t\t<\/div>\n\t\t\t\t<\/div>\n\t\t\t\t<\/div>\n\t\t<div class=\"elementor-element elementor-element-30a644d e-con-full e-flex e-con e-child\" data-id=\"30a644d\" data-element_type=\"container\">\n\t\t<div class=\"elementor-element elementor-element-3bbffdc e-con-full dark e-flex e-con e-child\" data-id=\"3bbffdc\" data-element_type=\"container\" data-settings=\"{&quot;background_background&quot;:&quot;classic&quot;}\">\n\t\t<div class=\"elementor-element elementor-element-ee87f0c e-con-full e-flex e-con e-child\" data-id=\"ee87f0c\" data-element_type=\"container\">\n\t\t\t\t<div class=\"elementor-element elementor-element-f14d164 elementor-widget elementor-widget-heading\" data-id=\"f14d164\" data-element_type=\"widget\" data-widget_type=\"heading.default\">\n\t\t\t\t<div class=\"elementor-widget-container\">\n\t\t\t\t\t<h2 class=\"elementor-heading-title elementor-size-default\">Formular ausf\u00fcllen<\/h2>\t\t\t\t<\/div>\n\t\t\t\t<\/div>\n\t\t\t\t<div class=\"elementor-element elementor-element-0f69e82 elementor-widget elementor-widget-text-editor\" data-id=\"0f69e82\" data-element_type=\"widget\" data-widget_type=\"text-editor.default\">\n\t\t\t\t<div class=\"elementor-widget-container\">\n\t\t\t\t\t\t\t\t\t<div class=\"column step-12-12\">\n<div id=\"site-container-22226\" class=\"Container ModuleElement ContentField con-81 \" data-snap=\"1\" data-containertype=\"ContentField\" data-moduleelement=\"12450\" data-name=\"Form Box\">\n<div class=\"row\">\n<div class=\"column step-12-12\">\n<div id=\"site-container-22225\" class=\"Container ModuleElement Textarea con-58 \" data-snap=\"1\" data-containertype=\"Textarea\" data-moduleelement=\"12523\">\n<div class=\"Module-12523 Textarea\">\n<p>Wir beantworten Anfragen innerhalb von 48 Stunden. Mit * markierte Felder sind erforderlich.<\/p>\n<\/div>\n<p><\/div>\n<p><\/div>\n<p><\/div>\n<p><\/div>\n<p><\/div>\n\t\t\t\t\t\t\t\t<\/div>\n\t\t\t\t<\/div>\n\t\t\t\t<\/div>\n\t\t\t\t<div class=\"elementor-element elementor-element-8b3492e elementor-widget elementor-widget-shortcode\" data-id=\"8b3492e\" data-element_type=\"widget\" data-widget_type=\"shortcode.default\">\n\t\t\t\t<div class=\"elementor-widget-container\">\n\t\t\t\t\t\t\t<div class=\"elementor-shortcode\"><form id=\"forminator-module-10876\" class=\"forminator-custom-form forminator-custom-form-10876\" method=\"post\" data-forminator-render=\"0\" data-uid=\"69d2a6ae49708\"><div role=\"alert\" aria-live=\"polite\" class=\"forminator-response-message forminator-error\" aria-hidden=\"true\"><\/div><\/form><\/div>\n\t\t\t\t\t\t<\/div>\n\t\t\t\t<\/div>\n\t\t\t\t<\/div>\n\t\t\t\t<div class=\"elementor-element elementor-element-59b9165 elementor-widget elementor-widget-google_maps\" data-id=\"59b9165\" data-element_type=\"widget\" data-widget_type=\"google_maps.default\">\n\t\t\t\t<div class=\"elementor-widget-container\">\n\t\t\t\t\t\t\t<div class=\"elementor-custom-embed\">\n\t\t\t<iframe loading=\"lazy\"\n\t\t\t\t\tsrc=\"https:\/\/maps.google.com\/maps?q=%E2%80%8B%E2%80%8BBalstrupvej%2052%2C%20DK-4100%20Ringsted&#038;t=m&#038;z=12&#038;output=embed&#038;iwloc=near\"\n\t\t\t\t\ttitle=\"\u200b\u200bBalstrupvej 52, DK-4100 Ringsted\"\n\t\t\t\t\taria-label=\"\u200b\u200bBalstrupvej 52, DK-4100 Ringsted\"\n\t\t\t><\/iframe>\n\t\t<\/div>\n\t\t\t\t\t\t<\/div>\n\t\t\t\t<\/div>\n\t\t\t\t<\/div>\n\t\t\t\t<\/div>\n\t\t\t\t<\/div>\n\t\t\t\t\t<\/div>\n\t\t\t\t<\/div>\n\t\t\t\t<\/div>\n\t\t","protected":false},"excerpt":{"rendered":"<p>Kontakt und angebot erhalten Hans Larsen Gesch\u00e4ftsf\u00fchrerProduktion \u2013 Vertrieb Tel: +45 57 61 05 10Handy: +45 40 78 65 10E-mail senden \u00bb Henrik Lund Christensen Projektmitarbeiter Tel: +45 57 61 05 10E-mail senden \u00bb Roni J\u00f8rgensen Verkaufsberater(spricht Deutsch, Niederl\u00e4ndisch und English) Tel: +45 57 61 05 10\u200b\u200bE-mail senden \u00bb \u200bBuchhaltung Buchhaltung \u2013 Sekretariat Tel: +45 &#8230; <a title=\"Kontakt\" class=\"read-more\" href=\"https:\/\/ringstedmaskinfabrik.dk\/de\/kontakt\/\" aria-label=\"Mehr Informationen \u00fcber Kontakt\">Weiterlesen &#8230;<\/a><\/p>\n","protected":false},"author":5,"featured_media":0,"parent":0,"menu_order":1005,"comment_status":"closed","ping_status":"closed","template":"","meta":{"_acf_changed":false,"footnotes":""},"categories":[],"class_list":["post-10886","page","type-page","status-publish"],"acf":[],"yoast_head":"<!-- This site is optimized with the Yoast SEO plugin v27.3 - https:\/\/yoast.com\/product\/yoast-seo-wordpress\/ -->\n<title>Kontakt maskinfabrik i Ringsted | CNC-fr\u00e6sning &amp; CNC-drejning<\/title>\n<meta name=\"description\" content=\"Vi kan tilbyde en god l\u00f8sning der passer til jeres projekt, vi kan h\u00e5ndtere hele processen, hvilket betyder at i kun skal forholde jer til en underleverand\u00f8r.\" \/>\n<meta name=\"robots\" content=\"index, follow, max-snippet:-1, max-image-preview:large, max-video-preview:-1\" \/>\n<link rel=\"canonical\" href=\"https:\/\/ringstedmaskinfabrik.dk\/de\/kontakt\/\" \/>\n<meta property=\"og:locale\" content=\"de_DE\" \/>\n<meta property=\"og:type\" content=\"article\" \/>\n<meta property=\"og:title\" content=\"Kontakt maskinfabrik i Ringsted | CNC-fr\u00e6sning &amp; CNC-drejning\" \/>\n<meta property=\"og:description\" content=\"Vi kan tilbyde en god l\u00f8sning der passer til jeres projekt, vi kan h\u00e5ndtere hele processen, hvilket betyder at i kun skal forholde jer til en underleverand\u00f8r.\" \/>\n<meta property=\"og:url\" content=\"https:\/\/ringstedmaskinfabrik.dk\/de\/kontakt\/\" \/>\n<meta property=\"og:site_name\" content=\"Ringsted Maskinfabrik ApS\" \/>\n<meta property=\"article:modified_time\" content=\"2025-11-07T10:43:36+00:00\" \/>\n<meta name=\"twitter:card\" content=\"summary_large_image\" \/>\n<script type=\"application\/ld+json\" class=\"yoast-schema-graph\">{\"@context\":\"https:\\\/\\\/schema.org\",\"@graph\":[{\"@type\":\"WebPage\",\"@id\":\"https:\\\/\\\/ringstedmaskinfabrik.dk\\\/de\\\/kontakt\\\/\",\"url\":\"https:\\\/\\\/ringstedmaskinfabrik.dk\\\/de\\\/kontakt\\\/\",\"name\":\"Kontakt maskinfabrik i Ringsted | CNC-fr\u00e6sning & CNC-drejning\",\"isPartOf\":{\"@id\":\"https:\\\/\\\/ringstedmaskinfabrik.dk\\\/de\\\/#website\"},\"datePublished\":\"2025-10-01T10:44:52+00:00\",\"dateModified\":\"2025-11-07T10:43:36+00:00\",\"description\":\"Vi kan tilbyde en god l\u00f8sning der passer til jeres projekt, vi kan h\u00e5ndtere hele processen, hvilket betyder at i kun skal forholde jer til en underleverand\u00f8r.\",\"breadcrumb\":{\"@id\":\"https:\\\/\\\/ringstedmaskinfabrik.dk\\\/de\\\/kontakt\\\/#breadcrumb\"},\"inLanguage\":\"de\",\"potentialAction\":[{\"@type\":\"ReadAction\",\"target\":[\"https:\\\/\\\/ringstedmaskinfabrik.dk\\\/de\\\/kontakt\\\/\"]}]},{\"@type\":\"BreadcrumbList\",\"@id\":\"https:\\\/\\\/ringstedmaskinfabrik.dk\\\/de\\\/kontakt\\\/#breadcrumb\",\"itemListElement\":[{\"@type\":\"ListItem\",\"position\":1,\"name\":\"Forside\",\"item\":\"https:\\\/\\\/ringstedmaskinfabrik.dk\\\/de\\\/\"},{\"@type\":\"ListItem\",\"position\":2,\"name\":\"Kontakt\"}]},{\"@type\":\"WebSite\",\"@id\":\"https:\\\/\\\/ringstedmaskinfabrik.dk\\\/de\\\/#website\",\"url\":\"https:\\\/\\\/ringstedmaskinfabrik.dk\\\/de\\\/\",\"name\":\"Ringsted Maskinfabrik ApS\",\"description\":\"CNC-fr\u00e6sning, CNC-drejning, pladebearbejdning, svejsning, mekanisk montage m.m.\",\"publisher\":{\"@id\":\"https:\\\/\\\/ringstedmaskinfabrik.dk\\\/de\\\/#organization\"},\"potentialAction\":[{\"@type\":\"SearchAction\",\"target\":{\"@type\":\"EntryPoint\",\"urlTemplate\":\"https:\\\/\\\/ringstedmaskinfabrik.dk\\\/de\\\/?s={search_term_string}\"},\"query-input\":{\"@type\":\"PropertyValueSpecification\",\"valueRequired\":true,\"valueName\":\"search_term_string\"}}],\"inLanguage\":\"de\"},{\"@type\":\"Organization\",\"@id\":\"https:\\\/\\\/ringstedmaskinfabrik.dk\\\/de\\\/#organization\",\"name\":\"Ringsted Maskinfabrik ApS\",\"url\":\"https:\\\/\\\/ringstedmaskinfabrik.dk\\\/de\\\/\",\"logo\":{\"@type\":\"ImageObject\",\"inLanguage\":\"de\",\"@id\":\"https:\\\/\\\/ringstedmaskinfabrik.dk\\\/de\\\/#\\\/schema\\\/logo\\\/image\\\/\",\"url\":\"https:\\\/\\\/ringstedmaskinfabrik.dk\\\/wp-content\\\/uploads\\\/2025\\\/10\\\/imgi_3_logo-ringstedmaskinfabrik_708.png\",\"contentUrl\":\"https:\\\/\\\/ringstedmaskinfabrik.dk\\\/wp-content\\\/uploads\\\/2025\\\/10\\\/imgi_3_logo-ringstedmaskinfabrik_708.png\",\"width\":230,\"height\":94,\"caption\":\"Ringsted Maskinfabrik ApS\"},\"image\":{\"@id\":\"https:\\\/\\\/ringstedmaskinfabrik.dk\\\/de\\\/#\\\/schema\\\/logo\\\/image\\\/\"}}]}<\/script>\n<!-- \/ Yoast SEO plugin. -->","yoast_head_json":{"title":"Kontakt maskinfabrik i Ringsted | CNC-fr\u00e6sning & CNC-drejning","description":"Vi kan tilbyde en god l\u00f8sning der passer til jeres projekt, vi kan h\u00e5ndtere hele processen, hvilket betyder at i kun skal forholde jer til en underleverand\u00f8r.","robots":{"index":"index","follow":"follow","max-snippet":"max-snippet:-1","max-image-preview":"max-image-preview:large","max-video-preview":"max-video-preview:-1"},"canonical":"https:\/\/ringstedmaskinfabrik.dk\/de\/kontakt\/","og_locale":"de_DE","og_type":"article","og_title":"Kontakt maskinfabrik i Ringsted | CNC-fr\u00e6sning & CNC-drejning","og_description":"Vi kan tilbyde en god l\u00f8sning der passer til jeres projekt, vi kan h\u00e5ndtere hele processen, hvilket betyder at i kun skal forholde jer til en underleverand\u00f8r.","og_url":"https:\/\/ringstedmaskinfabrik.dk\/de\/kontakt\/","og_site_name":"Ringsted Maskinfabrik ApS","article_modified_time":"2025-11-07T10:43:36+00:00","twitter_card":"summary_large_image","schema":{"@context":"https:\/\/schema.org","@graph":[{"@type":"WebPage","@id":"https:\/\/ringstedmaskinfabrik.dk\/de\/kontakt\/","url":"https:\/\/ringstedmaskinfabrik.dk\/de\/kontakt\/","name":"Kontakt maskinfabrik i Ringsted | CNC-fr\u00e6sning & CNC-drejning","isPartOf":{"@id":"https:\/\/ringstedmaskinfabrik.dk\/de\/#website"},"datePublished":"2025-10-01T10:44:52+00:00","dateModified":"2025-11-07T10:43:36+00:00","description":"Vi kan tilbyde en god l\u00f8sning der passer til jeres projekt, vi kan h\u00e5ndtere hele processen, hvilket betyder at i kun skal forholde jer til en underleverand\u00f8r.","breadcrumb":{"@id":"https:\/\/ringstedmaskinfabrik.dk\/de\/kontakt\/#breadcrumb"},"inLanguage":"de","potentialAction":[{"@type":"ReadAction","target":["https:\/\/ringstedmaskinfabrik.dk\/de\/kontakt\/"]}]},{"@type":"BreadcrumbList","@id":"https:\/\/ringstedmaskinfabrik.dk\/de\/kontakt\/#breadcrumb","itemListElement":[{"@type":"ListItem","position":1,"name":"Forside","item":"https:\/\/ringstedmaskinfabrik.dk\/de\/"},{"@type":"ListItem","position":2,"name":"Kontakt"}]},{"@type":"WebSite","@id":"https:\/\/ringstedmaskinfabrik.dk\/de\/#website","url":"https:\/\/ringstedmaskinfabrik.dk\/de\/","name":"Ringsted Maskinfabrik ApS","description":"CNC-fr\u00e6sning, CNC-drejning, pladebearbejdning, svejsning, mekanisk montage m.m.","publisher":{"@id":"https:\/\/ringstedmaskinfabrik.dk\/de\/#organization"},"potentialAction":[{"@type":"SearchAction","target":{"@type":"EntryPoint","urlTemplate":"https:\/\/ringstedmaskinfabrik.dk\/de\/?s={search_term_string}"},"query-input":{"@type":"PropertyValueSpecification","valueRequired":true,"valueName":"search_term_string"}}],"inLanguage":"de"},{"@type":"Organization","@id":"https:\/\/ringstedmaskinfabrik.dk\/de\/#organization","name":"Ringsted Maskinfabrik ApS","url":"https:\/\/ringstedmaskinfabrik.dk\/de\/","logo":{"@type":"ImageObject","inLanguage":"de","@id":"https:\/\/ringstedmaskinfabrik.dk\/de\/#\/schema\/logo\/image\/","url":"https:\/\/ringstedmaskinfabrik.dk\/wp-content\/uploads\/2025\/10\/imgi_3_logo-ringstedmaskinfabrik_708.png","contentUrl":"https:\/\/ringstedmaskinfabrik.dk\/wp-content\/uploads\/2025\/10\/imgi_3_logo-ringstedmaskinfabrik_708.png","width":230,"height":94,"caption":"Ringsted Maskinfabrik ApS"},"image":{"@id":"https:\/\/ringstedmaskinfabrik.dk\/de\/#\/schema\/logo\/image\/"}}]}},"_links":{"self":[{"href":"https:\/\/ringstedmaskinfabrik.dk\/de\/wp-json\/wp\/v2\/pages\/10886","targetHints":{"allow":["GET"]}}],"collection":[{"href":"https:\/\/ringstedmaskinfabrik.dk\/de\/wp-json\/wp\/v2\/pages"}],"about":[{"href":"https:\/\/ringstedmaskinfabrik.dk\/de\/wp-json\/wp\/v2\/types\/page"}],"author":[{"embeddable":true,"href":"https:\/\/ringstedmaskinfabrik.dk\/de\/wp-json\/wp\/v2\/users\/5"}],"replies":[{"embeddable":true,"href":"https:\/\/ringstedmaskinfabrik.dk\/de\/wp-json\/wp\/v2\/comments?post=10886"}],"version-history":[{"count":1,"href":"https:\/\/ringstedmaskinfabrik.dk\/de\/wp-json\/wp\/v2\/pages\/10886\/revisions"}],"predecessor-version":[{"id":10887,"href":"https:\/\/ringstedmaskinfabrik.dk\/de\/wp-json\/wp\/v2\/pages\/10886\/revisions\/10887"}],"wp:attachment":[{"href":"https:\/\/ringstedmaskinfabrik.dk\/de\/wp-json\/wp\/v2\/media?parent=10886"}],"wp:term":[{"taxonomy":"category","embeddable":true,"href":"https:\/\/ringstedmaskinfabrik.dk\/de\/wp-json\/wp\/v2\/categories?post=10886"}],"curies":[{"name":"wp","href":"https:\/\/api.w.org\/{rel}","templated":true}]}}