{"id":10929,"date":"2025-10-01T12:44:52","date_gmt":"2025-10-01T10:44:52","guid":{"rendered":"https:\/\/ringstedmaskinfabrik.dk\/leistungsuebersicht\/cnc-fraesen\/"},"modified":"2025-11-14T10:55:10","modified_gmt":"2025-11-14T09:55:10","slug":"cnc-fraesen","status":"publish","type":"page","link":"https:\/\/ringstedmaskinfabrik.dk\/de\/leistungsuebersicht\/cnc-fraesen\/","title":{"rendered":"CNC-Fr\u00e4sen"},"content":{"rendered":"\t\t<div data-elementor-type=\"wp-page\" data-elementor-id=\"10929\" class=\"elementor elementor-10929 elementor-10093\" data-elementor-post-type=\"page\">\n\t\t\t\t<div class=\"elementor-element elementor-element-c3b34f3 e-flex e-con-boxed e-con e-parent\" data-id=\"c3b34f3\" data-element_type=\"container\" data-settings=\"{&quot;background_background&quot;:&quot;classic&quot;}\">\n\t\t\t\t\t<div class=\"e-con-inner\">\n\t\t\t\t\t<\/div>\n\t\t\t\t<\/div>\n\t\t<div class=\"elementor-element elementor-element-217f821 e-flex e-con-boxed e-con e-parent\" data-id=\"217f821\" data-element_type=\"container\">\n\t\t\t\t\t<div class=\"e-con-inner\">\n\t\t<div class=\"elementor-element elementor-element-0eef2f8 e-con-full e-flex e-con e-child\" data-id=\"0eef2f8\" data-element_type=\"container\" data-settings=\"{&quot;background_background&quot;:&quot;classic&quot;}\">\n\t\t<div class=\"elementor-element elementor-element-272c9a1 e-con-full e-flex e-con e-child\" data-id=\"272c9a1\" data-element_type=\"container\">\n\t\t\t\t<div class=\"elementor-element elementor-element-5e2e4ee elementor-widget elementor-widget-heading\" data-id=\"5e2e4ee\" data-element_type=\"widget\" data-widget_type=\"heading.default\">\n\t\t\t\t<div class=\"elementor-widget-container\">\n\t\t\t\t\t<h2 class=\"elementor-heading-title elementor-size-default\">CNC-Fr\u00e4sen<\/h2>\t\t\t\t<\/div>\n\t\t\t\t<\/div>\n\t\t\t\t<div class=\"elementor-element elementor-element-4336347 elementor-widget elementor-widget-heading\" data-id=\"4336347\" data-element_type=\"widget\" data-widget_type=\"heading.default\">\n\t\t\t\t<div class=\"elementor-widget-container\">\n\t\t\t\t\t<h2 class=\"elementor-heading-title elementor-size-default\">  <\/h2>\t\t\t\t<\/div>\n\t\t\t\t<\/div>\n\t\t\t\t<div class=\"elementor-element elementor-element-7428c0d elementor-widget elementor-widget-text-editor\" data-id=\"7428c0d\" data-element_type=\"widget\" data-widget_type=\"text-editor.default\">\n\t\t\t\t<div class=\"elementor-widget-container\">\n\t\t\t\t\t\t\t\t\t<p>Wir wickeln gro\u00dfe ebenso wie kleine Aufgaben ab.\u200b<\/p>\n<p>\u200b<\/p>\n<ul>\n<li>Wir nutzen die neueste Technologie im Bereich CNC-Fr\u00e4sen<\/li>\n<li>Um die Produktion zu optimieren, stellen wir gern Spannvorrichtungen in Sonderfertigung her<\/li>\n<li>Neben Stahl bearbeiten wir auch Edelstahl, Aluminium und Kunststoff sowie Gusselemente<\/li>\n<li>Wir benutzen CAD\/CAM und aktualisieren laufend<\/li>\n<li>Wir haben einen gemeinsamen Zugriff auf die Zeichnungsunterlagen der Kunden, damit diese f\u00fcr unsere sachkundigen Bediener verf\u00fcgbar sind<\/li>\n<li>Wir verarbeiten Einzelproduktionen ebenso wie gro\u00dfe Serien<\/li>\n<li>Unser Rohstofflager ist mit einem breiten Sortiment an Edelstahl, Aluminium, Messing, Stahl und Kunststoff gut sortiert<\/li>\n<\/ul>\n\t\t\t\t\t\t\t\t<\/div>\n\t\t\t\t<\/div>\n\t\t\t\t<div class=\"elementor-element elementor-element-846f81f elementor-widget elementor-widget-video\" data-id=\"846f81f\" data-element_type=\"widget\" data-settings=\"{&quot;youtube_url&quot;:&quot;https:\\\/\\\/youtu.be\\\/TLkZTdhFv2E&quot;,&quot;video_type&quot;:&quot;youtube&quot;,&quot;controls&quot;:&quot;yes&quot;}\" data-widget_type=\"video.default\">\n\t\t\t\t<div class=\"elementor-widget-container\">\n\t\t\t\t\t\t\t<div class=\"elementor-wrapper elementor-open-inline\">\n\t\t\t<div class=\"elementor-video\"><\/div>\t\t<\/div>\n\t\t\t\t\t\t<\/div>\n\t\t\t\t<\/div>\n\t\t\t\t<div class=\"elementor-element elementor-element-03935a6 elementor-widget elementor-widget-gallery\" data-id=\"03935a6\" data-element_type=\"widget\" data-settings=\"{&quot;columns_tablet&quot;:4,&quot;columns_mobile&quot;:2,&quot;lazyload&quot;:&quot;yes&quot;,&quot;gallery_layout&quot;:&quot;grid&quot;,&quot;columns&quot;:4,&quot;gap&quot;:{&quot;unit&quot;:&quot;px&quot;,&quot;size&quot;:10,&quot;sizes&quot;:[]},&quot;gap_laptop&quot;:{&quot;unit&quot;:&quot;px&quot;,&quot;size&quot;:10,&quot;sizes&quot;:[]},&quot;gap_tablet&quot;:{&quot;unit&quot;:&quot;px&quot;,&quot;size&quot;:10,&quot;sizes&quot;:[]},&quot;gap_mobile&quot;:{&quot;unit&quot;:&quot;px&quot;,&quot;size&quot;:10,&quot;sizes&quot;:[]},&quot;link_to&quot;:&quot;file&quot;,&quot;aspect_ratio&quot;:&quot;3:2&quot;,&quot;overlay_background&quot;:&quot;yes&quot;,&quot;content_hover_animation&quot;:&quot;fade-in&quot;}\" data-widget_type=\"gallery.default\">\n\t\t\t\t<div class=\"elementor-widget-container\">\n\t\t\t\t\t\t\t<div class=\"elementor-gallery__container\">\n\t\t\t\t\t\t\t<a class=\"e-gallery-item elementor-gallery-item elementor-animated-content\" href=\"https:\/\/ringstedmaskinfabrik.dk\/wp-content\/uploads\/2025\/10\/imgi_15_sjaellnad-maskinfabrik-hurtig-levering_1752.png\" data-elementor-open-lightbox=\"yes\" data-elementor-lightbox-slideshow=\"03935a6\" data-e-action-hash=\"#elementor-action%3Aaction%3Dlightbox%26settings%3DeyJpZCI6MTA3MDgsInVybCI6Imh0dHBzOlwvXC9yaW5nc3RlZG1hc2tpbmZhYnJpay5ka1wvd3AtY29udGVudFwvdXBsb2Fkc1wvMjAyNVwvMTBcL2ltZ2lfMTVfc2phZWxsbmFkLW1hc2tpbmZhYnJpay1odXJ0aWctbGV2ZXJpbmdfMTc1Mi5wbmciLCJzbGlkZXNob3ciOiIwMzkzNWE2In0%3D\" data-rel=\"-image-0\" data-rl_title=\"\" data-rl_caption=\"\" title=\"\">\n\t\t\t\t\t<div class=\"e-gallery-image elementor-gallery-item__image\" data-thumbnail=\"https:\/\/ringstedmaskinfabrik.dk\/wp-content\/uploads\/2025\/10\/imgi_15_sjaellnad-maskinfabrik-hurtig-levering_1752-500x500.png\" data-width=\"500\" data-height=\"500\" aria-label=\"\" role=\"img\" ><\/div>\n\t\t\t\t\t\t\t\t\t\t\t<div class=\"elementor-gallery-item__overlay\"><\/div>\n\t\t\t\t\t\t\t\t\t\t\t\t\t\t<\/a>\n\t\t\t\t\t\t\t<a class=\"e-gallery-item elementor-gallery-item elementor-animated-content\" href=\"https:\/\/ringstedmaskinfabrik.dk\/wp-content\/uploads\/2025\/10\/imgi_17_plade-fraese-maskinfarbrik-sjaelland-stor-alu-plade_1760.jpg\" data-elementor-open-lightbox=\"yes\" data-elementor-lightbox-slideshow=\"03935a6\" data-e-action-hash=\"#elementor-action%3Aaction%3Dlightbox%26settings%3DeyJpZCI6MTA3MTAsInVybCI6Imh0dHBzOlwvXC9yaW5nc3RlZG1hc2tpbmZhYnJpay5ka1wvd3AtY29udGVudFwvdXBsb2Fkc1wvMjAyNVwvMTBcL2ltZ2lfMTdfcGxhZGUtZnJhZXNlLW1hc2tpbmZhcmJyaWstc2phZWxsYW5kLXN0b3ItYWx1LXBsYWRlXzE3NjAuanBnIiwic2xpZGVzaG93IjoiMDM5MzVhNiJ9\" data-rel=\"-image-1\" data-rl_title=\"\" data-rl_caption=\"\" title=\"\">\n\t\t\t\t\t<div class=\"e-gallery-image elementor-gallery-item__image\" data-thumbnail=\"https:\/\/ringstedmaskinfabrik.dk\/wp-content\/uploads\/2025\/10\/imgi_17_plade-fraese-maskinfarbrik-sjaelland-stor-alu-plade_1760.jpg\" data-width=\"200\" data-height=\"150\" aria-label=\"\" role=\"img\" ><\/div>\n\t\t\t\t\t\t\t\t\t\t\t<div class=\"elementor-gallery-item__overlay\"><\/div>\n\t\t\t\t\t\t\t\t\t\t\t\t\t\t<\/a>\n\t\t\t\t\t\t\t<a class=\"e-gallery-item elementor-gallery-item elementor-animated-content\" href=\"https:\/\/ringstedmaskinfabrik.dk\/wp-content\/uploads\/2025\/10\/imgi_16_cnc-svarvning-fraesning-denmark-get-free-quote_1756.png\" data-elementor-open-lightbox=\"yes\" data-elementor-lightbox-slideshow=\"03935a6\" data-e-action-hash=\"#elementor-action%3Aaction%3Dlightbox%26settings%3DeyJpZCI6MTA3MTIsInVybCI6Imh0dHBzOlwvXC9yaW5nc3RlZG1hc2tpbmZhYnJpay5ka1wvd3AtY29udGVudFwvdXBsb2Fkc1wvMjAyNVwvMTBcL2ltZ2lfMTZfY25jLXN2YXJ2bmluZy1mcmFlc25pbmctZGVubWFyay1nZXQtZnJlZS1xdW90ZV8xNzU2LnBuZyIsInNsaWRlc2hvdyI6IjAzOTM1YTYifQ%3D%3D\" data-rel=\"-image-2\" data-rl_title=\"\" data-rl_caption=\"\" title=\"\">\n\t\t\t\t\t<div class=\"e-gallery-image elementor-gallery-item__image\" data-thumbnail=\"https:\/\/ringstedmaskinfabrik.dk\/wp-content\/uploads\/2025\/10\/imgi_16_cnc-svarvning-fraesning-denmark-get-free-quote_1756-500x500.png\" data-width=\"500\" data-height=\"500\" aria-label=\"\" role=\"img\" ><\/div>\n\t\t\t\t\t\t\t\t\t\t\t<div class=\"elementor-gallery-item__overlay\"><\/div>\n\t\t\t\t\t\t\t\t\t\t\t\t\t\t<\/a>\n\t\t\t\t\t\t\t<a class=\"e-gallery-item elementor-gallery-item elementor-animated-content\" href=\"https:\/\/ringstedmaskinfabrik.dk\/wp-content\/uploads\/2025\/10\/imgi_14_matsuura-5-akslet-cnc-fraeser_1743.png\" data-elementor-open-lightbox=\"yes\" data-elementor-lightbox-slideshow=\"03935a6\" data-e-action-hash=\"#elementor-action%3Aaction%3Dlightbox%26settings%3DeyJpZCI6MTA3MTQsInVybCI6Imh0dHBzOlwvXC9yaW5nc3RlZG1hc2tpbmZhYnJpay5ka1wvd3AtY29udGVudFwvdXBsb2Fkc1wvMjAyNVwvMTBcL2ltZ2lfMTRfbWF0c3V1cmEtNS1ha3NsZXQtY25jLWZyYWVzZXJfMTc0My5wbmciLCJzbGlkZXNob3ciOiIwMzkzNWE2In0%3D\" data-rel=\"-image-3\" data-rl_title=\"\" data-rl_caption=\"\" title=\"\">\n\t\t\t\t\t<div class=\"e-gallery-image elementor-gallery-item__image\" data-thumbnail=\"https:\/\/ringstedmaskinfabrik.dk\/wp-content\/uploads\/2025\/10\/imgi_14_matsuura-5-akslet-cnc-fraeser_1743-500x500.png\" data-width=\"500\" data-height=\"500\" aria-label=\"\" role=\"img\" ><\/div>\n\t\t\t\t\t\t\t\t\t\t\t<div class=\"elementor-gallery-item__overlay\"><\/div>\n\t\t\t\t\t\t\t\t\t\t\t\t\t\t<\/a>\n\t\t\t\t\t<\/div>\n\t\t\t\t\t<\/div>\n\t\t\t\t<\/div>\n\t\t\t\t<\/div>\n\t\t\t\t<\/div>\n\t\t\t\t\t<\/div>\n\t\t\t\t<\/div>\n\t\t<div class=\"elementor-element elementor-element-f525f2e e-con-full e-flex e-con e-parent\" data-id=\"f525f2e\" data-element_type=\"container\">\n\t\t\t\t<div class=\"elementor-element elementor-element-48aa0f6 elementor-widget elementor-widget-shortcode\" data-id=\"48aa0f6\" data-element_type=\"widget\" data-widget_type=\"shortcode.default\">\n\t\t\t\t<div class=\"elementor-widget-container\">\n\t\t\t\t\t\t\t<div class=\"elementor-shortcode\">\t\t<div data-elementor-type=\"container\" data-elementor-id=\"10877\" class=\"elementor elementor-10877 elementor-10122\" data-elementor-post-type=\"elementor_library\">\n\t\t\t\t<div class=\"elementor-element elementor-element-732d4b1d e-flex e-con-boxed e-con e-parent\" data-id=\"732d4b1d\" data-element_type=\"container\" data-settings=\"{&quot;background_background&quot;:&quot;classic&quot;}\">\n\t\t\t\t\t<div class=\"e-con-inner\">\n\t\t<div class=\"elementor-element elementor-element-292de293 no-padding e-flex e-con-boxed e-con e-child\" data-id=\"292de293\" data-element_type=\"container\">\n\t\t\t\t\t<div class=\"e-con-inner\">\n\t\t<div class=\"elementor-element elementor-element-4932828c e-con-full e-flex e-con e-child\" data-id=\"4932828c\" data-element_type=\"container\" data-settings=\"{&quot;background_background&quot;:&quot;classic&quot;}\">\n\t\t<div class=\"elementor-element elementor-element-12e11e89 e-con-full e-flex e-con e-child\" data-id=\"12e11e89\" data-element_type=\"container\">\n\t\t\t\t<div class=\"elementor-element elementor-element-4099fc42 elementor-widget elementor-widget-heading\" data-id=\"4099fc42\" data-element_type=\"widget\" data-widget_type=\"heading.default\">\n\t\t\t\t<div class=\"elementor-widget-container\">\n\t\t\t\t\t<h2 class=\"elementor-heading-title elementor-size-default\">W\u00fcnschen Sie ein Angebot?<\/h2>\t\t\t\t<\/div>\n\t\t\t\t<\/div>\n\t\t\t\t<div class=\"elementor-element elementor-element-41afdb35 elementor-widget elementor-widget-text-editor\" data-id=\"41afdb35\" data-element_type=\"widget\" data-widget_type=\"text-editor.default\">\n\t\t\t\t<div class=\"elementor-widget-container\">\n\t\t\t\t\t\t\t\t\t<p>Wir arbeiten haupts\u00e4chlich gem\u00e4\u00df kundenspezifischen Zeichnungen vom jeweiligen Kunden.<\/p>\n<p>\u200b<\/p>\n<p>Unsere Produktion reicht von einem St\u00fcck bis zu gro\u00dfen Serien.<\/p>\n<p>\u200b<\/p>\n<p>Gern sorgen wir auch f\u00fcr die Oberfl\u00e4chenbehandlung fertiger Teile.<\/p>\n<p>\u200b<\/p>\n<p>\u200b<\/p>\n<p>Sie liefern die Daten, St\u00fcckzahlen und Zeichnungen zu CNC Fr\u00e4sen oder CNC Drehen, schnellstens erhalten Sie unser zuverl\u00e4ssiges Angebot.<\/p>\n\t\t\t\t\t\t\t\t<\/div>\n\t\t\t\t<\/div>\n\t\t\t\t<\/div>\n\t\t\t\t<\/div>\n\t\t<div class=\"elementor-element elementor-element-3e930b6a e-con-full e-flex e-con e-child\" data-id=\"3e930b6a\" data-element_type=\"container\">\n\t\t<div class=\"elementor-element elementor-element-37cf2d3 e-con-full dark e-flex e-con e-child\" data-id=\"37cf2d3\" data-element_type=\"container\" data-settings=\"{&quot;background_background&quot;:&quot;classic&quot;}\">\n\t\t<div class=\"elementor-element elementor-element-3fc9b7a9 e-con-full e-flex e-con e-child\" data-id=\"3fc9b7a9\" data-element_type=\"container\">\n\t\t\t\t<div class=\"elementor-element elementor-element-7ecb9cfa elementor-widget elementor-widget-heading\" data-id=\"7ecb9cfa\" data-element_type=\"widget\" data-widget_type=\"heading.default\">\n\t\t\t\t<div class=\"elementor-widget-container\">\n\t\t\t\t\t<h2 class=\"elementor-heading-title elementor-size-default\">Formular ausf\u00fcllen<\/h2>\t\t\t\t<\/div>\n\t\t\t\t<\/div>\n\t\t\t\t<div class=\"elementor-element elementor-element-4d774175 elementor-widget elementor-widget-text-editor\" data-id=\"4d774175\" data-element_type=\"widget\" data-widget_type=\"text-editor.default\">\n\t\t\t\t<div class=\"elementor-widget-container\">\n\t\t\t\t\t\t\t\t\t<div class=\"column step-12-12\">\n<div id=\"site-container-22226\" class=\"Container ModuleElement ContentField con-81 \" data-snap=\"1\" data-containertype=\"ContentField\" data-moduleelement=\"12450\" data-name=\"Form Box\">\n<div class=\"row\">\n<div class=\"column step-12-12\">\n<div id=\"site-container-22225\" class=\"Container ModuleElement Textarea con-58 \" data-snap=\"1\" data-containertype=\"Textarea\" data-moduleelement=\"12523\">\n<div class=\"Module-12523 Textarea\">\n<p>Wir beantworten Anfragen innerhalb von 48 Stunden. Mit * markierte Felder sind erforderlich.<\/p>\n<\/div>\n<p><\/div>\n<p><\/div>\n<p><\/div>\n<p><\/div>\n<p><\/div>\n\t\t\t\t\t\t\t\t<\/div>\n\t\t\t\t<\/div>\n\t\t\t\t<\/div>\n\t\t\t\t<div class=\"elementor-element elementor-element-68e0b01a elementor-widget elementor-widget-shortcode\" data-id=\"68e0b01a\" data-element_type=\"widget\" data-widget_type=\"shortcode.default\">\n\t\t\t\t<div class=\"elementor-widget-container\">\n\t\t\t\t\t\t\t<div class=\"elementor-shortcode\"><form id=\"forminator-module-10876\" class=\"forminator-custom-form forminator-custom-form-10876\" method=\"post\" data-forminator-render=\"0\" data-uid=\"6a09a2b39f1ca\"><div role=\"alert\" aria-live=\"polite\" class=\"forminator-response-message forminator-error\" aria-hidden=\"true\"><\/div><\/form><\/div>\n\t\t\t\t\t\t<\/div>\n\t\t\t\t<\/div>\n\t\t\t\t<\/div>\n\t\t\t\t<\/div>\n\t\t\t\t\t<\/div>\n\t\t\t\t<\/div>\n\t\t\t\t\t<\/div>\n\t\t\t\t<\/div>\n\t\t\t\t<\/div>\n\t\t<\/div>\n\t\t\t\t\t\t<\/div>\n\t\t\t\t<\/div>\n\t\t\t\t<\/div>\n\t\t\t\t<\/div>\n\t\t","protected":false},"excerpt":{"rendered":"<p>CNC-Fr\u00e4sen Wir wickeln gro\u00dfe ebenso wie kleine Aufgaben ab.\u200b \u200b Wir nutzen die neueste Technologie im Bereich CNC-Fr\u00e4sen Um die Produktion zu optimieren, stellen wir gern Spannvorrichtungen in Sonderfertigung her Neben Stahl bearbeiten wir auch Edelstahl, Aluminium und Kunststoff sowie Gusselemente Wir benutzen CAD\/CAM und aktualisieren laufend Wir haben einen gemeinsamen Zugriff auf die Zeichnungsunterlagen &#8230; <a title=\"CNC-Fr\u00e4sen\" class=\"read-more\" href=\"https:\/\/ringstedmaskinfabrik.dk\/de\/leistungsuebersicht\/cnc-fraesen\/\" aria-label=\"Mehr Informationen \u00fcber CNC-Fr\u00e4sen\">Weiterlesen &#8230;<\/a><\/p>\n","protected":false},"author":5,"featured_media":0,"parent":10925,"menu_order":1007,"comment_status":"closed","ping_status":"closed","template":"","meta":{"_acf_changed":false,"footnotes":""},"categories":[],"class_list":["post-10929","page","type-page","status-publish"],"acf":[],"yoast_head":"<!-- This site is optimized with the Yoast SEO plugin v27.6 - https:\/\/yoast.com\/product\/yoast-seo-wordpress\/ -->\n<title>CNC Fr\u00e6sning i Ringsted | CNC-bearbejdningscenter m. CAD\/CAM<\/title>\n<meta name=\"description\" content=\"Vi h\u00e5ndtere store s\u00e5vel som sm\u00e5 opgaver. \u200bVi benytter bla. 5 akslet CNC fr\u00e6ser. For at optimere produktionen specialfremstiller vi gerne opsp\u00e6ndingsfixturer. Vi k\u00f8rer s\u00e5vel enkeltstyksproduktion som store serier.\" \/>\n<meta name=\"robots\" content=\"index, follow, max-snippet:-1, max-image-preview:large, max-video-preview:-1\" \/>\n<link rel=\"canonical\" href=\"https:\/\/ringstedmaskinfabrik.dk\/de\/leistungsuebersicht\/cnc-fraesen\/\" \/>\n<meta property=\"og:locale\" content=\"de_DE\" \/>\n<meta property=\"og:type\" content=\"article\" \/>\n<meta property=\"og:title\" content=\"CNC Fr\u00e6sning i Ringsted | CNC-bearbejdningscenter m. CAD\/CAM\" \/>\n<meta property=\"og:description\" content=\"Vi h\u00e5ndtere store s\u00e5vel som sm\u00e5 opgaver. \u200bVi benytter bla. 5 akslet CNC fr\u00e6ser. For at optimere produktionen specialfremstiller vi gerne opsp\u00e6ndingsfixturer. Vi k\u00f8rer s\u00e5vel enkeltstyksproduktion som store serier.\" \/>\n<meta property=\"og:url\" content=\"https:\/\/ringstedmaskinfabrik.dk\/de\/leistungsuebersicht\/cnc-fraesen\/\" \/>\n<meta property=\"og:site_name\" content=\"Ringsted Maskinfabrik ApS\" \/>\n<meta property=\"article:modified_time\" content=\"2025-11-14T09:55:10+00:00\" \/>\n<meta name=\"twitter:card\" content=\"summary_large_image\" \/>\n<meta name=\"twitter:label1\" content=\"Gesch\u00e4tzte Lesezeit\" \/>\n\t<meta name=\"twitter:data1\" content=\"1\u00a0Minute\" \/>\n<script type=\"application\/ld+json\" class=\"yoast-schema-graph\">{\"@context\":\"https:\\\/\\\/schema.org\",\"@graph\":[{\"@type\":\"WebPage\",\"@id\":\"https:\\\/\\\/ringstedmaskinfabrik.dk\\\/de\\\/leistungsuebersicht\\\/cnc-fraesen\\\/\",\"url\":\"https:\\\/\\\/ringstedmaskinfabrik.dk\\\/de\\\/leistungsuebersicht\\\/cnc-fraesen\\\/\",\"name\":\"CNC Fr\u00e6sning i Ringsted | CNC-bearbejdningscenter m. CAD\\\/CAM\",\"isPartOf\":{\"@id\":\"https:\\\/\\\/ringstedmaskinfabrik.dk\\\/de\\\/#website\"},\"datePublished\":\"2025-10-01T10:44:52+00:00\",\"dateModified\":\"2025-11-14T09:55:10+00:00\",\"description\":\"Vi h\u00e5ndtere store s\u00e5vel som sm\u00e5 opgaver. \u200bVi benytter bla. 5 akslet CNC fr\u00e6ser. For at optimere produktionen specialfremstiller vi gerne opsp\u00e6ndingsfixturer. Vi k\u00f8rer s\u00e5vel enkeltstyksproduktion som store serier.\",\"breadcrumb\":{\"@id\":\"https:\\\/\\\/ringstedmaskinfabrik.dk\\\/de\\\/leistungsuebersicht\\\/cnc-fraesen\\\/#breadcrumb\"},\"inLanguage\":\"de\",\"potentialAction\":[{\"@type\":\"ReadAction\",\"target\":[\"https:\\\/\\\/ringstedmaskinfabrik.dk\\\/de\\\/leistungsuebersicht\\\/cnc-fraesen\\\/\"]}]},{\"@type\":\"BreadcrumbList\",\"@id\":\"https:\\\/\\\/ringstedmaskinfabrik.dk\\\/de\\\/leistungsuebersicht\\\/cnc-fraesen\\\/#breadcrumb\",\"itemListElement\":[{\"@type\":\"ListItem\",\"position\":1,\"name\":\"Forside\",\"item\":\"https:\\\/\\\/ringstedmaskinfabrik.dk\\\/de\\\/\"},{\"@type\":\"ListItem\",\"position\":2,\"name\":\"Leistungs\u00fcbersicht\",\"item\":\"https:\\\/\\\/ringstedmaskinfabrik.dk\\\/de\\\/vi-tilbyder-aspx\\\/\"},{\"@type\":\"ListItem\",\"position\":3,\"name\":\"CNC-Fr\u00e4sen\"}]},{\"@type\":\"WebSite\",\"@id\":\"https:\\\/\\\/ringstedmaskinfabrik.dk\\\/de\\\/#website\",\"url\":\"https:\\\/\\\/ringstedmaskinfabrik.dk\\\/de\\\/\",\"name\":\"Ringsted Maskinfabrik ApS\",\"description\":\"CNC-fr\u00e6sning, CNC-drejning, pladebearbejdning, svejsning, mekanisk montage m.m.\",\"publisher\":{\"@id\":\"https:\\\/\\\/ringstedmaskinfabrik.dk\\\/de\\\/#organization\"},\"potentialAction\":[{\"@type\":\"SearchAction\",\"target\":{\"@type\":\"EntryPoint\",\"urlTemplate\":\"https:\\\/\\\/ringstedmaskinfabrik.dk\\\/de\\\/?s={search_term_string}\"},\"query-input\":{\"@type\":\"PropertyValueSpecification\",\"valueRequired\":true,\"valueName\":\"search_term_string\"}}],\"inLanguage\":\"de\"},{\"@type\":\"Organization\",\"@id\":\"https:\\\/\\\/ringstedmaskinfabrik.dk\\\/de\\\/#organization\",\"name\":\"Ringsted Maskinfabrik ApS\",\"url\":\"https:\\\/\\\/ringstedmaskinfabrik.dk\\\/de\\\/\",\"logo\":{\"@type\":\"ImageObject\",\"inLanguage\":\"de\",\"@id\":\"https:\\\/\\\/ringstedmaskinfabrik.dk\\\/de\\\/#\\\/schema\\\/logo\\\/image\\\/\",\"url\":\"https:\\\/\\\/ringstedmaskinfabrik.dk\\\/wp-content\\\/uploads\\\/2025\\\/10\\\/imgi_3_logo-ringstedmaskinfabrik_708.png\",\"contentUrl\":\"https:\\\/\\\/ringstedmaskinfabrik.dk\\\/wp-content\\\/uploads\\\/2025\\\/10\\\/imgi_3_logo-ringstedmaskinfabrik_708.png\",\"width\":230,\"height\":94,\"caption\":\"Ringsted Maskinfabrik ApS\"},\"image\":{\"@id\":\"https:\\\/\\\/ringstedmaskinfabrik.dk\\\/de\\\/#\\\/schema\\\/logo\\\/image\\\/\"}}]}<\/script>\n<!-- \/ Yoast SEO plugin. -->","yoast_head_json":{"title":"CNC Fr\u00e6sning i Ringsted | CNC-bearbejdningscenter m. CAD\/CAM","description":"Vi h\u00e5ndtere store s\u00e5vel som sm\u00e5 opgaver. \u200bVi benytter bla. 5 akslet CNC fr\u00e6ser. For at optimere produktionen specialfremstiller vi gerne opsp\u00e6ndingsfixturer. Vi k\u00f8rer s\u00e5vel enkeltstyksproduktion som store serier.","robots":{"index":"index","follow":"follow","max-snippet":"max-snippet:-1","max-image-preview":"max-image-preview:large","max-video-preview":"max-video-preview:-1"},"canonical":"https:\/\/ringstedmaskinfabrik.dk\/de\/leistungsuebersicht\/cnc-fraesen\/","og_locale":"de_DE","og_type":"article","og_title":"CNC Fr\u00e6sning i Ringsted | CNC-bearbejdningscenter m. CAD\/CAM","og_description":"Vi h\u00e5ndtere store s\u00e5vel som sm\u00e5 opgaver. \u200bVi benytter bla. 5 akslet CNC fr\u00e6ser. For at optimere produktionen specialfremstiller vi gerne opsp\u00e6ndingsfixturer. Vi k\u00f8rer s\u00e5vel enkeltstyksproduktion som store serier.","og_url":"https:\/\/ringstedmaskinfabrik.dk\/de\/leistungsuebersicht\/cnc-fraesen\/","og_site_name":"Ringsted Maskinfabrik ApS","article_modified_time":"2025-11-14T09:55:10+00:00","twitter_card":"summary_large_image","twitter_misc":{"Gesch\u00e4tzte Lesezeit":"1\u00a0Minute"},"schema":{"@context":"https:\/\/schema.org","@graph":[{"@type":"WebPage","@id":"https:\/\/ringstedmaskinfabrik.dk\/de\/leistungsuebersicht\/cnc-fraesen\/","url":"https:\/\/ringstedmaskinfabrik.dk\/de\/leistungsuebersicht\/cnc-fraesen\/","name":"CNC Fr\u00e6sning i Ringsted | CNC-bearbejdningscenter m. CAD\/CAM","isPartOf":{"@id":"https:\/\/ringstedmaskinfabrik.dk\/de\/#website"},"datePublished":"2025-10-01T10:44:52+00:00","dateModified":"2025-11-14T09:55:10+00:00","description":"Vi h\u00e5ndtere store s\u00e5vel som sm\u00e5 opgaver. \u200bVi benytter bla. 5 akslet CNC fr\u00e6ser. For at optimere produktionen specialfremstiller vi gerne opsp\u00e6ndingsfixturer. Vi k\u00f8rer s\u00e5vel enkeltstyksproduktion som store serier.","breadcrumb":{"@id":"https:\/\/ringstedmaskinfabrik.dk\/de\/leistungsuebersicht\/cnc-fraesen\/#breadcrumb"},"inLanguage":"de","potentialAction":[{"@type":"ReadAction","target":["https:\/\/ringstedmaskinfabrik.dk\/de\/leistungsuebersicht\/cnc-fraesen\/"]}]},{"@type":"BreadcrumbList","@id":"https:\/\/ringstedmaskinfabrik.dk\/de\/leistungsuebersicht\/cnc-fraesen\/#breadcrumb","itemListElement":[{"@type":"ListItem","position":1,"name":"Forside","item":"https:\/\/ringstedmaskinfabrik.dk\/de\/"},{"@type":"ListItem","position":2,"name":"Leistungs\u00fcbersicht","item":"https:\/\/ringstedmaskinfabrik.dk\/de\/vi-tilbyder-aspx\/"},{"@type":"ListItem","position":3,"name":"CNC-Fr\u00e4sen"}]},{"@type":"WebSite","@id":"https:\/\/ringstedmaskinfabrik.dk\/de\/#website","url":"https:\/\/ringstedmaskinfabrik.dk\/de\/","name":"Ringsted Maskinfabrik ApS","description":"CNC-fr\u00e6sning, CNC-drejning, pladebearbejdning, svejsning, mekanisk montage m.m.","publisher":{"@id":"https:\/\/ringstedmaskinfabrik.dk\/de\/#organization"},"potentialAction":[{"@type":"SearchAction","target":{"@type":"EntryPoint","urlTemplate":"https:\/\/ringstedmaskinfabrik.dk\/de\/?s={search_term_string}"},"query-input":{"@type":"PropertyValueSpecification","valueRequired":true,"valueName":"search_term_string"}}],"inLanguage":"de"},{"@type":"Organization","@id":"https:\/\/ringstedmaskinfabrik.dk\/de\/#organization","name":"Ringsted Maskinfabrik ApS","url":"https:\/\/ringstedmaskinfabrik.dk\/de\/","logo":{"@type":"ImageObject","inLanguage":"de","@id":"https:\/\/ringstedmaskinfabrik.dk\/de\/#\/schema\/logo\/image\/","url":"https:\/\/ringstedmaskinfabrik.dk\/wp-content\/uploads\/2025\/10\/imgi_3_logo-ringstedmaskinfabrik_708.png","contentUrl":"https:\/\/ringstedmaskinfabrik.dk\/wp-content\/uploads\/2025\/10\/imgi_3_logo-ringstedmaskinfabrik_708.png","width":230,"height":94,"caption":"Ringsted Maskinfabrik ApS"},"image":{"@id":"https:\/\/ringstedmaskinfabrik.dk\/de\/#\/schema\/logo\/image\/"}}]}},"_links":{"self":[{"href":"https:\/\/ringstedmaskinfabrik.dk\/de\/wp-json\/wp\/v2\/pages\/10929","targetHints":{"allow":["GET"]}}],"collection":[{"href":"https:\/\/ringstedmaskinfabrik.dk\/de\/wp-json\/wp\/v2\/pages"}],"about":[{"href":"https:\/\/ringstedmaskinfabrik.dk\/de\/wp-json\/wp\/v2\/types\/page"}],"author":[{"embeddable":true,"href":"https:\/\/ringstedmaskinfabrik.dk\/de\/wp-json\/wp\/v2\/users\/5"}],"replies":[{"embeddable":true,"href":"https:\/\/ringstedmaskinfabrik.dk\/de\/wp-json\/wp\/v2\/comments?post=10929"}],"version-history":[{"count":1,"href":"https:\/\/ringstedmaskinfabrik.dk\/de\/wp-json\/wp\/v2\/pages\/10929\/revisions"}],"predecessor-version":[{"id":10930,"href":"https:\/\/ringstedmaskinfabrik.dk\/de\/wp-json\/wp\/v2\/pages\/10929\/revisions\/10930"}],"up":[{"embeddable":true,"href":"https:\/\/ringstedmaskinfabrik.dk\/de\/wp-json\/wp\/v2\/pages\/10925"}],"wp:attachment":[{"href":"https:\/\/ringstedmaskinfabrik.dk\/de\/wp-json\/wp\/v2\/media?parent=10929"}],"wp:term":[{"taxonomy":"category","embeddable":true,"href":"https:\/\/ringstedmaskinfabrik.dk\/de\/wp-json\/wp\/v2\/categories?post=10929"}],"curies":[{"name":"wp","href":"https:\/\/api.w.org\/{rel}","templated":true}]}}