{"id":10933,"date":"2025-10-01T12:44:52","date_gmt":"2025-10-01T10:44:52","guid":{"rendered":"https:\/\/ringstedmaskinfabrik.dk\/angebot-einholen\/"},"modified":"2025-11-14T10:56:12","modified_gmt":"2025-11-14T09:56:12","slug":"angebot-einholen","status":"publish","type":"page","link":"https:\/\/ringstedmaskinfabrik.dk\/de\/angebot-einholen\/","title":{"rendered":"Angebot einholen"},"content":{"rendered":"\t\t<div data-elementor-type=\"wp-page\" data-elementor-id=\"10933\" class=\"elementor elementor-10933 elementor-10087\" data-elementor-post-type=\"page\">\n\t\t\t\t<div class=\"elementor-element elementor-element-2f8f4eb e-flex e-con-boxed e-con e-parent\" data-id=\"2f8f4eb\" data-element_type=\"container\" data-settings=\"{&quot;background_background&quot;:&quot;classic&quot;}\">\n\t\t\t\t\t<div class=\"e-con-inner\">\n\t\t\t\t\t<\/div>\n\t\t\t\t<\/div>\n\t\t<div class=\"elementor-element elementor-element-b807c15 e-flex e-con-boxed e-con e-parent\" data-id=\"b807c15\" data-element_type=\"container\">\n\t\t\t\t\t<div class=\"e-con-inner\">\n\t\t<div class=\"elementor-element elementor-element-eeeb18a e-con-full e-flex e-con e-child\" data-id=\"eeeb18a\" data-element_type=\"container\" data-settings=\"{&quot;background_background&quot;:&quot;classic&quot;}\">\n\t\t<div class=\"elementor-element elementor-element-fb440f5 e-con-full e-flex e-con e-child\" data-id=\"fb440f5\" data-element_type=\"container\">\n\t\t\t\t<div class=\"elementor-element elementor-element-9892f51 elementor-widget elementor-widget-heading\" data-id=\"9892f51\" data-element_type=\"widget\" data-widget_type=\"heading.default\">\n\t\t\t\t<div class=\"elementor-widget-container\">\n\t\t\t\t\t<h2 class=\"elementor-heading-title elementor-size-default\">Angebot einholen<\/h2>\t\t\t\t<\/div>\n\t\t\t\t<\/div>\n\t\t\t\t<div class=\"elementor-element elementor-element-b33ce14 elementor-widget elementor-widget-text-editor\" data-id=\"b33ce14\" data-element_type=\"widget\" data-widget_type=\"text-editor.default\">\n\t\t\t\t<div class=\"elementor-widget-container\">\n\t\t\t\t\t\t\t\t\t<p>Wir besch\u00e4ftigen uns haupts\u00e4chlich mit der Produktion kundenspezifischer Objekte, sei es aus antistatischem Kunststoff oder Titan. \u200b<\/p>\n\t\t\t\t\t\t\t\t<\/div>\n\t\t\t\t<\/div>\n\t\t\t\t<div class=\"elementor-element elementor-element-8a87a3d elementor-widget elementor-widget-text-editor\" data-id=\"8a87a3d\" data-element_type=\"widget\" data-widget_type=\"text-editor.default\">\n\t\t\t\t<div class=\"elementor-widget-container\">\n\t\t\t\t\t\t\t\t\t<div class=\"column step-12-12\">\n<div id=\"site-container-22238\" class=\"Container ModuleElement Textarea AutoResizable con-133 \" data-snap=\"1\" data-containertype=\"Textarea\" data-moduleelement=\"12527\">\n<div class=\"Module-12527 Textarea\">\n<p>Unsere Produktion reicht von einem St\u00fcck bis zu gro\u00dfen Serien. Au\u00dferdem bieten wir Laserschneiden, Schwei\u00dfen sowie Montage an und sorgen auch gern f\u00fcr die Oberfl\u00e4chenbehandlung fertiger Teile.<\/p>\n<p>\u200b<\/p>\n<p>Blecharbeiten wickeln wir in L\u00e4ngen bis zu 3 Meter ab und bieten die Produktion von Beschl\u00e4gen sowie Schwei\u00dfaufgaben an.<\/p>\n<p>\u200b<\/p>\n<p>Au\u00dferdem bieten wir das Laserschneiden und die Oberfl\u00e4chenbehandlung aller Objekte an. Wir verf\u00fcgen \u00fcber langj\u00e4hrige Erfahrung und haben eine gute Zusammenarbeit mit Zulieferern.<\/p>\n<p>\u200b<\/p>\n<p>F\u00fcr die Kommunikation sowie den Empfang von Dateien nutzen wir E-Mail, bei umfangreichen Projekten nutzen wir CloudDrive. Die Ausarbeitung von Angeboten erfolgt im PDF-Format, f\u00fcr komplexe Objekte nutzen wir eine STEP- oder DXF-Datei.<\/p>\n<p>\u200b<\/p>\n<p>Wir sind bestrebt, Ihr Angebot innerhalb von zwei Werktagen auszuarbeiten.<\/p>\n<p>\u200b<\/p>\n<p>Wenn es sich um eine Aufgabe handelt, die vor Ort betreut werden muss \u2013 sei es ein Ersatzteil, das reproduziert werden muss oder eine Aufgabe, die Montage oder Schwei\u00dfen erfordert \u2013 kommen wir auch gern zu Ihnen.<\/p>\n<p>\u200b<\/p>\n<p>Wir k\u00f6nnen eine gute, Ihrem Projekt angepasste L\u00f6sung anbieten und k\u00f6nnen den gesamten Ablauf \u00fcbernehmen, sodass Sie nur mit einem Zulieferer in Kontakt sein m\u00fcssen.<\/p>\n<p>\u200b<\/p>\n<p><strong>Wir freuen uns, von Ihnen zu h\u00f6ren.<\/strong><\/p>\n<p>\u200b<\/p>\n<p>Ringsted Maskinfabrik<\/p>\n<p>Tel.:\u00a0<a class=\"custom68\" href=\"tel:+45 5761 0510\">+45 5761 0510<\/a><\/p>\n<\/div>\n<p><\/div>\n<p><\/div>\n<p><\/p>\n<div class=\"column step-12-12\">\n<div id=\"site-container-28083\" class=\"Container Placeholder con-43 \" data-snap=\"1\">\n<div class=\"row\">\n<div class=\"column step-12-12\">\n<div id=\"site-container-28082\" class=\"Container Placeholder con-43 \" data-snap=\"1\">\n<div class=\"row\">\n<div class=\"column step-12-12\">\n<div id=\"site-container-28080\" class=\"Container ModuleElement Textarea AutoResizable con-43 \" data-snap=\"1\" data-containertype=\"Textarea\" data-moduleelement=\"15606\">\n<div class=\"Module-15606 Textarea\">\n<p><strong>W\u00fcnschen Sie ein Angebot?<\/strong><\/p>\n<p>\u200b<\/p>\n<p>Sie liefern die Daten, St\u00fcckzahlen und Zeichnungen zu CNC Fr\u00e4sen oder CNC Drehen, schnellstens erhalten Sie unser zuverl\u00e4ssiges Angebot.<\/p>\n<p>Sie K\u00f6nnen auch Roni J\u00f6rgensen direkt Kontaktiren +45 5761 0510 (3 W\u00e4hlen)<\/p>\n<p>\u200b<\/p>\n<p>Bitte Kontaktformular ausf\u00fcllen:\u200b<\/p>\n<\/div>\n<p><\/div>\n<p><\/div>\n<p><\/div>\n<p><\/div>\n<p><\/div>\n<p><\/div>\n<p><\/div>\n<p><\/div>\n\t\t\t\t\t\t\t\t<\/div>\n\t\t\t\t<\/div>\n\t\t<div class=\"elementor-element elementor-element-b9b14f3 e-con-full dark e-flex e-con e-child\" data-id=\"b9b14f3\" data-element_type=\"container\" data-settings=\"{&quot;background_background&quot;:&quot;classic&quot;}\">\n\t\t<div class=\"elementor-element elementor-element-261dc1d e-con-full e-flex e-con e-child\" data-id=\"261dc1d\" data-element_type=\"container\">\n\t\t\t\t<div class=\"elementor-element elementor-element-c9ce96a elementor-widget elementor-widget-heading\" data-id=\"c9ce96a\" data-element_type=\"widget\" data-widget_type=\"heading.default\">\n\t\t\t\t<div class=\"elementor-widget-container\">\n\t\t\t\t\t<h2 class=\"elementor-heading-title elementor-size-default\">Angebot einholen<\/h2>\t\t\t\t<\/div>\n\t\t\t\t<\/div>\n\t\t\t\t<div class=\"elementor-element elementor-element-3fdfe7a elementor-widget elementor-widget-text-editor\" data-id=\"3fdfe7a\" data-element_type=\"widget\" data-widget_type=\"text-editor.default\">\n\t\t\t\t<div class=\"elementor-widget-container\">\n\t\t\t\t\t\t\t\t\t<div class=\"column step-12-12\">\n<div id=\"site-container-22226\" class=\"Container ModuleElement ContentField con-81 \" data-snap=\"1\" data-containertype=\"ContentField\" data-moduleelement=\"12450\" data-name=\"Form Box\">\n<div class=\"row\">\n<div class=\"column step-12-12\">\n<div id=\"site-container-22225\" class=\"Container ModuleElement Textarea con-58 \" data-snap=\"1\" data-containertype=\"Textarea\" data-moduleelement=\"12523\">\n<div class=\"Module-12523 Textarea\">\n<p>Wir beantworten Anfragen innerhalb von 48 Stunden. Mit * markierte Felder sind erforderlich.<\/p>\n<\/div>\n<p><\/div>\n<p><\/div>\n<p><\/div>\n<p><\/div>\n<p><\/div>\n\t\t\t\t\t\t\t\t<\/div>\n\t\t\t\t<\/div>\n\t\t\t\t<\/div>\n\t\t\t\t<div class=\"elementor-element elementor-element-b6c0248 elementor-widget elementor-widget-shortcode\" data-id=\"b6c0248\" data-element_type=\"widget\" data-widget_type=\"shortcode.default\">\n\t\t\t\t<div class=\"elementor-widget-container\">\n\t\t\t\t\t\t\t<div class=\"elementor-shortcode\"><form id=\"forminator-module-10876\" class=\"forminator-custom-form forminator-custom-form-10876\" method=\"post\" data-forminator-render=\"0\" data-uid=\"69d2baaee9994\"><div role=\"alert\" aria-live=\"polite\" class=\"forminator-response-message forminator-error\" aria-hidden=\"true\"><\/div><\/form><\/div>\n\t\t\t\t\t\t<\/div>\n\t\t\t\t<\/div>\n\t\t\t\t<\/div>\n\t\t\t\t<\/div>\n\t\t\t\t<\/div>\n\t\t\t\t\t<\/div>\n\t\t\t\t<\/div>\n\t\t\t\t<\/div>\n\t\t","protected":false},"excerpt":{"rendered":"<p>Angebot einholen Wir besch\u00e4ftigen uns haupts\u00e4chlich mit der Produktion kundenspezifischer Objekte, sei es aus antistatischem Kunststoff oder Titan. \u200b Unsere Produktion reicht von einem St\u00fcck bis zu gro\u00dfen Serien. Au\u00dferdem bieten wir Laserschneiden, Schwei\u00dfen sowie Montage an und sorgen auch gern f\u00fcr die Oberfl\u00e4chenbehandlung fertiger Teile. \u200b Blecharbeiten wickeln wir in L\u00e4ngen bis zu 3 &#8230; <a title=\"Angebot einholen\" class=\"read-more\" href=\"https:\/\/ringstedmaskinfabrik.dk\/de\/angebot-einholen\/\" aria-label=\"Mehr Informationen \u00fcber Angebot einholen\">Weiterlesen &#8230;<\/a><\/p>\n","protected":false},"author":5,"featured_media":0,"parent":0,"menu_order":1001,"comment_status":"closed","ping_status":"closed","template":"","meta":{"_acf_changed":false,"footnotes":""},"categories":[],"class_list":["post-10933","page","type-page","status-publish"],"acf":[],"yoast_head":"<!-- This site is optimized with the Yoast SEO plugin v27.3 - https:\/\/yoast.com\/product\/yoast-seo-wordpress\/ -->\n<title>Angebot einholen | Ringsted Maskinfabrik ApS<\/title>\n<meta name=\"description\" content=\"Vi arbejder hovedsageligt med produktion af kundespecifikke emner, lige fra aluminium, antistatisk plast til titanium. Produktion sp\u00e6nder fra 1 stk. til store seriest\u00f8rrelser.\" \/>\n<meta name=\"robots\" content=\"index, follow, max-snippet:-1, max-image-preview:large, max-video-preview:-1\" \/>\n<link rel=\"canonical\" href=\"https:\/\/ringstedmaskinfabrik.dk\/de\/angebot-einholen\/\" \/>\n<meta property=\"og:locale\" content=\"de_DE\" \/>\n<meta property=\"og:type\" content=\"article\" \/>\n<meta property=\"og:title\" content=\"Angebot einholen | Ringsted Maskinfabrik ApS\" \/>\n<meta property=\"og:description\" content=\"Vi arbejder hovedsageligt med produktion af kundespecifikke emner, lige fra aluminium, antistatisk plast til titanium. Produktion sp\u00e6nder fra 1 stk. til store seriest\u00f8rrelser.\" \/>\n<meta property=\"og:url\" content=\"https:\/\/ringstedmaskinfabrik.dk\/de\/angebot-einholen\/\" \/>\n<meta property=\"og:site_name\" content=\"Ringsted Maskinfabrik ApS\" \/>\n<meta property=\"article:modified_time\" content=\"2025-11-14T09:56:12+00:00\" \/>\n<meta name=\"twitter:card\" content=\"summary_large_image\" \/>\n<meta name=\"twitter:label1\" content=\"Gesch\u00e4tzte Lesezeit\" \/>\n\t<meta name=\"twitter:data1\" content=\"1\u00a0Minute\" \/>\n<script type=\"application\/ld+json\" class=\"yoast-schema-graph\">{\"@context\":\"https:\\\/\\\/schema.org\",\"@graph\":[{\"@type\":\"WebPage\",\"@id\":\"https:\\\/\\\/ringstedmaskinfabrik.dk\\\/de\\\/angebot-einholen\\\/\",\"url\":\"https:\\\/\\\/ringstedmaskinfabrik.dk\\\/de\\\/angebot-einholen\\\/\",\"name\":\"Angebot einholen | Ringsted Maskinfabrik ApS\",\"isPartOf\":{\"@id\":\"https:\\\/\\\/ringstedmaskinfabrik.dk\\\/de\\\/#website\"},\"datePublished\":\"2025-10-01T10:44:52+00:00\",\"dateModified\":\"2025-11-14T09:56:12+00:00\",\"description\":\"Vi arbejder hovedsageligt med produktion af kundespecifikke emner, lige fra aluminium, antistatisk plast til titanium. Produktion sp\u00e6nder fra 1 stk. til store seriest\u00f8rrelser.\",\"breadcrumb\":{\"@id\":\"https:\\\/\\\/ringstedmaskinfabrik.dk\\\/de\\\/angebot-einholen\\\/#breadcrumb\"},\"inLanguage\":\"de\",\"potentialAction\":[{\"@type\":\"ReadAction\",\"target\":[\"https:\\\/\\\/ringstedmaskinfabrik.dk\\\/de\\\/angebot-einholen\\\/\"]}]},{\"@type\":\"BreadcrumbList\",\"@id\":\"https:\\\/\\\/ringstedmaskinfabrik.dk\\\/de\\\/angebot-einholen\\\/#breadcrumb\",\"itemListElement\":[{\"@type\":\"ListItem\",\"position\":1,\"name\":\"Forside\",\"item\":\"https:\\\/\\\/ringstedmaskinfabrik.dk\\\/de\\\/\"},{\"@type\":\"ListItem\",\"position\":2,\"name\":\"Angebot einholen\"}]},{\"@type\":\"WebSite\",\"@id\":\"https:\\\/\\\/ringstedmaskinfabrik.dk\\\/de\\\/#website\",\"url\":\"https:\\\/\\\/ringstedmaskinfabrik.dk\\\/de\\\/\",\"name\":\"Ringsted Maskinfabrik ApS\",\"description\":\"CNC-fr\u00e6sning, CNC-drejning, pladebearbejdning, svejsning, mekanisk montage m.m.\",\"publisher\":{\"@id\":\"https:\\\/\\\/ringstedmaskinfabrik.dk\\\/de\\\/#organization\"},\"potentialAction\":[{\"@type\":\"SearchAction\",\"target\":{\"@type\":\"EntryPoint\",\"urlTemplate\":\"https:\\\/\\\/ringstedmaskinfabrik.dk\\\/de\\\/?s={search_term_string}\"},\"query-input\":{\"@type\":\"PropertyValueSpecification\",\"valueRequired\":true,\"valueName\":\"search_term_string\"}}],\"inLanguage\":\"de\"},{\"@type\":\"Organization\",\"@id\":\"https:\\\/\\\/ringstedmaskinfabrik.dk\\\/de\\\/#organization\",\"name\":\"Ringsted Maskinfabrik ApS\",\"url\":\"https:\\\/\\\/ringstedmaskinfabrik.dk\\\/de\\\/\",\"logo\":{\"@type\":\"ImageObject\",\"inLanguage\":\"de\",\"@id\":\"https:\\\/\\\/ringstedmaskinfabrik.dk\\\/de\\\/#\\\/schema\\\/logo\\\/image\\\/\",\"url\":\"https:\\\/\\\/ringstedmaskinfabrik.dk\\\/wp-content\\\/uploads\\\/2025\\\/10\\\/imgi_3_logo-ringstedmaskinfabrik_708.png\",\"contentUrl\":\"https:\\\/\\\/ringstedmaskinfabrik.dk\\\/wp-content\\\/uploads\\\/2025\\\/10\\\/imgi_3_logo-ringstedmaskinfabrik_708.png\",\"width\":230,\"height\":94,\"caption\":\"Ringsted Maskinfabrik ApS\"},\"image\":{\"@id\":\"https:\\\/\\\/ringstedmaskinfabrik.dk\\\/de\\\/#\\\/schema\\\/logo\\\/image\\\/\"}}]}<\/script>\n<!-- \/ Yoast SEO plugin. -->","yoast_head_json":{"title":"Angebot einholen | Ringsted Maskinfabrik ApS","description":"Vi arbejder hovedsageligt med produktion af kundespecifikke emner, lige fra aluminium, antistatisk plast til titanium. Produktion sp\u00e6nder fra 1 stk. til store seriest\u00f8rrelser.","robots":{"index":"index","follow":"follow","max-snippet":"max-snippet:-1","max-image-preview":"max-image-preview:large","max-video-preview":"max-video-preview:-1"},"canonical":"https:\/\/ringstedmaskinfabrik.dk\/de\/angebot-einholen\/","og_locale":"de_DE","og_type":"article","og_title":"Angebot einholen | Ringsted Maskinfabrik ApS","og_description":"Vi arbejder hovedsageligt med produktion af kundespecifikke emner, lige fra aluminium, antistatisk plast til titanium. Produktion sp\u00e6nder fra 1 stk. til store seriest\u00f8rrelser.","og_url":"https:\/\/ringstedmaskinfabrik.dk\/de\/angebot-einholen\/","og_site_name":"Ringsted Maskinfabrik ApS","article_modified_time":"2025-11-14T09:56:12+00:00","twitter_card":"summary_large_image","twitter_misc":{"Gesch\u00e4tzte Lesezeit":"1\u00a0Minute"},"schema":{"@context":"https:\/\/schema.org","@graph":[{"@type":"WebPage","@id":"https:\/\/ringstedmaskinfabrik.dk\/de\/angebot-einholen\/","url":"https:\/\/ringstedmaskinfabrik.dk\/de\/angebot-einholen\/","name":"Angebot einholen | Ringsted Maskinfabrik ApS","isPartOf":{"@id":"https:\/\/ringstedmaskinfabrik.dk\/de\/#website"},"datePublished":"2025-10-01T10:44:52+00:00","dateModified":"2025-11-14T09:56:12+00:00","description":"Vi arbejder hovedsageligt med produktion af kundespecifikke emner, lige fra aluminium, antistatisk plast til titanium. Produktion sp\u00e6nder fra 1 stk. til store seriest\u00f8rrelser.","breadcrumb":{"@id":"https:\/\/ringstedmaskinfabrik.dk\/de\/angebot-einholen\/#breadcrumb"},"inLanguage":"de","potentialAction":[{"@type":"ReadAction","target":["https:\/\/ringstedmaskinfabrik.dk\/de\/angebot-einholen\/"]}]},{"@type":"BreadcrumbList","@id":"https:\/\/ringstedmaskinfabrik.dk\/de\/angebot-einholen\/#breadcrumb","itemListElement":[{"@type":"ListItem","position":1,"name":"Forside","item":"https:\/\/ringstedmaskinfabrik.dk\/de\/"},{"@type":"ListItem","position":2,"name":"Angebot einholen"}]},{"@type":"WebSite","@id":"https:\/\/ringstedmaskinfabrik.dk\/de\/#website","url":"https:\/\/ringstedmaskinfabrik.dk\/de\/","name":"Ringsted Maskinfabrik ApS","description":"CNC-fr\u00e6sning, CNC-drejning, pladebearbejdning, svejsning, mekanisk montage m.m.","publisher":{"@id":"https:\/\/ringstedmaskinfabrik.dk\/de\/#organization"},"potentialAction":[{"@type":"SearchAction","target":{"@type":"EntryPoint","urlTemplate":"https:\/\/ringstedmaskinfabrik.dk\/de\/?s={search_term_string}"},"query-input":{"@type":"PropertyValueSpecification","valueRequired":true,"valueName":"search_term_string"}}],"inLanguage":"de"},{"@type":"Organization","@id":"https:\/\/ringstedmaskinfabrik.dk\/de\/#organization","name":"Ringsted Maskinfabrik ApS","url":"https:\/\/ringstedmaskinfabrik.dk\/de\/","logo":{"@type":"ImageObject","inLanguage":"de","@id":"https:\/\/ringstedmaskinfabrik.dk\/de\/#\/schema\/logo\/image\/","url":"https:\/\/ringstedmaskinfabrik.dk\/wp-content\/uploads\/2025\/10\/imgi_3_logo-ringstedmaskinfabrik_708.png","contentUrl":"https:\/\/ringstedmaskinfabrik.dk\/wp-content\/uploads\/2025\/10\/imgi_3_logo-ringstedmaskinfabrik_708.png","width":230,"height":94,"caption":"Ringsted Maskinfabrik ApS"},"image":{"@id":"https:\/\/ringstedmaskinfabrik.dk\/de\/#\/schema\/logo\/image\/"}}]}},"_links":{"self":[{"href":"https:\/\/ringstedmaskinfabrik.dk\/de\/wp-json\/wp\/v2\/pages\/10933","targetHints":{"allow":["GET"]}}],"collection":[{"href":"https:\/\/ringstedmaskinfabrik.dk\/de\/wp-json\/wp\/v2\/pages"}],"about":[{"href":"https:\/\/ringstedmaskinfabrik.dk\/de\/wp-json\/wp\/v2\/types\/page"}],"author":[{"embeddable":true,"href":"https:\/\/ringstedmaskinfabrik.dk\/de\/wp-json\/wp\/v2\/users\/5"}],"replies":[{"embeddable":true,"href":"https:\/\/ringstedmaskinfabrik.dk\/de\/wp-json\/wp\/v2\/comments?post=10933"}],"version-history":[{"count":1,"href":"https:\/\/ringstedmaskinfabrik.dk\/de\/wp-json\/wp\/v2\/pages\/10933\/revisions"}],"predecessor-version":[{"id":10934,"href":"https:\/\/ringstedmaskinfabrik.dk\/de\/wp-json\/wp\/v2\/pages\/10933\/revisions\/10934"}],"wp:attachment":[{"href":"https:\/\/ringstedmaskinfabrik.dk\/de\/wp-json\/wp\/v2\/media?parent=10933"}],"wp:term":[{"taxonomy":"category","embeddable":true,"href":"https:\/\/ringstedmaskinfabrik.dk\/de\/wp-json\/wp\/v2\/categories?post=10933"}],"curies":[{"name":"wp","href":"https:\/\/api.w.org\/{rel}","templated":true}]}}