{"id":10849,"date":"2025-10-01T12:44:52","date_gmt":"2025-10-01T10:44:52","guid":{"rendered":"https:\/\/ringstedmaskinfabrik.dk\/our-services\/product-development\/"},"modified":"2025-11-07T11:50:11","modified_gmt":"2025-11-07T10:50:11","slug":"product-development","status":"publish","type":"page","link":"https:\/\/ringstedmaskinfabrik.dk\/en\/our-services\/product-development\/","title":{"rendered":"Product development"},"content":{"rendered":"\t\t<div data-elementor-type=\"wp-page\" data-elementor-id=\"10849\" class=\"elementor elementor-10849 elementor-10098\" data-elementor-post-type=\"page\">\n\t\t\t\t<div class=\"elementor-element elementor-element-6283e23 e-flex e-con-boxed e-con e-parent\" data-id=\"6283e23\" data-element_type=\"container\" data-settings=\"{&quot;background_background&quot;:&quot;classic&quot;}\">\n\t\t\t\t\t<div class=\"e-con-inner\">\n\t\t\t\t\t<\/div>\n\t\t\t\t<\/div>\n\t\t<div class=\"elementor-element elementor-element-7c97e9c e-flex e-con-boxed e-con e-parent\" data-id=\"7c97e9c\" data-element_type=\"container\">\n\t\t\t\t\t<div class=\"e-con-inner\">\n\t\t<div class=\"elementor-element elementor-element-9b2c083 e-con-full e-flex e-con e-child\" data-id=\"9b2c083\" data-element_type=\"container\" data-settings=\"{&quot;background_background&quot;:&quot;classic&quot;}\">\n\t\t<div class=\"elementor-element elementor-element-f9a0f43 e-con-full e-flex e-con e-child\" data-id=\"f9a0f43\" data-element_type=\"container\">\n\t\t\t\t<div class=\"elementor-element elementor-element-84ce9bc elementor-widget elementor-widget-heading\" data-id=\"84ce9bc\" data-element_type=\"widget\" data-widget_type=\"heading.default\">\n\t\t\t\t<div class=\"elementor-widget-container\">\n\t\t\t\t\t<h2 class=\"elementor-heading-title elementor-size-default\">Product development<\/h2>\t\t\t\t<\/div>\n\t\t\t\t<\/div>\n\t\t\t\t<div class=\"elementor-element elementor-element-e2c1ab3 elementor-widget elementor-widget-text-editor\" data-id=\"e2c1ab3\" data-element_type=\"widget\" data-widget_type=\"text-editor.default\">\n\t\t\t\t<div class=\"elementor-widget-container\">\n\t\t\t\t\t\t\t\t\t<div class=\"column step-9-12 step-8-6\">\n<div id=\"site-container-19109\" class=\"Container Placeholder con-62 \" data-snap=\"1\">\n<div class=\"row\">\n<div class=\"column step-9-12\">\n<div id=\"site-container-19110\" class=\"Container ModuleElement Textarea con-63 \" data-snap=\"1\" data-containertype=\"Textarea\" data-moduleelement=\"10985\">\n<div class=\"Module-10985 Textarea\">\n<p>We make ourselves available to our many years of experience and Expertise in materials and processing method for obtaining a good result.<\/p>\n<p>\u200b<\/p>\n<p>Our knowledgeable staff has a good education and a long experience a significant competence in the programming of our advanced CAD \/ CAM systems.<\/p>\n<\/div>\n<\/div>\n<\/div>\n<\/div>\n<\/div>\n<\/div>\n<div class=\"column step-9-12 step-8-6\">\n<div id=\"site-container-19114\" class=\"Container Placeholder con-57 \" data-snap=\"1\">\n<div class=\"row\">\n<div class=\"column step-9-12\">\n<div id=\"site-container-19111\" class=\"Container ModuleElement Textarea con-64 \" data-snap=\"1\" data-containertype=\"Textarea\" data-moduleelement=\"10986\">\n<div class=\"Module-10986 Textarea\">\n<p>We kept track of the different drawing revisions using our production management system, and we have an electronic drawing archive of the drawings that the customer wants, us to keep.<\/p>\n<p>\u200b<\/p>\n<p>We receive subscription products, orders and other information via e-mail, which ensures rapid and secure communications.\u200b\u200b<\/p>\n<\/div>\n<\/div>\n<\/div>\n<\/div>\n<\/div>\n<\/div>\n\t\t\t\t\t\t\t\t<\/div>\n\t\t\t\t<\/div>\n\t\t<div class=\"elementor-element elementor-element-dd06697 e-con-full e-flex e-con e-child\" data-id=\"dd06697\" data-element_type=\"container\" data-settings=\"{&quot;background_background&quot;:&quot;classic&quot;}\">\n\t\t\t\t<\/div>\n\t\t\t\t<\/div>\n\t\t\t\t<\/div>\n\t\t\t\t\t<\/div>\n\t\t\t\t<\/div>\n\t\t\t\t<\/div>\n\t\t","protected":false},"excerpt":{"rendered":"<p>Product development We make ourselves available to our many years of experience and Expertise in materials and processing method for obtaining a good result. \u200b Our knowledgeable staff has a good education and a long experience a significant competence in the programming of our advanced CAD \/ CAM systems. We kept track of the different &#8230; <a title=\"Product development\" class=\"read-more\" href=\"https:\/\/ringstedmaskinfabrik.dk\/en\/our-services\/product-development\/\" aria-label=\"Read more about Product development\">Read more<\/a><\/p>\n","protected":false},"author":5,"featured_media":0,"parent":10835,"menu_order":1012,"comment_status":"closed","ping_status":"closed","template":"","meta":{"_acf_changed":false,"footnotes":""},"categories":[],"class_list":["post-10849","page","type-page","status-publish"],"acf":[],"yoast_head":"<!-- This site is optimized with the Yoast SEO plugin v27.4 - https:\/\/yoast.com\/product\/yoast-seo-wordpress\/ -->\n<title>Produktudvikling p\u00e5 maskinfabrik i Ringsted | CAD\/ CAM-systemer<\/title>\n<meta name=\"description\" content=\"Vi stiller os til r\u00e5dighed med vores mange \u00e5rs erfaring samt expertice med hensyn til materialevalg samt forarbejdningsmetode for at opn\u00e5 et godt resultat.\u200bVores dygtige medarbejdere har med en god uddannelse samt en \u00e5relang erfaring en betydelig komp\" \/>\n<meta name=\"robots\" content=\"index, follow, max-snippet:-1, max-image-preview:large, max-video-preview:-1\" \/>\n<link rel=\"canonical\" href=\"https:\/\/ringstedmaskinfabrik.dk\/en\/our-services\/product-development\/\" \/>\n<meta property=\"og:locale\" content=\"en_US\" \/>\n<meta property=\"og:type\" content=\"article\" \/>\n<meta property=\"og:title\" content=\"Produktudvikling p\u00e5 maskinfabrik i Ringsted | CAD\/ CAM-systemer\" \/>\n<meta property=\"og:description\" content=\"Vi stiller os til r\u00e5dighed med vores mange \u00e5rs erfaring samt expertice med hensyn til materialevalg samt forarbejdningsmetode for at opn\u00e5 et godt resultat.\u200bVores dygtige medarbejdere har med en god uddannelse samt en \u00e5relang erfaring en betydelig komp\" \/>\n<meta property=\"og:url\" content=\"https:\/\/ringstedmaskinfabrik.dk\/en\/our-services\/product-development\/\" \/>\n<meta property=\"og:site_name\" content=\"Ringsted Maskinfabrik ApS\" \/>\n<meta property=\"article:modified_time\" content=\"2025-11-07T10:50:11+00:00\" \/>\n<meta name=\"twitter:card\" content=\"summary_large_image\" \/>\n<script type=\"application\/ld+json\" class=\"yoast-schema-graph\">{\"@context\":\"https:\\\/\\\/schema.org\",\"@graph\":[{\"@type\":\"WebPage\",\"@id\":\"https:\\\/\\\/ringstedmaskinfabrik.dk\\\/en\\\/our-services\\\/product-development\\\/\",\"url\":\"https:\\\/\\\/ringstedmaskinfabrik.dk\\\/en\\\/our-services\\\/product-development\\\/\",\"name\":\"Produktudvikling p\u00e5 maskinfabrik i Ringsted | CAD\\\/ CAM-systemer\",\"isPartOf\":{\"@id\":\"https:\\\/\\\/ringstedmaskinfabrik.dk\\\/en\\\/#website\"},\"datePublished\":\"2025-10-01T10:44:52+00:00\",\"dateModified\":\"2025-11-07T10:50:11+00:00\",\"description\":\"Vi stiller os til r\u00e5dighed med vores mange \u00e5rs erfaring samt expertice med hensyn til materialevalg samt forarbejdningsmetode for at opn\u00e5 et godt resultat.\u200bVores dygtige medarbejdere har med en god uddannelse samt en \u00e5relang erfaring en betydelig komp\",\"breadcrumb\":{\"@id\":\"https:\\\/\\\/ringstedmaskinfabrik.dk\\\/en\\\/our-services\\\/product-development\\\/#breadcrumb\"},\"inLanguage\":\"en-US\",\"potentialAction\":[{\"@type\":\"ReadAction\",\"target\":[\"https:\\\/\\\/ringstedmaskinfabrik.dk\\\/en\\\/our-services\\\/product-development\\\/\"]}]},{\"@type\":\"BreadcrumbList\",\"@id\":\"https:\\\/\\\/ringstedmaskinfabrik.dk\\\/en\\\/our-services\\\/product-development\\\/#breadcrumb\",\"itemListElement\":[{\"@type\":\"ListItem\",\"position\":1,\"name\":\"Forside\",\"item\":\"https:\\\/\\\/ringstedmaskinfabrik.dk\\\/en\\\/\"},{\"@type\":\"ListItem\",\"position\":2,\"name\":\"Our services\",\"item\":\"https:\\\/\\\/ringstedmaskinfabrik.dk\\\/en\\\/vi-tilbyder-aspx\\\/\"},{\"@type\":\"ListItem\",\"position\":3,\"name\":\"Product development\"}]},{\"@type\":\"WebSite\",\"@id\":\"https:\\\/\\\/ringstedmaskinfabrik.dk\\\/en\\\/#website\",\"url\":\"https:\\\/\\\/ringstedmaskinfabrik.dk\\\/en\\\/\",\"name\":\"Ringsted Maskinfabrik ApS\",\"description\":\"CNC-fr\u00e6sning, CNC-drejning, pladebearbejdning, svejsning, mekanisk montage m.m.\",\"publisher\":{\"@id\":\"https:\\\/\\\/ringstedmaskinfabrik.dk\\\/en\\\/#organization\"},\"potentialAction\":[{\"@type\":\"SearchAction\",\"target\":{\"@type\":\"EntryPoint\",\"urlTemplate\":\"https:\\\/\\\/ringstedmaskinfabrik.dk\\\/en\\\/?s={search_term_string}\"},\"query-input\":{\"@type\":\"PropertyValueSpecification\",\"valueRequired\":true,\"valueName\":\"search_term_string\"}}],\"inLanguage\":\"en-US\"},{\"@type\":\"Organization\",\"@id\":\"https:\\\/\\\/ringstedmaskinfabrik.dk\\\/en\\\/#organization\",\"name\":\"Ringsted Maskinfabrik ApS\",\"url\":\"https:\\\/\\\/ringstedmaskinfabrik.dk\\\/en\\\/\",\"logo\":{\"@type\":\"ImageObject\",\"inLanguage\":\"en-US\",\"@id\":\"https:\\\/\\\/ringstedmaskinfabrik.dk\\\/en\\\/#\\\/schema\\\/logo\\\/image\\\/\",\"url\":\"https:\\\/\\\/ringstedmaskinfabrik.dk\\\/wp-content\\\/uploads\\\/2025\\\/10\\\/imgi_3_logo-ringstedmaskinfabrik_708.png\",\"contentUrl\":\"https:\\\/\\\/ringstedmaskinfabrik.dk\\\/wp-content\\\/uploads\\\/2025\\\/10\\\/imgi_3_logo-ringstedmaskinfabrik_708.png\",\"width\":230,\"height\":94,\"caption\":\"Ringsted Maskinfabrik ApS\"},\"image\":{\"@id\":\"https:\\\/\\\/ringstedmaskinfabrik.dk\\\/en\\\/#\\\/schema\\\/logo\\\/image\\\/\"}}]}<\/script>\n<!-- \/ Yoast SEO plugin. -->","yoast_head_json":{"title":"Produktudvikling p\u00e5 maskinfabrik i Ringsted | CAD\/ CAM-systemer","description":"Vi stiller os til r\u00e5dighed med vores mange \u00e5rs erfaring samt expertice med hensyn til materialevalg samt forarbejdningsmetode for at opn\u00e5 et godt resultat.\u200bVores dygtige medarbejdere har med en god uddannelse samt en \u00e5relang erfaring en betydelig komp","robots":{"index":"index","follow":"follow","max-snippet":"max-snippet:-1","max-image-preview":"max-image-preview:large","max-video-preview":"max-video-preview:-1"},"canonical":"https:\/\/ringstedmaskinfabrik.dk\/en\/our-services\/product-development\/","og_locale":"en_US","og_type":"article","og_title":"Produktudvikling p\u00e5 maskinfabrik i Ringsted | CAD\/ CAM-systemer","og_description":"Vi stiller os til r\u00e5dighed med vores mange \u00e5rs erfaring samt expertice med hensyn til materialevalg samt forarbejdningsmetode for at opn\u00e5 et godt resultat.\u200bVores dygtige medarbejdere har med en god uddannelse samt en \u00e5relang erfaring en betydelig komp","og_url":"https:\/\/ringstedmaskinfabrik.dk\/en\/our-services\/product-development\/","og_site_name":"Ringsted Maskinfabrik ApS","article_modified_time":"2025-11-07T10:50:11+00:00","twitter_card":"summary_large_image","schema":{"@context":"https:\/\/schema.org","@graph":[{"@type":"WebPage","@id":"https:\/\/ringstedmaskinfabrik.dk\/en\/our-services\/product-development\/","url":"https:\/\/ringstedmaskinfabrik.dk\/en\/our-services\/product-development\/","name":"Produktudvikling p\u00e5 maskinfabrik i Ringsted | CAD\/ CAM-systemer","isPartOf":{"@id":"https:\/\/ringstedmaskinfabrik.dk\/en\/#website"},"datePublished":"2025-10-01T10:44:52+00:00","dateModified":"2025-11-07T10:50:11+00:00","description":"Vi stiller os til r\u00e5dighed med vores mange \u00e5rs erfaring samt expertice med hensyn til materialevalg samt forarbejdningsmetode for at opn\u00e5 et godt resultat.\u200bVores dygtige medarbejdere har med en god uddannelse samt en \u00e5relang erfaring en betydelig komp","breadcrumb":{"@id":"https:\/\/ringstedmaskinfabrik.dk\/en\/our-services\/product-development\/#breadcrumb"},"inLanguage":"en-US","potentialAction":[{"@type":"ReadAction","target":["https:\/\/ringstedmaskinfabrik.dk\/en\/our-services\/product-development\/"]}]},{"@type":"BreadcrumbList","@id":"https:\/\/ringstedmaskinfabrik.dk\/en\/our-services\/product-development\/#breadcrumb","itemListElement":[{"@type":"ListItem","position":1,"name":"Forside","item":"https:\/\/ringstedmaskinfabrik.dk\/en\/"},{"@type":"ListItem","position":2,"name":"Our services","item":"https:\/\/ringstedmaskinfabrik.dk\/en\/vi-tilbyder-aspx\/"},{"@type":"ListItem","position":3,"name":"Product development"}]},{"@type":"WebSite","@id":"https:\/\/ringstedmaskinfabrik.dk\/en\/#website","url":"https:\/\/ringstedmaskinfabrik.dk\/en\/","name":"Ringsted Maskinfabrik ApS","description":"CNC-fr\u00e6sning, CNC-drejning, pladebearbejdning, svejsning, mekanisk montage m.m.","publisher":{"@id":"https:\/\/ringstedmaskinfabrik.dk\/en\/#organization"},"potentialAction":[{"@type":"SearchAction","target":{"@type":"EntryPoint","urlTemplate":"https:\/\/ringstedmaskinfabrik.dk\/en\/?s={search_term_string}"},"query-input":{"@type":"PropertyValueSpecification","valueRequired":true,"valueName":"search_term_string"}}],"inLanguage":"en-US"},{"@type":"Organization","@id":"https:\/\/ringstedmaskinfabrik.dk\/en\/#organization","name":"Ringsted Maskinfabrik ApS","url":"https:\/\/ringstedmaskinfabrik.dk\/en\/","logo":{"@type":"ImageObject","inLanguage":"en-US","@id":"https:\/\/ringstedmaskinfabrik.dk\/en\/#\/schema\/logo\/image\/","url":"https:\/\/ringstedmaskinfabrik.dk\/wp-content\/uploads\/2025\/10\/imgi_3_logo-ringstedmaskinfabrik_708.png","contentUrl":"https:\/\/ringstedmaskinfabrik.dk\/wp-content\/uploads\/2025\/10\/imgi_3_logo-ringstedmaskinfabrik_708.png","width":230,"height":94,"caption":"Ringsted Maskinfabrik ApS"},"image":{"@id":"https:\/\/ringstedmaskinfabrik.dk\/en\/#\/schema\/logo\/image\/"}}]}},"_links":{"self":[{"href":"https:\/\/ringstedmaskinfabrik.dk\/en\/wp-json\/wp\/v2\/pages\/10849","targetHints":{"allow":["GET"]}}],"collection":[{"href":"https:\/\/ringstedmaskinfabrik.dk\/en\/wp-json\/wp\/v2\/pages"}],"about":[{"href":"https:\/\/ringstedmaskinfabrik.dk\/en\/wp-json\/wp\/v2\/types\/page"}],"author":[{"embeddable":true,"href":"https:\/\/ringstedmaskinfabrik.dk\/en\/wp-json\/wp\/v2\/users\/5"}],"replies":[{"embeddable":true,"href":"https:\/\/ringstedmaskinfabrik.dk\/en\/wp-json\/wp\/v2\/comments?post=10849"}],"version-history":[{"count":3,"href":"https:\/\/ringstedmaskinfabrik.dk\/en\/wp-json\/wp\/v2\/pages\/10849\/revisions"}],"predecessor-version":[{"id":10905,"href":"https:\/\/ringstedmaskinfabrik.dk\/en\/wp-json\/wp\/v2\/pages\/10849\/revisions\/10905"}],"up":[{"embeddable":true,"href":"https:\/\/ringstedmaskinfabrik.dk\/en\/wp-json\/wp\/v2\/pages\/10835"}],"wp:attachment":[{"href":"https:\/\/ringstedmaskinfabrik.dk\/en\/wp-json\/wp\/v2\/media?parent=10849"}],"wp:term":[{"taxonomy":"category","embeddable":true,"href":"https:\/\/ringstedmaskinfabrik.dk\/en\/wp-json\/wp\/v2\/categories?post=10849"}],"curies":[{"name":"wp","href":"https:\/\/api.w.org\/{rel}","templated":true}]}}