{"id":10857,"date":"2025-10-01T12:44:52","date_gmt":"2025-10-01T10:44:52","guid":{"rendered":"https:\/\/ringstedmaskinfabrik.dk\/kontakt\/"},"modified":"2025-11-07T11:07:21","modified_gmt":"2025-11-07T10:07:21","slug":"kontakt","status":"publish","type":"page","link":"https:\/\/ringstedmaskinfabrik.dk\/en\/kontakt\/","title":{"rendered":"Kontakt"},"content":{"rendered":"\t\t<div data-elementor-type=\"wp-page\" data-elementor-id=\"10857\" class=\"elementor elementor-10857 elementor-10091\" data-elementor-post-type=\"page\">\n\t\t\t\t<div class=\"elementor-element elementor-element-f2963fe e-flex e-con-boxed e-con e-parent\" data-id=\"f2963fe\" data-element_type=\"container\" data-settings=\"{&quot;background_background&quot;:&quot;classic&quot;}\">\n\t\t\t\t\t<div class=\"e-con-inner\">\n\t\t\t\t\t<\/div>\n\t\t\t\t<\/div>\n\t\t<div class=\"elementor-element elementor-element-c2e1fee e-flex e-con-boxed e-con e-parent\" data-id=\"c2e1fee\" data-element_type=\"container\">\n\t\t\t\t\t<div class=\"e-con-inner\">\n\t\t<div class=\"elementor-element elementor-element-4f753ee e-con-full e-flex e-con e-child\" data-id=\"4f753ee\" data-element_type=\"container\" data-settings=\"{&quot;background_background&quot;:&quot;classic&quot;}\">\n\t\t<div class=\"elementor-element elementor-element-c41ccc9 e-con-full e-flex e-con e-child\" data-id=\"c41ccc9\" data-element_type=\"container\">\n\t\t\t\t<div class=\"elementor-element elementor-element-7b823fe elementor-widget elementor-widget-heading\" data-id=\"7b823fe\" data-element_type=\"widget\" data-widget_type=\"heading.default\">\n\t\t\t\t<div class=\"elementor-widget-container\">\n\t\t\t\t\t<h2 class=\"elementor-heading-title elementor-size-default\">Contact us an get an offer<\/h2>\t\t\t\t<\/div>\n\t\t\t\t<\/div>\n\t\t<div class=\"elementor-element elementor-element-c9f0476 e-con-full e-flex e-con e-child\" data-id=\"c9f0476\" data-element_type=\"container\">\n\t\t\t\t<div class=\"elementor-element elementor-element-7659e7f elementor-widget-tablet__width-initial elementor-widget elementor-widget-text-editor\" data-id=\"7659e7f\" data-element_type=\"widget\" data-widget_type=\"text-editor.default\">\n\t\t\t\t<div class=\"elementor-widget-container\">\n\t\t\t\t\t\t\t\t\t<p><strong>Hans Larsen<br \/>\n<\/strong>Director<br \/>Production- sales<\/p>\n<p>Tlf.:\u00a0<a class=\"custom68\" href=\"tel:+4557610510\">+45 57 61 05 10<\/a><br \/>Direct: <a class=\"custom68\" href=\"tel:+4540786510\">+45 40 78 65 10<\/a><br \/><a class=\"custom68\" href=\"mailto:hl@ringstedmaskinfabrik.dk\">Send mail here \u00bb<\/a><\/p>\n\t\t\t\t\t\t\t\t<\/div>\n\t\t\t\t<\/div>\n\t\t\t\t<div class=\"elementor-element elementor-element-047ef44 elementor-widget-tablet__width-initial elementor-widget elementor-widget-text-editor\" data-id=\"047ef44\" data-element_type=\"widget\" data-widget_type=\"text-editor.default\">\n\t\t\t\t<div class=\"elementor-widget-container\">\n\t\t\t\t\t\t\t\t\t<p><strong>Henrik Lund Christensen<br \/>\n<\/strong>Project Assistant\u200b<\/p>\n<p>Tlf.:\u00a0<a class=\"custom68\" href=\"tel:+4557610510\">+45 57 61 05 10<\/a><br \/><a class=\"custom68\" href=\"mailto:projekt@ringstedmaskinfabrik.dk\">Send mail here \u00bb<\/a><\/p>\n\t\t\t\t\t\t\t\t<\/div>\n\t\t\t\t<\/div>\n\t\t\t\t<div class=\"elementor-element elementor-element-22b78fe elementor-widget elementor-widget-text-editor\" data-id=\"22b78fe\" data-element_type=\"widget\" data-widget_type=\"text-editor.default\">\n\t\t\t\t<div class=\"elementor-widget-container\">\n\t\t\t\t\t\t\t\t\t<p><strong>Roni J\u00f8rgensen<br \/>\n<\/strong>Sales consultant<\/p>\n<p>\u200bTlf.:\u00a0<a class=\"custom68\" href=\"tel:+4557610510\">+45 57 61 05 10<\/a><br \/>\u200b\u200b<a class=\"custom68\" href=\"mailto:sales@ringstedmaskinfabrik.dk?subject=Henvendelse%20fra%20webside\">Send mail here \u00bb<\/a><\/p>\n\t\t\t\t\t\t\t\t<\/div>\n\t\t\t\t<\/div>\n\t\t\t\t<\/div>\n\t\t\t\t<div class=\"elementor-element elementor-element-714dd8e elementor-widget-divider--view-line elementor-widget elementor-widget-divider\" data-id=\"714dd8e\" data-element_type=\"widget\" data-widget_type=\"divider.default\">\n\t\t\t\t<div class=\"elementor-widget-container\">\n\t\t\t\t\t\t\t<div class=\"elementor-divider\">\n\t\t\t<span class=\"elementor-divider-separator\">\n\t\t\t\t\t\t<\/span>\n\t\t<\/div>\n\t\t\t\t\t\t<\/div>\n\t\t\t\t<\/div>\n\t\t<div class=\"elementor-element elementor-element-323d04f e-con-full e-flex e-con e-child\" data-id=\"323d04f\" data-element_type=\"container\">\n\t\t\t\t<div class=\"elementor-element elementor-element-b4f2bbe elementor-widget elementor-widget-text-editor\" data-id=\"b4f2bbe\" data-element_type=\"widget\" data-widget_type=\"text-editor.default\">\n\t\t\t\t<div class=\"elementor-widget-container\">\n\t\t\t\t\t\t\t\t\t<p><strong>\u200b<\/strong><strong>Book keeping<br \/>\n<\/strong>Book keeping &#8211; Secretary<\/p>\n<p>Tlf.:\u00a0<a class=\"custom68\" href=\"tel:+4557610510\">+45 57 61 05 10<\/a><br \/><a class=\"custom68\" href=\"mailto:kontakt@ringstedmaskinfabrik.dk\">Send mail here \u00bb<\/a><\/p>\n\t\t\t\t\t\t\t\t<\/div>\n\t\t\t\t<\/div>\n\t\t\t\t<div class=\"elementor-element elementor-element-3a78337 elementor-widget elementor-widget-text-editor\" data-id=\"3a78337\" data-element_type=\"widget\" data-widget_type=\"text-editor.default\">\n\t\t\t\t<div class=\"elementor-widget-container\">\n\t\t\t\t\t\t\t\t\t<p>\u200b<strong>Regarding orders<br \/>\n<\/strong>On orders please use this e-mail.<\/p>\n<p>\u200b<a class=\"custom68\" href=\"mailto:ordre@ringstedmaskinfabrik.dk\">Send mail here \u00bb<\/a><\/p>\n\t\t\t\t\t\t\t\t<\/div>\n\t\t\t\t<\/div>\n\t\t\t\t<\/div>\n\t\t<div class=\"elementor-element elementor-element-30a644d e-con-full e-flex e-con e-child\" data-id=\"30a644d\" data-element_type=\"container\">\n\t\t<div class=\"elementor-element elementor-element-3bbffdc e-con-full dark e-flex e-con e-child\" data-id=\"3bbffdc\" data-element_type=\"container\" data-settings=\"{&quot;background_background&quot;:&quot;classic&quot;}\">\n\t\t<div class=\"elementor-element elementor-element-ee87f0c e-con-full e-flex e-con e-child\" data-id=\"ee87f0c\" data-element_type=\"container\">\n\t\t\t\t<div class=\"elementor-element elementor-element-f14d164 elementor-widget elementor-widget-heading\" data-id=\"f14d164\" data-element_type=\"widget\" data-widget_type=\"heading.default\">\n\t\t\t\t<div class=\"elementor-widget-container\">\n\t\t\t\t\t<h2 class=\"elementor-heading-title elementor-size-default\">Get an offer here<\/h2>\t\t\t\t<\/div>\n\t\t\t\t<\/div>\n\t\t\t\t<div class=\"elementor-element elementor-element-0f69e82 elementor-widget elementor-widget-text-editor\" data-id=\"0f69e82\" data-element_type=\"widget\" data-widget_type=\"text-editor.default\">\n\t\t\t\t<div class=\"elementor-widget-container\">\n\t\t\t\t\t\t\t\t\t<div class=\"column step-9-12\">\n<div id=\"site-container-19260\" class=\"Container ModuleElement Textarea AutoResizable con-132 \" data-snap=\"1\" data-containertype=\"Textarea\" data-moduleelement=\"11027\">\n<div class=\"Module-11027 Textarea\">\n<p class=\"custom54\">We respond to inquiries within 48 hours. Fields marked with * are required.<\/p>\n<\/div>\n<p><\/div>\n<p><\/div>\n\t\t\t\t\t\t\t\t<\/div>\n\t\t\t\t<\/div>\n\t\t\t\t<\/div>\n\t\t\t\t<div class=\"elementor-element elementor-element-8b3492e elementor-widget elementor-widget-shortcode\" data-id=\"8b3492e\" data-element_type=\"widget\" data-widget_type=\"shortcode.default\">\n\t\t\t\t<div class=\"elementor-widget-container\">\n\t\t\t\t\t\t\t<div class=\"elementor-shortcode\"><form id=\"forminator-module-10811\" class=\"forminator-custom-form forminator-custom-form-10811\" method=\"post\" data-forminator-render=\"0\" data-uid=\"69efb4171e486\"><div role=\"alert\" aria-live=\"polite\" class=\"forminator-response-message forminator-error\" aria-hidden=\"true\"><\/div><\/form><\/div>\n\t\t\t\t\t\t<\/div>\n\t\t\t\t<\/div>\n\t\t\t\t<\/div>\n\t\t\t\t<div class=\"elementor-element elementor-element-59b9165 elementor-widget elementor-widget-google_maps\" data-id=\"59b9165\" data-element_type=\"widget\" data-widget_type=\"google_maps.default\">\n\t\t\t\t<div class=\"elementor-widget-container\">\n\t\t\t\t\t\t\t<div class=\"elementor-custom-embed\">\n\t\t\t<iframe loading=\"lazy\"\n\t\t\t\t\tsrc=\"https:\/\/maps.google.com\/maps?q=%E2%80%8B%E2%80%8BBalstrupvej%2052%2C%20DK-4100%20Ringsted&#038;t=m&#038;z=12&#038;output=embed&#038;iwloc=near\"\n\t\t\t\t\ttitle=\"\u200b\u200bBalstrupvej 52, DK-4100 Ringsted\"\n\t\t\t\t\taria-label=\"\u200b\u200bBalstrupvej 52, DK-4100 Ringsted\"\n\t\t\t><\/iframe>\n\t\t<\/div>\n\t\t\t\t\t\t<\/div>\n\t\t\t\t<\/div>\n\t\t\t\t<\/div>\n\t\t\t\t<\/div>\n\t\t\t\t<\/div>\n\t\t\t\t\t<\/div>\n\t\t\t\t<\/div>\n\t\t\t\t<\/div>\n\t\t","protected":false},"excerpt":{"rendered":"<p>Contact us an get an offer Hans Larsen DirectorProduction- sales Tlf.:\u00a0+45 57 61 05 10Direct: +45 40 78 65 10Send mail here \u00bb Henrik Lund Christensen Project Assistant\u200b Tlf.:\u00a0+45 57 61 05 10Send mail here \u00bb Roni J\u00f8rgensen Sales consultant \u200bTlf.:\u00a0+45 57 61 05 10\u200b\u200bSend mail here \u00bb \u200bBook keeping Book keeping &#8211; Secretary Tlf.:\u00a0+45 &#8230; <a title=\"Kontakt\" class=\"read-more\" href=\"https:\/\/ringstedmaskinfabrik.dk\/en\/kontakt\/\" aria-label=\"Read more about Kontakt\">Read more<\/a><\/p>\n","protected":false},"author":5,"featured_media":0,"parent":0,"menu_order":1005,"comment_status":"closed","ping_status":"closed","template":"","meta":{"_acf_changed":false,"footnotes":""},"categories":[],"class_list":["post-10857","page","type-page","status-publish"],"acf":[],"yoast_head":"<!-- This site is optimized with the Yoast SEO plugin v27.4 - https:\/\/yoast.com\/product\/yoast-seo-wordpress\/ -->\n<title>Kontakt maskinfabrik i Ringsted | CNC-fr\u00e6sning &amp; CNC-drejning<\/title>\n<meta name=\"description\" content=\"Vi kan tilbyde en god l\u00f8sning der passer til jeres projekt, vi kan h\u00e5ndtere hele processen, hvilket betyder at i kun skal forholde jer til en underleverand\u00f8r.\" \/>\n<meta name=\"robots\" content=\"index, follow, max-snippet:-1, max-image-preview:large, max-video-preview:-1\" \/>\n<link rel=\"canonical\" href=\"https:\/\/ringstedmaskinfabrik.dk\/en\/kontakt\/\" \/>\n<meta property=\"og:locale\" content=\"en_US\" \/>\n<meta property=\"og:type\" content=\"article\" \/>\n<meta property=\"og:title\" content=\"Kontakt maskinfabrik i Ringsted | CNC-fr\u00e6sning &amp; CNC-drejning\" \/>\n<meta property=\"og:description\" content=\"Vi kan tilbyde en god l\u00f8sning der passer til jeres projekt, vi kan h\u00e5ndtere hele processen, hvilket betyder at i kun skal forholde jer til en underleverand\u00f8r.\" \/>\n<meta property=\"og:url\" content=\"https:\/\/ringstedmaskinfabrik.dk\/en\/kontakt\/\" \/>\n<meta property=\"og:site_name\" content=\"Ringsted Maskinfabrik ApS\" \/>\n<meta property=\"article:modified_time\" content=\"2025-11-07T10:07:21+00:00\" \/>\n<meta name=\"twitter:card\" content=\"summary_large_image\" \/>\n<script type=\"application\/ld+json\" class=\"yoast-schema-graph\">{\"@context\":\"https:\\\/\\\/schema.org\",\"@graph\":[{\"@type\":\"WebPage\",\"@id\":\"https:\\\/\\\/ringstedmaskinfabrik.dk\\\/en\\\/kontakt\\\/\",\"url\":\"https:\\\/\\\/ringstedmaskinfabrik.dk\\\/en\\\/kontakt\\\/\",\"name\":\"Kontakt maskinfabrik i Ringsted | CNC-fr\u00e6sning & CNC-drejning\",\"isPartOf\":{\"@id\":\"https:\\\/\\\/ringstedmaskinfabrik.dk\\\/en\\\/#website\"},\"datePublished\":\"2025-10-01T10:44:52+00:00\",\"dateModified\":\"2025-11-07T10:07:21+00:00\",\"description\":\"Vi kan tilbyde en god l\u00f8sning der passer til jeres projekt, vi kan h\u00e5ndtere hele processen, hvilket betyder at i kun skal forholde jer til en underleverand\u00f8r.\",\"breadcrumb\":{\"@id\":\"https:\\\/\\\/ringstedmaskinfabrik.dk\\\/en\\\/kontakt\\\/#breadcrumb\"},\"inLanguage\":\"en-US\",\"potentialAction\":[{\"@type\":\"ReadAction\",\"target\":[\"https:\\\/\\\/ringstedmaskinfabrik.dk\\\/en\\\/kontakt\\\/\"]}]},{\"@type\":\"BreadcrumbList\",\"@id\":\"https:\\\/\\\/ringstedmaskinfabrik.dk\\\/en\\\/kontakt\\\/#breadcrumb\",\"itemListElement\":[{\"@type\":\"ListItem\",\"position\":1,\"name\":\"Forside\",\"item\":\"https:\\\/\\\/ringstedmaskinfabrik.dk\\\/en\\\/\"},{\"@type\":\"ListItem\",\"position\":2,\"name\":\"Kontakt\"}]},{\"@type\":\"WebSite\",\"@id\":\"https:\\\/\\\/ringstedmaskinfabrik.dk\\\/en\\\/#website\",\"url\":\"https:\\\/\\\/ringstedmaskinfabrik.dk\\\/en\\\/\",\"name\":\"Ringsted Maskinfabrik ApS\",\"description\":\"CNC-fr\u00e6sning, CNC-drejning, pladebearbejdning, svejsning, mekanisk montage m.m.\",\"publisher\":{\"@id\":\"https:\\\/\\\/ringstedmaskinfabrik.dk\\\/en\\\/#organization\"},\"potentialAction\":[{\"@type\":\"SearchAction\",\"target\":{\"@type\":\"EntryPoint\",\"urlTemplate\":\"https:\\\/\\\/ringstedmaskinfabrik.dk\\\/en\\\/?s={search_term_string}\"},\"query-input\":{\"@type\":\"PropertyValueSpecification\",\"valueRequired\":true,\"valueName\":\"search_term_string\"}}],\"inLanguage\":\"en-US\"},{\"@type\":\"Organization\",\"@id\":\"https:\\\/\\\/ringstedmaskinfabrik.dk\\\/en\\\/#organization\",\"name\":\"Ringsted Maskinfabrik ApS\",\"url\":\"https:\\\/\\\/ringstedmaskinfabrik.dk\\\/en\\\/\",\"logo\":{\"@type\":\"ImageObject\",\"inLanguage\":\"en-US\",\"@id\":\"https:\\\/\\\/ringstedmaskinfabrik.dk\\\/en\\\/#\\\/schema\\\/logo\\\/image\\\/\",\"url\":\"https:\\\/\\\/ringstedmaskinfabrik.dk\\\/wp-content\\\/uploads\\\/2025\\\/10\\\/imgi_3_logo-ringstedmaskinfabrik_708.png\",\"contentUrl\":\"https:\\\/\\\/ringstedmaskinfabrik.dk\\\/wp-content\\\/uploads\\\/2025\\\/10\\\/imgi_3_logo-ringstedmaskinfabrik_708.png\",\"width\":230,\"height\":94,\"caption\":\"Ringsted Maskinfabrik ApS\"},\"image\":{\"@id\":\"https:\\\/\\\/ringstedmaskinfabrik.dk\\\/en\\\/#\\\/schema\\\/logo\\\/image\\\/\"}}]}<\/script>\n<!-- \/ Yoast SEO plugin. -->","yoast_head_json":{"title":"Kontakt maskinfabrik i Ringsted | CNC-fr\u00e6sning & CNC-drejning","description":"Vi kan tilbyde en god l\u00f8sning der passer til jeres projekt, vi kan h\u00e5ndtere hele processen, hvilket betyder at i kun skal forholde jer til en underleverand\u00f8r.","robots":{"index":"index","follow":"follow","max-snippet":"max-snippet:-1","max-image-preview":"max-image-preview:large","max-video-preview":"max-video-preview:-1"},"canonical":"https:\/\/ringstedmaskinfabrik.dk\/en\/kontakt\/","og_locale":"en_US","og_type":"article","og_title":"Kontakt maskinfabrik i Ringsted | CNC-fr\u00e6sning & CNC-drejning","og_description":"Vi kan tilbyde en god l\u00f8sning der passer til jeres projekt, vi kan h\u00e5ndtere hele processen, hvilket betyder at i kun skal forholde jer til en underleverand\u00f8r.","og_url":"https:\/\/ringstedmaskinfabrik.dk\/en\/kontakt\/","og_site_name":"Ringsted Maskinfabrik ApS","article_modified_time":"2025-11-07T10:07:21+00:00","twitter_card":"summary_large_image","schema":{"@context":"https:\/\/schema.org","@graph":[{"@type":"WebPage","@id":"https:\/\/ringstedmaskinfabrik.dk\/en\/kontakt\/","url":"https:\/\/ringstedmaskinfabrik.dk\/en\/kontakt\/","name":"Kontakt maskinfabrik i Ringsted | CNC-fr\u00e6sning & CNC-drejning","isPartOf":{"@id":"https:\/\/ringstedmaskinfabrik.dk\/en\/#website"},"datePublished":"2025-10-01T10:44:52+00:00","dateModified":"2025-11-07T10:07:21+00:00","description":"Vi kan tilbyde en god l\u00f8sning der passer til jeres projekt, vi kan h\u00e5ndtere hele processen, hvilket betyder at i kun skal forholde jer til en underleverand\u00f8r.","breadcrumb":{"@id":"https:\/\/ringstedmaskinfabrik.dk\/en\/kontakt\/#breadcrumb"},"inLanguage":"en-US","potentialAction":[{"@type":"ReadAction","target":["https:\/\/ringstedmaskinfabrik.dk\/en\/kontakt\/"]}]},{"@type":"BreadcrumbList","@id":"https:\/\/ringstedmaskinfabrik.dk\/en\/kontakt\/#breadcrumb","itemListElement":[{"@type":"ListItem","position":1,"name":"Forside","item":"https:\/\/ringstedmaskinfabrik.dk\/en\/"},{"@type":"ListItem","position":2,"name":"Kontakt"}]},{"@type":"WebSite","@id":"https:\/\/ringstedmaskinfabrik.dk\/en\/#website","url":"https:\/\/ringstedmaskinfabrik.dk\/en\/","name":"Ringsted Maskinfabrik ApS","description":"CNC-fr\u00e6sning, CNC-drejning, pladebearbejdning, svejsning, mekanisk montage m.m.","publisher":{"@id":"https:\/\/ringstedmaskinfabrik.dk\/en\/#organization"},"potentialAction":[{"@type":"SearchAction","target":{"@type":"EntryPoint","urlTemplate":"https:\/\/ringstedmaskinfabrik.dk\/en\/?s={search_term_string}"},"query-input":{"@type":"PropertyValueSpecification","valueRequired":true,"valueName":"search_term_string"}}],"inLanguage":"en-US"},{"@type":"Organization","@id":"https:\/\/ringstedmaskinfabrik.dk\/en\/#organization","name":"Ringsted Maskinfabrik ApS","url":"https:\/\/ringstedmaskinfabrik.dk\/en\/","logo":{"@type":"ImageObject","inLanguage":"en-US","@id":"https:\/\/ringstedmaskinfabrik.dk\/en\/#\/schema\/logo\/image\/","url":"https:\/\/ringstedmaskinfabrik.dk\/wp-content\/uploads\/2025\/10\/imgi_3_logo-ringstedmaskinfabrik_708.png","contentUrl":"https:\/\/ringstedmaskinfabrik.dk\/wp-content\/uploads\/2025\/10\/imgi_3_logo-ringstedmaskinfabrik_708.png","width":230,"height":94,"caption":"Ringsted Maskinfabrik ApS"},"image":{"@id":"https:\/\/ringstedmaskinfabrik.dk\/en\/#\/schema\/logo\/image\/"}}]}},"_links":{"self":[{"href":"https:\/\/ringstedmaskinfabrik.dk\/en\/wp-json\/wp\/v2\/pages\/10857","targetHints":{"allow":["GET"]}}],"collection":[{"href":"https:\/\/ringstedmaskinfabrik.dk\/en\/wp-json\/wp\/v2\/pages"}],"about":[{"href":"https:\/\/ringstedmaskinfabrik.dk\/en\/wp-json\/wp\/v2\/types\/page"}],"author":[{"embeddable":true,"href":"https:\/\/ringstedmaskinfabrik.dk\/en\/wp-json\/wp\/v2\/users\/5"}],"replies":[{"embeddable":true,"href":"https:\/\/ringstedmaskinfabrik.dk\/en\/wp-json\/wp\/v2\/comments?post=10857"}],"version-history":[{"count":1,"href":"https:\/\/ringstedmaskinfabrik.dk\/en\/wp-json\/wp\/v2\/pages\/10857\/revisions"}],"predecessor-version":[{"id":10858,"href":"https:\/\/ringstedmaskinfabrik.dk\/en\/wp-json\/wp\/v2\/pages\/10857\/revisions\/10858"}],"wp:attachment":[{"href":"https:\/\/ringstedmaskinfabrik.dk\/en\/wp-json\/wp\/v2\/media?parent=10857"}],"wp:term":[{"taxonomy":"category","embeddable":true,"href":"https:\/\/ringstedmaskinfabrik.dk\/en\/wp-json\/wp\/v2\/categories?post=10857"}],"curies":[{"name":"wp","href":"https:\/\/api.w.org\/{rel}","templated":true}]}}